{"id":442,"date":"2022-04-04T16:21:44","date_gmt":"2022-04-04T14:21:44","guid":{"rendered":"https:\/\/roulettes.vaniseo.top\/index.php\/produit\/patere-moderne-design-crochet-double-dore\/"},"modified":"2022-04-04T17:20:55","modified_gmt":"2022-04-04T15:20:55","slug":"patere-moderne-design-crochet-double-dore","status":"publish","type":"product","link":"https:\/\/roulettes.vaniseo.top\/index.php\/produit\/patere-moderne-design-crochet-double-dore\/","title":{"rendered":"Pat\u00e8re moderne design crochet double dor\u00e9"},"content":{"rendered":"<h4>Pat\u00e8re moderne design crochet double dor\u00e9.<\/h4>\n<p>_x000D_nCette pat\u00e8re moderne design comporte un crochet double dor\u00e9 et est id\u00e9al pour la cuisine ou la salle de bain._x000D_n_x000D_n<strong>Porte-manteau<\/strong>\u00a0moderne design dor\u00e9\u00a0en alliage de zinc qui peut servir de porte-\u00e9charpe ou porte-v\u00eatement._x000D_n_x000D_nDe ce fait, il est de couleur <em><strong>aluminium or<\/strong><\/em>\u00a0avec une forme douce et pratique._x000D_n_x000D_nCompos\u00e9 de\u00a0deux accroches simples, il comporte un syst\u00e8me d&rsquo;accrochage avec deux emplacements pour des vis. Vis et chevilles fournies._x000D_n_x000D_nCe crochet double\u00a0s&rsquo;adaptera facilement \u00e0 toute d\u00e9coration int\u00e9rieure et saura se faire discret mais indispensable._x000D_n_x000D_nIl est facile \u00e0 poser mais n\u00e9cessite un tournevis._x000D_n<\/p>\n<h4>Dimensions :<\/h4>\n<p>_x000D_n<\/p>\n<ul>_x000D_n \t<\/p>\n<li>Largeur de la base de la pat\u00e8re 2,4 cm<\/li>\n<p>_x000D_n \t<\/p>\n<li>Ecartement du mur 2,5 cm<\/li>\n<p>_x000D_n \t<\/p>\n<li>Ecartement entre les deux crochets 5,3 cm<\/li>\n<p>_x000D_n \t<\/p>\n<li>Hauteur totale 5 cm<\/li>\n<p>_x000D_n<\/ul>\n","protected":false},"excerpt":{"rendered":"<p><strong>Porte-manteau<\/strong>\u00a0moderne design dor\u00e9\u00a0en alliage de zinc qui peut servir de porte-\u00e9charpe ou porte-v\u00eatement.\u00a0Il est de <em><strong>couleur or brillant<\/strong><\/em>\u00a0avec une forme douce et pratique. Vendu avec ses vis et ses chevilles de fixation, il sera facile \u00e0 poser sur une planche de bois ou directement au mur.<\/p>\n","protected":false},"featured_media":1920,"comment_status":"closed","ping_status":"open","template":"","meta":[],"product_cat":[19,20,21,22,17,23],"product_tag":[37],"class_list":["post-442","product","type-product","status-publish","has-post-thumbnail","hentry","product_cat-collectivite","product_cat-cuisine","product_cat-entreprise","product_cat-pro","product_cat-salle-de-bain","product_cat-toilette-wc","product_tag-crochet-patere-patere-design-patere-murale-patere-porte-pateres-porte-chapeau-porte-serviette-porte-torchon-vestiaire","description-off"],"_links":{"self":[{"href":"https:\/\/roulettes.vaniseo.top\/index.php\/wp-json\/wp\/v2\/product\/442","targetHints":{"allow":["GET"]}}],"collection":[{"href":"https:\/\/roulettes.vaniseo.top\/index.php\/wp-json\/wp\/v2\/product"}],"about":[{"href":"https:\/\/roulettes.vaniseo.top\/index.php\/wp-json\/wp\/v2\/types\/product"}],"replies":[{"embeddable":true,"href":"https:\/\/roulettes.vaniseo.top\/index.php\/wp-json\/wp\/v2\/comments?post=442"}],"version-history":[{"count":0,"href":"https:\/\/roulettes.vaniseo.top\/index.php\/wp-json\/wp\/v2\/product\/442\/revisions"}],"wp:featuredmedia":[{"embeddable":true,"href":"https:\/\/roulettes.vaniseo.top\/index.php\/wp-json\/wp\/v2\/media\/1920"}],"wp:attachment":[{"href":"https:\/\/roulettes.vaniseo.top\/index.php\/wp-json\/wp\/v2\/media?parent=442"}],"wp:term":[{"taxonomy":"product_cat","embeddable":true,"href":"https:\/\/roulettes.vaniseo.top\/index.php\/wp-json\/wp\/v2\/product_cat?post=442"},{"taxonomy":"product_tag","embeddable":true,"href":"https:\/\/roulettes.vaniseo.top\/index.php\/wp-json\/wp\/v2\/product_tag?post=442"}],"curies":[{"name":"wp","href":"https:\/\/api.w.org\/{rel}","templated":true}]}}