{"id":443,"date":"2022-04-04T16:21:44","date_gmt":"2022-04-04T14:21:44","guid":{"rendered":"https:\/\/roulettes.vaniseo.top\/index.php\/produit\/patere-star-wars-blanche-4-boutons-soldats\/"},"modified":"2022-04-04T17:20:56","modified_gmt":"2022-04-04T15:20:56","slug":"patere-star-wars-blanche-4-boutons-soldats","status":"publish","type":"product","link":"https:\/\/roulettes.vaniseo.top\/index.php\/produit\/patere-star-wars-blanche-4-boutons-soldats\/","title":{"rendered":"Pat\u00e8re STAR WARS blanche 4 boutons soldats"},"content":{"rendered":"<h3>Porte manteau Star Wars blanc avec 4 boutons soldats<\/h3>\n<p>_x000D_n1001 Pat\u00e8res vous propose de d\u00e9couvrir conseils et descriptif technique de la <strong>Pat\u00e8re STAR WARS blanche \u00e0 4 boutons soldats<\/strong> de la marque <a href=\"https:\/\/1001pateres.com\/brand\/nesu\/\">NESU<\/a>._x000D_n_x000D_nEn effet, ce porte manteau\u00a0<strong>STAR WARS<\/strong> comporte 4 pat\u00e8res. Il\u00a0est en <strong>plastique r\u00e9sistant<\/strong> et les <strong>d\u00e9cors sont imprim\u00e9s dans la masse<\/strong>. Gr\u00e2ce \u00e0 cette forme, vous ne d\u00e9formerez pas les v\u00eatements et accessoires que vous suspendrez dessus. Ainsi, aucune excuse pour ne pas s&rsquo;en servir. A vous une <strong>maison mieux rang\u00e9e, plus claire, plus nette<\/strong>._x000D_n_x000D_nC\u00f4t\u00e9 qualit\u00e9, la marque NESU est l&rsquo;une des mieux repr\u00e9sent\u00e9es sur notre site gr\u00e2ce \u00e0 une belle qualit\u00e9 et de belles finitions pour chacun de ses produits. Vous retrouvez d&rsquo;ailleurs une <a href=\"https:\/\/1001pateres.com\/produit\/patere-bois-3-crochets-pin-verni-naturel\/\">collection <strong>classique en pin<\/strong> vernis<\/a> avec boutons ronds, une <strong>en bois ou en <a href=\"https:\/\/1001pateres.com\/produit\/patere-vintage-new-york\/\">m\u00e9tal peint<\/a> avec des imprim\u00e9s<\/strong> ultra stylis\u00e9s, ou encore de nombreuses r\u00e9f\u00e9rences dans cet esprit pour la chambre des enfants (<a href=\"https:\/\/1001pateres.com\/produit\/porte-manteaux-bois-blanc-nuages-roses\/\">nuages<\/a>, ours, \u00e9toiles&#8230;)._x000D_n_x000D_n&nbsp;_x000D_n<\/p>\n<h3>Pat\u00e8re Star Wars sign\u00e9e NESU<\/h3>\n<p>_x000D_nEn revanche, c\u00f4t\u00e9 super h\u00e9ros, seul STAR WARS est repr\u00e9sent\u00e9 par NESU. Pour autant son syst\u00e8me d&rsquo;<strong>accrochage<\/strong> est identique aux restes des produits de la marque:<strong> simple, au dos du support et non visible<\/strong> une fois pos\u00e9 sur le mur. <span style=\"line-height: 1.5\">La fixation\u00a0au mur de la pat\u00e8re STAR WARS se fait avec 2 vis. <strong>Vis et chevilles sont fournies<\/strong>. Sa pose n\u00e9cessite donc l&rsquo;usage d&rsquo;une <strong>perceuse<\/strong>.<\/span>_x000D_n_x000D_nComme nos pr\u00e9c\u00e9dents clients, vous retiendrez ce porte manteau pour son <strong>originalit\u00e9<\/strong>, sa <strong>belle qualit\u00e9<\/strong> de d\u00e9cors imprim\u00e9s et ses <strong>belles finitions<\/strong>.\u00a0<span style=\"line-height: 1.5\">Il\u00a0permet sans aucun doute une touche de modernit\u00e9, d&rsquo;originalit\u00e9 dans toute sorte de pi\u00e8ce de la maison d\u00e9cor\u00e9e dans l&rsquo;esprit \u00ab\u00a0Retour du Jedi\u00a0\u00bb.<\/span>_x000D_n_x000D_nVeuillez pour finir prendre note de ses <strong>dimensions<\/strong> globales ci-dessous, afin d&rsquo;anticiper son installation:_x000D_n<\/p>\n<ul>_x000D_n \t<\/p>\n<li>Le support blanc plastique: 41 X 6 cm, \u00e9paisseur 1,5 cm<\/li>\n<p>_x000D_n \t<\/p>\n<li>Chaque pat\u00e8re soldat teint\u00e9e dans la masse: 8,5 X 4,8 cm,<\/li>\n<p>_x000D_n \t<\/p>\n<li>Ecartement du support 4,2 cm<\/li>\n<p>_x000D_n<\/ul>\n","protected":false},"excerpt":{"rendered":"<p>Ce porte-manteaux <strong>STAR WARS<\/strong> comportant 4 pat\u00e8res de la marque <em><strong>NESU<\/strong><\/em> est en plastique r\u00e9sistant\u00a0et est \u00e0 poser partout dans la <em>chambre d&rsquo;enfant<\/em> pour ne plus voir trainer ses affaires. Son\u00a0syst\u00e8me d&rsquo;accrochage est simple, au dos du support et non visible une fois pos\u00e9e sur le mur. Il\u00a0est original et de belle qualit\u00e9 en PVC.<\/p>\n","protected":false},"featured_media":770,"comment_status":"closed","ping_status":"open","template":"","meta":[],"product_cat":[16,17],"product_tag":[25],"class_list":["post-443","product","type-product","status-publish","has-post-thumbnail","hentry","product_cat-chambre-enfant","product_cat-salle-de-bain","product_tag-crochet-patere-patere-design-patere-murale-patere-porte-pateres-porte-manteau-porte-serviette-porte-torchon-vestiaire","description-off"],"_links":{"self":[{"href":"https:\/\/roulettes.vaniseo.top\/index.php\/wp-json\/wp\/v2\/product\/443","targetHints":{"allow":["GET"]}}],"collection":[{"href":"https:\/\/roulettes.vaniseo.top\/index.php\/wp-json\/wp\/v2\/product"}],"about":[{"href":"https:\/\/roulettes.vaniseo.top\/index.php\/wp-json\/wp\/v2\/types\/product"}],"replies":[{"embeddable":true,"href":"https:\/\/roulettes.vaniseo.top\/index.php\/wp-json\/wp\/v2\/comments?post=443"}],"version-history":[{"count":0,"href":"https:\/\/roulettes.vaniseo.top\/index.php\/wp-json\/wp\/v2\/product\/443\/revisions"}],"wp:featuredmedia":[{"embeddable":true,"href":"https:\/\/roulettes.vaniseo.top\/index.php\/wp-json\/wp\/v2\/media\/770"}],"wp:attachment":[{"href":"https:\/\/roulettes.vaniseo.top\/index.php\/wp-json\/wp\/v2\/media?parent=443"}],"wp:term":[{"taxonomy":"product_cat","embeddable":true,"href":"https:\/\/roulettes.vaniseo.top\/index.php\/wp-json\/wp\/v2\/product_cat?post=443"},{"taxonomy":"product_tag","embeddable":true,"href":"https:\/\/roulettes.vaniseo.top\/index.php\/wp-json\/wp\/v2\/product_tag?post=443"}],"curies":[{"name":"wp","href":"https:\/\/api.w.org\/{rel}","templated":true}]}}