{"id":444,"date":"2022-04-04T16:21:44","date_gmt":"2022-04-04T14:21:44","guid":{"rendered":"https:\/\/roulettes.vaniseo.top\/index.php\/produit\/patere-murale-blanche-et-4-ours-roses\/"},"modified":"2022-04-04T17:20:57","modified_gmt":"2022-04-04T15:20:57","slug":"patere-murale-blanche-et-4-ours-roses","status":"publish","type":"product","link":"https:\/\/roulettes.vaniseo.top\/index.php\/produit\/patere-murale-blanche-et-4-ours-roses\/","title":{"rendered":"Pat\u00e8re murale blanche et 4 ours roses"},"content":{"rendered":"<h3>Porte manteau blanc plastique avec 4 ours roses en bois laqu\u00e9<\/h3>\n<p>_x000D_n1001 Pat\u00e8res vous propose de d\u00e9couvrir ici toutes les informations concernant cette <strong>pat\u00e8re murale blanche et 4 ours roses<\/strong> de la marque <a href=\"https:\/\/1001pateres.com\/brand\/nesu\/\"><strong>NESU<\/strong><\/a>._x000D_n_x000D_nCe porte manteau blanc est en <strong>plastique r\u00e9sistant<\/strong>. Il comporte <strong>4 pat\u00e8res<\/strong> en forme d&rsquo;<strong>ours roses, en bois laqu\u00e9<\/strong>. Tout d&rsquo;abord, selon ce colori, il s&rsquo;adapte davantage \u00e0 une <strong>fille<\/strong>. De par ses formes, il convient de l&rsquo;installer plut\u00f4t dans la <strong>chambre d&rsquo;une petite fille<\/strong>, ou dans la <strong>salle de bain<\/strong> vers sa table \u00e0 langer par exemple. Ce type de suspension est id\u00e9al pour <strong>ne pas d\u00e9former les v\u00eatements et accessoires<\/strong>, et bien s\u00fbr pour<strong> mieux ranger<\/strong> chaque espace de la maison._x000D_n_x000D_n&nbsp;_x000D_n<\/p>\n<h3>Pat\u00e8re murale blanche sign\u00e9e NESU<\/h3>\n<p>_x000D_nC\u00f4t\u00e9 produit, vous aimerez la qualit\u00e9 des r\u00e9f\u00e9rences de la marque <strong>NESU<\/strong>. C&rsquo;est l&rsquo;une des plus repr\u00e9sent\u00e9es chez 1001 Pat\u00e8res. Du classique en pin vernis avec pat\u00e8res \u00e0 boules, en passant par le vintage en m\u00e9tal, ou encore le bois peint imprim\u00e9 patchwork, toutes ont des finitions parfaites._x000D_n_x000D_nEn effet, le syst\u00e8me d&rsquo;accrochage est simple, au dos du support et non visible une fois pos\u00e9 sur le mur. <span style=\"line-height: 1.5\"><strong>2 vis et chevilles incluses<\/strong> permettent la<\/span><span style=\"line-height: 1.5\">\u00a0fixation\u00a0au mur de cette pat\u00e8re murale blanche et 4 ours roses. Bien s\u00fbr sa pose n\u00e9cessite l&rsquo;usage d&rsquo;une perceuse.<\/span>_x000D_n_x000D_nNos clients choisissent donc ce porte manteau pour son <strong>efficacit\u00e9<\/strong>, sa <strong>belle qualit\u00e9<\/strong> et ses <strong>finitions id\u00e9ales<\/strong>.\u00a0<span style=\"line-height: 1.5\">Il\u00a0permet ainsi une touche de <strong>douceur<\/strong> dans la chambre de votre b\u00e9b\u00e9, tout en offrant <strong>rangement<\/strong> et <strong>utilit\u00e9<\/strong>. Disponible \u00e9galement couleur <a href=\"https:\/\/1001pateres.com\/produit\/patere-ours-sable\/\">sable<\/a>, <a href=\"https:\/\/1001pateres.com\/produit\/patere-ours-bleu\/\">bleue<\/a>, et\u00a0<a href=\"https:\/\/1001pateres.com\/produit\/patere-ours-blanc\/\">blanc<\/a>.<\/span>_x000D_n_x000D_n<span style=\"line-height: 1.5\">Enfin, voici ses dimensions sp\u00e9cifiques:<\/span>_x000D_n<\/p>\n<ul>_x000D_n \t<\/p>\n<li>Le support en plastique blanc: 41 cm X 6 cm, \u00e9paisseur 1,5 cm<\/li>\n<p>_x000D_n \t<\/p>\n<li>Chaque pat\u00e8re ours rose en bois laqu\u00e9: 6,5 cm X 5,7 cm,<\/li>\n<p>_x000D_n \t<\/p>\n<li>Ecartement du support: 4,9 cm<\/li>\n<p>_x000D_n<\/ul>\n<p>_x000D_nN&rsquo;h\u00e9sitez pas \u00e0 nous contacter pour toutes questions compl\u00e9mentaires via le formulaire disponible en page Contact.<\/p>\n","protected":false},"excerpt":{"rendered":"<p>Ce porte-manteaux <strong>OURS ROSE<\/strong> comportant 4 pat\u00e8res de la marque <em><strong>NESU<\/strong><\/em> est en plastique r\u00e9sistant\u00a0et en bois laqu\u00e9. Il est \u00e0 poser partout dans la chambre de b\u00e9b\u00e9 pour ne plus voir trainer ses affaires. Son\u00a0syst\u00e8me d&rsquo;accrochage est simple, au dos du support et non visible une fois pos\u00e9e sur le mur. Il\u00a0est original et de belle qualit\u00e9 en PVC pour le support et en bois laqu\u00e9 pour les pat\u00e8res.<\/p>\n","protected":false},"featured_media":1926,"comment_status":"closed","ping_status":"open","template":"","meta":[],"product_cat":[16,17],"product_tag":[25],"class_list":["post-444","product","type-product","status-publish","has-post-thumbnail","hentry","product_cat-chambre-enfant","product_cat-salle-de-bain","product_tag-crochet-patere-patere-design-patere-murale-patere-porte-pateres-porte-manteau-porte-serviette-porte-torchon-vestiaire","description-off"],"_links":{"self":[{"href":"https:\/\/roulettes.vaniseo.top\/index.php\/wp-json\/wp\/v2\/product\/444","targetHints":{"allow":["GET"]}}],"collection":[{"href":"https:\/\/roulettes.vaniseo.top\/index.php\/wp-json\/wp\/v2\/product"}],"about":[{"href":"https:\/\/roulettes.vaniseo.top\/index.php\/wp-json\/wp\/v2\/types\/product"}],"replies":[{"embeddable":true,"href":"https:\/\/roulettes.vaniseo.top\/index.php\/wp-json\/wp\/v2\/comments?post=444"}],"version-history":[{"count":0,"href":"https:\/\/roulettes.vaniseo.top\/index.php\/wp-json\/wp\/v2\/product\/444\/revisions"}],"wp:featuredmedia":[{"embeddable":true,"href":"https:\/\/roulettes.vaniseo.top\/index.php\/wp-json\/wp\/v2\/media\/1926"}],"wp:attachment":[{"href":"https:\/\/roulettes.vaniseo.top\/index.php\/wp-json\/wp\/v2\/media?parent=444"}],"wp:term":[{"taxonomy":"product_cat","embeddable":true,"href":"https:\/\/roulettes.vaniseo.top\/index.php\/wp-json\/wp\/v2\/product_cat?post=444"},{"taxonomy":"product_tag","embeddable":true,"href":"https:\/\/roulettes.vaniseo.top\/index.php\/wp-json\/wp\/v2\/product_tag?post=444"}],"curies":[{"name":"wp","href":"https:\/\/api.w.org\/{rel}","templated":true}]}}