{"id":445,"date":"2022-04-04T16:21:44","date_gmt":"2022-04-04T14:21:44","guid":{"rendered":"https:\/\/roulettes.vaniseo.top\/index.php\/produit\/patere-murale-bleue-avec-etoiles-a-points-blancs\/"},"modified":"2022-04-04T17:20:57","modified_gmt":"2022-04-04T15:20:57","slug":"patere-murale-bleue-avec-etoiles-a-points-blancs","status":"publish","type":"product","link":"https:\/\/roulettes.vaniseo.top\/index.php\/produit\/patere-murale-bleue-avec-etoiles-a-points-blancs\/","title":{"rendered":"Pat\u00e8re murale bleue avec \u00e9toiles \u00e0 points blancs"},"content":{"rendered":"<h3>Porte manteau mural bleu avec 4 \u00e9toiles bleues \u00e0 points blancs<\/h3>\n<p>_x000D_n1001 Pat\u00e8res vous propose de conna\u00eetre ci dessous l&rsquo;ensemble des informations concernant la <strong>pat\u00e8re\u00a0murale bleue avec \u00e9toiles \u00e0 points blancs<\/strong>, de chez NESU._x000D_n_x000D_nD&rsquo;ailleurs, <a href=\"https:\/\/1001pateres.com\/brand\/nesu\/\">NESU<\/a> est l&rsquo;une des marques les plus mises en avant chez 1001 Pat\u00e8res de pars ses styles vari\u00e9s. En effet, deux grandes collections permettent de r\u00e9pondre \u00e0 la plupart de vos recherches sur notre site._x000D_n_x000D_nPar exemple, la premi\u00e8re est la collection de <strong>pat\u00e8res passe partout<\/strong> que nous tous, avons d\u00e9j\u00e0 eu chez nous, au moins une fois. Il s&rsquo;agit du classique <strong>porte manteau en pin<\/strong> <a href=\"https:\/\/1001pateres.com\/produit\/patere-bois-3-crochets-pin-verni-miel\/\">vernis miel<\/a>, naturel, blanc laqu\u00e9 ou blanc d\u00e9cap\u00e9. Cette collection est tr\u00e8s appr\u00e9ci\u00e9e car les <strong>boules ne d\u00e9forment pas les v\u00eatements<\/strong>._x000D_n_x000D_nEnsuite, la seconde est plus design et moderne. En m\u00e9tal ou en bois peint, le support porte aussi un imprim\u00e9 moderne, type patchwork, ou avec des motifs enfantins ou luxe, selon les r\u00e9f\u00e9rences._x000D_n_x000D_n&nbsp;_x000D_n<\/p>\n<h3>Pat\u00e8re murale bleue pour chambre d&rsquo;enfant ou nouveau n\u00e9<\/h3>\n<p>_x000D_nIci, la pat\u00e8re suit cette id\u00e9e avec un <strong>support en plastique et des pat\u00e8res en bois laqu\u00e9<\/strong>. Retrouvez aussi dans le m\u00eame esprit cette pat\u00e8re avec des <a href=\"https:\/\/1001pateres.com\/produit\/patere-originale-autocollante-nuage-bleu\/\">nuages<\/a>, des <a href=\"https:\/\/1001pateres.com\/produit\/patere-etoiles-grises\/\">\u00e9toiles<\/a> ou des <a href=\"https:\/\/1001pateres.com\/produit\/patere-ours-sable\/\">ours<\/a>. Ind\u00e9niablement, celles-ci se destinent \u00e0 de<strong> jeunes enfants ou \u00e0 des nouveaux n\u00e9s<\/strong>. Elles peuvent donc \u00eatre install\u00e9es dans une <strong>chambre<\/strong> ou une <strong>salle de bain<\/strong>. En tout cas, elles facilitent le <strong>rangement<\/strong> et la <strong>clart\u00e9<\/strong> de toute pi\u00e8ce!_x000D_n_x000D_nAussi, le syst\u00e8me d&rsquo;<strong>accrochage est facile<\/strong>. Au dos du support et non visible une fois pos\u00e9e sur le mur, la fixation se fait avec vis et cheville incluses. Seule votre perceuse est requise. Voici ses <strong>dimensions<\/strong>:_x000D_n<\/p>\n<ul>_x000D_n \t<\/p>\n<li>Le support 41 cm X 6 cm, \u00e9paisseur 1,5 cm<\/li>\n<p>_x000D_n \t<\/p>\n<li>Les pat\u00e8res 6,5 cm X 6,5 cm, \u00e9cartement du support 4,9 cm<\/li>\n<p>_x000D_n<\/ul>\n<p>_x000D_nNos clients choisissent ce porte manteau mural bleu pour son <strong>originalit\u00e9<\/strong> et sa\u00a0belle <strong>qualit\u00e9<\/strong>. <span style=\"line-height: 1.5\">Il\u00a0offre ainsi une touche de <strong>douceur<\/strong> \u00e0 toute chambre d&rsquo;enfant.<\/span><\/p>\n","protected":false},"excerpt":{"rendered":"<p>Ce porte-manteaux <strong>ETOILES BLEUES <\/strong>aux <em>points blanc<\/em>\u00a0comportant 4 pat\u00e8res de la marque <em><strong>NESU<\/strong><\/em> est en plastique r\u00e9sistant\u00a0et en bois laqu\u00e9. Il est \u00e0 poser partout dans la chambre d&rsquo;enfant pour ne plus voir trainer ses affaires. Son\u00a0syst\u00e8me d&rsquo;accrochage est simple, au dos du support et non visible une fois pos\u00e9e sur le mur. Il\u00a0est original et de belle qualit\u00e9 en PVC pour le support et en bois laqu\u00e9 pour les pat\u00e8res.<\/p>\n","protected":false},"featured_media":1927,"comment_status":"closed","ping_status":"open","template":"","meta":[],"product_cat":[16,17],"product_tag":[25],"class_list":["post-445","product","type-product","status-publish","has-post-thumbnail","hentry","product_cat-chambre-enfant","product_cat-salle-de-bain","product_tag-crochet-patere-patere-design-patere-murale-patere-porte-pateres-porte-manteau-porte-serviette-porte-torchon-vestiaire","description-off"],"_links":{"self":[{"href":"https:\/\/roulettes.vaniseo.top\/index.php\/wp-json\/wp\/v2\/product\/445","targetHints":{"allow":["GET"]}}],"collection":[{"href":"https:\/\/roulettes.vaniseo.top\/index.php\/wp-json\/wp\/v2\/product"}],"about":[{"href":"https:\/\/roulettes.vaniseo.top\/index.php\/wp-json\/wp\/v2\/types\/product"}],"replies":[{"embeddable":true,"href":"https:\/\/roulettes.vaniseo.top\/index.php\/wp-json\/wp\/v2\/comments?post=445"}],"version-history":[{"count":0,"href":"https:\/\/roulettes.vaniseo.top\/index.php\/wp-json\/wp\/v2\/product\/445\/revisions"}],"wp:featuredmedia":[{"embeddable":true,"href":"https:\/\/roulettes.vaniseo.top\/index.php\/wp-json\/wp\/v2\/media\/1927"}],"wp:attachment":[{"href":"https:\/\/roulettes.vaniseo.top\/index.php\/wp-json\/wp\/v2\/media?parent=445"}],"wp:term":[{"taxonomy":"product_cat","embeddable":true,"href":"https:\/\/roulettes.vaniseo.top\/index.php\/wp-json\/wp\/v2\/product_cat?post=445"},{"taxonomy":"product_tag","embeddable":true,"href":"https:\/\/roulettes.vaniseo.top\/index.php\/wp-json\/wp\/v2\/product_tag?post=445"}],"curies":[{"name":"wp","href":"https:\/\/api.w.org\/{rel}","templated":true}]}}