{"id":446,"date":"2022-04-04T16:21:44","date_gmt":"2022-04-04T14:21:44","guid":{"rendered":"https:\/\/roulettes.vaniseo.top\/index.php\/produit\/patere-blanche-avec-4-crochets-ours\/"},"modified":"2022-04-04T17:20:58","modified_gmt":"2022-04-04T15:20:58","slug":"patere-blanche-avec-4-crochets-ours","status":"publish","type":"product","link":"https:\/\/roulettes.vaniseo.top\/index.php\/produit\/patere-blanche-avec-4-crochets-ours\/","title":{"rendered":"Pat\u00e8re blanche avec 4 crochets ours"},"content":{"rendered":"<h3>Porte manteau blanc en plastique avec 4 ours en bois laqu\u00e9<\/h3>\n<p>_x000D_n1001 Pat\u00e8res vous fait d\u00e9couvrir cette <strong>pat\u00e8re blanche avec 4 crochets ours<\/strong> de la marque NESU._x000D_n_x000D_n<a href=\"https:\/\/1001pateres.com\/brand\/nesu\"><strong>NESU<\/strong><\/a> est l&rsquo;une des marques les plus pl\u00e9biscit\u00e9es sur notre site. Deux collections principales sont en ligne chez nous.\u00a0La premi\u00e8re est une collection de <strong>bois en pin<\/strong> avec <strong>3 boules rondes, en vernis naturel, miel, ou laqu\u00e9 blanc<\/strong>.\u00a0La seconde est plus <strong>design<\/strong>, en bois ou en m\u00e9tal peint, avec <strong>4 crochets<\/strong>. Sa particularit\u00e9 est un imprim\u00e9 sur la face visible. A chaque fois, couleur de support et de crochets sont en harmonie._x000D_n_x000D_n&nbsp;_x000D_n<\/p>\n<h3>Porte manteau en plastique r\u00e9sistant pour chambre et salle de bain<\/h3>\n<p>_x000D_nAinsi, ci-contre, le\u00a0<strong>porte manteau blanc en plastique r\u00e9sistant avec 4 ours en bois laqu\u00e9<\/strong> fait parti de cette collection. Il est plut\u00f4t destin\u00e9 \u00e0 une <strong>chambre de b\u00e9b\u00e9<\/strong>, ou \u00e0 une <strong>salle de bain<\/strong> pour pouvoir ranger les affaires d&rsquo;un <strong>nouveau n\u00e9<\/strong> ou d&rsquo;un<strong> jeune enfant<\/strong>. Il existe en blanc, en <a href=\"https:\/\/1001pateres.com\/produit\/patere-ours-bleu\/\">bleu<\/a>, en <a href=\"https:\/\/1001pateres.com\/produit\/patere-ours-rose\/\">rose<\/a> et de couleur <a href=\"https:\/\/1001pateres.com\/produit\/patere-ours-sable\/\">sable<\/a>._x000D_n_x000D_nAussi, son\u00a0syst\u00e8me d&rsquo;accrochage est simple, au dos du support et non visible une fois pos\u00e9 sur le mur. Il n\u00e9cessite <span style=\"line-height: 1.5\"><strong>2 vis et chevilles<\/strong> qui sont fournies. Sa pose requiert l&rsquo;usage d&rsquo;une <strong>perceuse<\/strong>.<\/span>_x000D_n_x000D_nLa pat\u00e8re blanche avec 4 crochets ours est\u00a0<strong>originale<\/strong> et de <strong>belle qualit\u00e9<\/strong>. Elle<span style=\"line-height: 1.5\">\u00a0permet ainsi une touche de <strong>modernit\u00e9<\/strong> dans la chambre de votre b\u00e9b\u00e9. \u00a0Si vous avez un mur en bois o\u00f9 les bandes sont horizontales, ce sera \u00a0l&rsquo;id\u00e9al. Sinon, vous pouvez l&rsquo;installer sur un mur de couleur pour le mettre en valeur, gr\u00e2ce \u00e0 un jeu de contraste.<\/span>_x000D_n_x000D_nEnfin, pensez \u00e0 v\u00e9rifier les <strong>dimensions<\/strong> du pan de mur d\u00e9di\u00e9 avec celles de cette pat\u00e8re blanche list\u00e9es ci contre:_x000D_n<\/p>\n<ul>_x000D_n \t<\/p>\n<li>Support de la pat\u00e8re en plastique r\u00e9sistant: 41 X 6 cm, \u00e9paisseur 1,5 cm<\/li>\n<p>_x000D_n \t<\/p>\n<li>Pat\u00e8re ours blanche \u00e0 l&rsquo;unit\u00e9: 6,5 X 5,7 cm,<\/li>\n<p>_x000D_n \t<\/p>\n<li>Ecartement du support: 4,9 cm<\/li>\n<p>_x000D_n<\/ul>\n","protected":false},"excerpt":{"rendered":"<p>Ce porte-manteaux <strong>OURS BLANC<\/strong> comportant 4 pat\u00e8res de la marque <em><strong>NESU<\/strong><\/em> est en plastique r\u00e9sistant\u00a0et en bois laqu\u00e9. Il est \u00e0 poser partout dans la chambre de b\u00e9b\u00e9 pour ne plus voir trainer ses affaires. Son\u00a0syst\u00e8me d&rsquo;accrochage est simple, au dos du support et non visible une fois pos\u00e9e sur le mur. Il\u00a0est original et de belle qualit\u00e9 en PVC pour le support et en bois laqu\u00e9 pour les pat\u00e8res.<\/p>\n","protected":false},"featured_media":1928,"comment_status":"closed","ping_status":"open","template":"","meta":[],"product_cat":[16,17],"product_tag":[25],"class_list":["post-446","product","type-product","status-publish","has-post-thumbnail","hentry","product_cat-chambre-enfant","product_cat-salle-de-bain","product_tag-crochet-patere-patere-design-patere-murale-patere-porte-pateres-porte-manteau-porte-serviette-porte-torchon-vestiaire","description-off"],"_links":{"self":[{"href":"https:\/\/roulettes.vaniseo.top\/index.php\/wp-json\/wp\/v2\/product\/446","targetHints":{"allow":["GET"]}}],"collection":[{"href":"https:\/\/roulettes.vaniseo.top\/index.php\/wp-json\/wp\/v2\/product"}],"about":[{"href":"https:\/\/roulettes.vaniseo.top\/index.php\/wp-json\/wp\/v2\/types\/product"}],"replies":[{"embeddable":true,"href":"https:\/\/roulettes.vaniseo.top\/index.php\/wp-json\/wp\/v2\/comments?post=446"}],"version-history":[{"count":0,"href":"https:\/\/roulettes.vaniseo.top\/index.php\/wp-json\/wp\/v2\/product\/446\/revisions"}],"wp:featuredmedia":[{"embeddable":true,"href":"https:\/\/roulettes.vaniseo.top\/index.php\/wp-json\/wp\/v2\/media\/1928"}],"wp:attachment":[{"href":"https:\/\/roulettes.vaniseo.top\/index.php\/wp-json\/wp\/v2\/media?parent=446"}],"wp:term":[{"taxonomy":"product_cat","embeddable":true,"href":"https:\/\/roulettes.vaniseo.top\/index.php\/wp-json\/wp\/v2\/product_cat?post=446"},{"taxonomy":"product_tag","embeddable":true,"href":"https:\/\/roulettes.vaniseo.top\/index.php\/wp-json\/wp\/v2\/product_tag?post=446"}],"curies":[{"name":"wp","href":"https:\/\/api.w.org\/{rel}","templated":true}]}}