{"id":447,"date":"2022-04-04T16:21:44","date_gmt":"2022-04-04T14:21:44","guid":{"rendered":"https:\/\/roulettes.vaniseo.top\/index.php\/produit\/patere-entree-a-crochets-doubles-en-acier-noir-nesu\/"},"modified":"2022-04-04T17:20:58","modified_gmt":"2022-04-04T15:20:58","slug":"patere-entree-a-crochets-doubles-en-acier-noir-nesu","status":"publish","type":"product","link":"https:\/\/roulettes.vaniseo.top\/index.php\/produit\/patere-entree-a-crochets-doubles-en-acier-noir-nesu\/","title":{"rendered":"Pat\u00e8re entr\u00e9e \u00e0 crochets doubles en acier noir NESU"},"content":{"rendered":"<h3>Portemanteaux pour entr\u00e9e \u00e0 4 crochets doubles en fer noir<\/h3>\n<p>_x000D_n1001 Pat\u00e8res met \u00e0 la vente cette <strong>pat\u00e8re entr\u00e9e \u00e0 crochets doubles en acier noir<\/strong>, de la marque NESU._x000D_n_x000D_nVous avez d\u00e9j\u00e0 d\u00fb voir des r\u00e9f\u00e9rences <a href=\"https:\/\/1001pateres.com\/brand\/nesu\"><strong>NESU<\/strong><\/a> sur notre boutique en ligne, tant elle est pr\u00e9sente via diff\u00e9rentes collections. La plus connue et vendu est celle d&rsquo;un support rectangulaire <strong>en bois, en plastique ou en m\u00e9tal peint<\/strong>. A chaque fois, les <strong>4 pat\u00e8res<\/strong> sont en harmonie avec le style du produit. Parfois, le support est illustr\u00e9 avec go\u00fbt. C&rsquo;est la <strong>collection design et moderne<\/strong> par excellence chez NESU!_x000D_n_x000D_nEnsuite, la seconde est <strong>LE grand classique<\/strong> passe partout que l&rsquo;on a tous eu, au moins une fois dans sa vie tant il est pratique. C&rsquo;est le fameux <strong>portemanteaux pour entr\u00e9e en bois de pins<\/strong> avec <strong>3 pat\u00e8res rondes<\/strong> qui ne marquent pas les v\u00eatements. retrouvez ici une version en pin vernis naturel, miel ou en bois laqu\u00e9._x000D_n_x000D_n&nbsp;_x000D_n<\/p>\n<h3>Pat\u00e8re entr\u00e9e \u00e0 crochets doubles \u00e0 poser partout dans la maison<\/h3>\n<p>_x000D_nUne fois n&rsquo;est pas coutume, ci-contre, cette r\u00e9f\u00e9rence NESU n&rsquo;appartient \u00e0 aucune de ces <strong>deux collections cit\u00e9es<\/strong>. Le produit est unique sur notre boutique en ligne. Cette pat\u00e8re entr\u00e9e <strong>en acier noir<\/strong> dispose de\u00a04 crochets doubles\u00a0avec des<strong> embouts boules<\/strong> pour ne pas abimer les v\u00eatements. Il est <strong>\u00e0 poser partout dans la maison<\/strong> pour ne plus voir trainer ses affaires._x000D_n_x000D_nAussi, son\u00a0syst\u00e8me d&rsquo;accrochage est simple, des <strong>fixations sur pattes visibles<\/strong> une fois pos\u00e9e sur le mur.\u00a0<span style=\"line-height: 1.5\">La fixation\u00a0au mur de la pat\u00e8re entr\u00e9e crochets doubles acier noir se fait avec <strong>4 vis et chevilles fournies<\/strong>. Toutefois, sa pose n\u00e9cessite l&rsquo;usage d&rsquo;une <strong>perceuse<\/strong>.<\/span>_x000D_n_x000D_nLe porte-manteaux est\u00a0<strong>original<\/strong> et de <strong>belle qualit\u00e9<\/strong>, en <strong>acier noir teint\u00e9<\/strong> dans la masse.\u00a0<span style=\"line-height: 1.5\">Il\u00a0permet ainsi une touche de <strong>modernit\u00e9<\/strong> dans votre entr\u00e9e. Pensez pour finir \u00e0 v\u00e9rifier ses dimensions ci-apr\u00e8s avec celles de l&rsquo;espace que vous lui allouez!<\/span>_x000D_n<\/p>\n<ul>_x000D_n \t<\/p>\n<li>Le support 48,5 cm X 15,5 cm<\/li>\n<p>_x000D_n \t<\/p>\n<li>Les pat\u00e8res 23 cm, \u00e9cartement du support 12 cm<\/li>\n<p>_x000D_n<\/ul>\n","protected":false},"excerpt":{"rendered":"<p>Ce porte-manteaux pour l&rsquo;<strong>ENTREE<\/strong> comportant 4 pat\u00e8res doubles de la marque <em><strong>NESU<\/strong><\/em> est en m\u00e9tal noir avec des embouts boules pour ne pas abimer les v\u00eatements. Il est \u00e0 poser partout dans la maison pour ne plus voir trainer ses affaires. Son syst\u00e8me d&rsquo;accrochage est simple, des fixations sur pattes visibles une fois pos\u00e9e sur le mur. Il est\u00a0original et de belle qualit\u00e9, en acier noir teint\u00e9 dans la masse.<\/p>\n","protected":false},"featured_media":1929,"comment_status":"closed","ping_status":"open","template":"","meta":[],"product_cat":[29,32,30],"product_tag":[25],"class_list":["post-447","product","type-product","status-publish","has-post-thumbnail","hentry","product_cat-chambre-adulte","product_cat-entree-sejour","product_cat-garage-cellier","product_tag-crochet-patere-patere-design-patere-murale-patere-porte-pateres-porte-manteau-porte-serviette-porte-torchon-vestiaire","description-off"],"_links":{"self":[{"href":"https:\/\/roulettes.vaniseo.top\/index.php\/wp-json\/wp\/v2\/product\/447","targetHints":{"allow":["GET"]}}],"collection":[{"href":"https:\/\/roulettes.vaniseo.top\/index.php\/wp-json\/wp\/v2\/product"}],"about":[{"href":"https:\/\/roulettes.vaniseo.top\/index.php\/wp-json\/wp\/v2\/types\/product"}],"replies":[{"embeddable":true,"href":"https:\/\/roulettes.vaniseo.top\/index.php\/wp-json\/wp\/v2\/comments?post=447"}],"version-history":[{"count":0,"href":"https:\/\/roulettes.vaniseo.top\/index.php\/wp-json\/wp\/v2\/product\/447\/revisions"}],"wp:featuredmedia":[{"embeddable":true,"href":"https:\/\/roulettes.vaniseo.top\/index.php\/wp-json\/wp\/v2\/media\/1929"}],"wp:attachment":[{"href":"https:\/\/roulettes.vaniseo.top\/index.php\/wp-json\/wp\/v2\/media?parent=447"}],"wp:term":[{"taxonomy":"product_cat","embeddable":true,"href":"https:\/\/roulettes.vaniseo.top\/index.php\/wp-json\/wp\/v2\/product_cat?post=447"},{"taxonomy":"product_tag","embeddable":true,"href":"https:\/\/roulettes.vaniseo.top\/index.php\/wp-json\/wp\/v2\/product_tag?post=447"}],"curies":[{"name":"wp","href":"https:\/\/api.w.org\/{rel}","templated":true}]}}