{"id":448,"date":"2022-04-04T16:21:44","date_gmt":"2022-04-04T14:21:44","guid":{"rendered":"https:\/\/roulettes.vaniseo.top\/index.php\/produit\/porte-manteau-enfant-4-etoiles-roses-a-points-blancs-nesu\/"},"modified":"2022-04-04T17:20:59","modified_gmt":"2022-04-04T15:20:59","slug":"porte-manteau-enfant-4-etoiles-roses-a-points-blancs-nesu","status":"publish","type":"product","link":"https:\/\/roulettes.vaniseo.top\/index.php\/produit\/porte-manteau-enfant-4-etoiles-roses-a-points-blancs-nesu\/","title":{"rendered":"Porte manteau enfant 4 \u00e9toiles roses \u00e0 points blancs NESU"},"content":{"rendered":"<h4>Porte-manteau enfant 4 \u00e9toiles roses \u00e0 points blanc NESU<\/h4>\n<p>_x000D_n<strong>1001 Pat\u00e8res<\/strong> pr\u00e9sente ici l&rsquo;ensemble des informations concernant le <strong>porte manteau enfant 4 \u00e9toiles roses \u00e0 points blancs NESU<\/strong>._x000D_n_x000D_nTout d&rsquo;abord, <strong>NESU<\/strong> est l&rsquo;une des marques les plus repr\u00e9sent\u00e9es sur ce site. En effet, elle propose une <strong>large gamme<\/strong> de porte manteaux et par\u00e8res \u00e0 <strong>petits prix<\/strong> et aux <strong>styles vari\u00e9s<\/strong>. Cela permet vraiment de r\u00e9pondre aux <strong>attentes de toutes les familles<\/strong>, et de <strong>chaque pi\u00e8ce<\/strong> de la maison._x000D_n_x000D_nAinsi, pour les adultes, une collection de <strong>porte manteaux avec 4 double crochets sur support rectangulaire<\/strong> est disponible sur notre site. Vous aimerez ceux en\u00a0<a href=\"https:\/\/1001pateres.com\/produit\/patere-bois-blanc-vieilli-crochets-noir-vieilli\/\">blanc d\u00e9cap\u00e9<\/a> comme ceux patchwork, tr\u00e8s modernes. Pour les enfants, de nombreuses r\u00e9f\u00e9rences comme ci-contre sont \u00e0 retrouver avec 4:_x000D_n<\/p>\n<ul>_x000D_n \t<\/p>\n<li><a href=\"https:\/\/1001pateres.com\/produit\/patere-nuages-sur-fond-patchwork-rose-et-gris\/\">Nuages<\/a><\/li>\n<p>_x000D_n \t<\/p>\n<li><a href=\"https:\/\/1001pateres.com\/produit\/porte-manteaux-bois-blanc-papillons-vintage\/\">Boutons imprim\u00e9s papillons<\/a>, mais aussi lavande, ballons de football, de basket, de layettes enfants, Star Wars<\/li>\n<p>_x000D_n \t<\/p>\n<li><a href=\"https:\/\/1001pateres.com\/produit\/patere-ours-sable\/\">Ours<\/a><\/li>\n<p>_x000D_n<\/ul>\n<p>_x000D_nIci, d\u00e9couvrez la collection de <strong>porte manteau enfant 4 \u00e9toiles roses \u00e0 points blancs<\/strong>. Les boutons sont en <strong>plastique PVC r\u00e9sistant<\/strong>\u00a0et le support en <strong>bois laqu\u00e9 teint\u00e9 dans la masse<\/strong>. Il est \u00e0 poser partout dans la chambre d&rsquo;un enfant ou d&rsquo;un b\u00e9b\u00e9 pour ne plus voir trainer ses affaires._x000D_n_x000D_nEnfin, cette r\u00e9f\u00e9rence est disponible dans les<strong> 3 autres coloris<\/strong> suivants: \u00e9toiles bleues \u00e0 points blancs, sable, et grises sur fond blanc._x000D_n_x000D_n&nbsp;_x000D_n<\/p>\n<h3>Porte manteau enfant rectangulaire en bois NESU: comment l&rsquo;installer?<\/h3>\n<p>_x000D_nAussi, son\u00a0syst\u00e8me d&rsquo;<strong>accrochage<\/strong> est <strong>simple<\/strong>, au dos du support et non visible une fois pos\u00e9e sur le mur. <span style=\"line-height: 1.5\">L&rsquo;installation au mur du p<\/span>orte-manteau enfant 4 \u00e9toiles roses<span style=\"line-height: 1.5\">\u00a0se fait avec 2 vis. Vis et chevilles sont fournies. Sa pose n\u00e9cessite l&rsquo;usage d&rsquo;une perceuse.<\/span>_x000D_n_x000D_nEnfin, pour ses <strong>dimensions<\/strong> :_x000D_n<\/p>\n<ul>_x000D_n \t<\/p>\n<li>Le support 41 cm X 6 cm, \u00e9paisseur 1,5 cm<\/li>\n<p>_x000D_n \t<\/p>\n<li>Les pat\u00e8res 6,5 cm X 6,5 cm, \u00e9cartement du support 4,9 cm<\/li>\n<p>_x000D_n<\/ul>\n<p>_x000D_nNos clients l&rsquo;ont aim\u00e9 pour sa facilit\u00e9 d&rsquo;int\u00e9gration \u00e0 de nombreuses d\u00e9corations d&rsquo;int\u00e9rieur dans une chambre d&rsquo;enfant, la plupart du temps dans celle d&rsquo;une petite fille&#8230;<\/p>\n","protected":false},"excerpt":{"rendered":"<p>Ce porte-manteaux <strong>ETOILES ROSES <\/strong>aux points blanc\u00a0comportant 4 pat\u00e8res de la marque <em><strong>NESU<\/strong><\/em> est en plastique r\u00e9sistant\u00a0et en bois laqu\u00e9. Il est \u00e0 poser partout dans la chambre d&rsquo;enfant pour ne plus voir trainer ses affaires. Son\u00a0syst\u00e8me d&rsquo;accrochage est simple, au dos du support et non visible une fois pos\u00e9e sur le mur. Il\u00a0est original et de belle qualit\u00e9 en PVC pour le support et en bois laqu\u00e9 pour les pat\u00e8res.<\/p>\n","protected":false},"featured_media":1933,"comment_status":"closed","ping_status":"open","template":"","meta":[],"product_cat":[16,17],"product_tag":[25],"class_list":["post-448","product","type-product","status-publish","has-post-thumbnail","hentry","product_cat-chambre-enfant","product_cat-salle-de-bain","product_tag-crochet-patere-patere-design-patere-murale-patere-porte-pateres-porte-manteau-porte-serviette-porte-torchon-vestiaire","description-off"],"_links":{"self":[{"href":"https:\/\/roulettes.vaniseo.top\/index.php\/wp-json\/wp\/v2\/product\/448","targetHints":{"allow":["GET"]}}],"collection":[{"href":"https:\/\/roulettes.vaniseo.top\/index.php\/wp-json\/wp\/v2\/product"}],"about":[{"href":"https:\/\/roulettes.vaniseo.top\/index.php\/wp-json\/wp\/v2\/types\/product"}],"replies":[{"embeddable":true,"href":"https:\/\/roulettes.vaniseo.top\/index.php\/wp-json\/wp\/v2\/comments?post=448"}],"version-history":[{"count":0,"href":"https:\/\/roulettes.vaniseo.top\/index.php\/wp-json\/wp\/v2\/product\/448\/revisions"}],"wp:featuredmedia":[{"embeddable":true,"href":"https:\/\/roulettes.vaniseo.top\/index.php\/wp-json\/wp\/v2\/media\/1933"}],"wp:attachment":[{"href":"https:\/\/roulettes.vaniseo.top\/index.php\/wp-json\/wp\/v2\/media?parent=448"}],"wp:term":[{"taxonomy":"product_cat","embeddable":true,"href":"https:\/\/roulettes.vaniseo.top\/index.php\/wp-json\/wp\/v2\/product_cat?post=448"},{"taxonomy":"product_tag","embeddable":true,"href":"https:\/\/roulettes.vaniseo.top\/index.php\/wp-json\/wp\/v2\/product_tag?post=448"}],"curies":[{"name":"wp","href":"https:\/\/api.w.org\/{rel}","templated":true}]}}