{"id":450,"date":"2022-04-04T16:21:44","date_gmt":"2022-04-04T14:21:44","guid":{"rendered":"https:\/\/roulettes.vaniseo.top\/index.php\/produit\/patere-bois-blanc-decapee-et-crochets-noirs-vieillis\/"},"modified":"2022-04-04T17:21:00","modified_gmt":"2022-04-04T15:21:00","slug":"patere-bois-blanc-decapee-et-crochets-noirs-vieillis","status":"publish","type":"product","link":"https:\/\/roulettes.vaniseo.top\/index.php\/produit\/patere-bois-blanc-decapee-et-crochets-noirs-vieillis\/","title":{"rendered":"Pat\u00e8re bois blanc d\u00e9cap\u00e9e et crochets noirs vieillis"},"content":{"rendered":"<h3>Porte manteau bois blanc d\u00e9cap\u00e9 4 crochets noirs vieillis<\/h3>\n<p>_x000D_n1001 Pat\u00e8res vous propose de d\u00e9couvrir ici l&rsquo;ensemble des informations concernant la <strong>pat\u00e8re bois blanc d\u00e9cap\u00e9e et ses 4 crochets noirs vieillis<\/strong>, de la marque <strong>NESU<\/strong>._x000D_n_x000D_nPour mieux choisir, d\u00e9couvrez rapidement les plus de cette marque <a href=\"https:\/\/1001pateres.com\/brand\/nesu\">NESU<\/a>, tr\u00e8s pr\u00e9sente sur notre site. En effet, NESU propose toujours de la <strong>qualit\u00e9 \u00e0 un bon prix<\/strong>. En mati\u00e8re de style, l\u00e0 aussi, il y en a <strong>pour tous les go\u00fbts<\/strong>. Tout d&rsquo;abord, le <strong>style classique<\/strong> passe partout \u00e0 retrouver gr\u00e2ce \u00e0 un porte manteaux mural \u00e0 <strong>pat\u00e8res multiples en pin<\/strong> vernis naturel, <a href=\"https:\/\/1001pateres.com\/produit\/patere-bois-3-crochets-pin-verni-miel\/\">miel<\/a> ou laqu\u00e9 blanc._x000D_n_x000D_nPar ailleurs, une seconde collection <strong>moderne et design<\/strong> vous permet de trouver de nombreuses possibilit\u00e9s de coloris gr\u00e2ce \u00e0 un <strong>support<\/strong> en <a href=\"https:\/\/1001pateres.com\/produit\/patere-bois-blanc-papillons-rose\/\">bois<\/a> ou en <a href=\"https:\/\/1001pateres.com\/produit\/patere-vintage-cuisine-bon-appetit\/\">m\u00e9tal peint<\/a>, <strong>imprim\u00e9<\/strong> selon l&rsquo;id\u00e9e, et ses <strong>4 crochets<\/strong> doubles ou ronds associ\u00e9s._x000D_n_x000D_n&nbsp;_x000D_n<\/p>\n<h3>Pourquoi choisir cette pat\u00e8re bois blanc d\u00e9cap\u00e9e?<\/h3>\n<p>_x000D_nAinsi, ici, le <strong>porte manteau bois blanc d\u00e9cap\u00e9 et ses 4 crochets doubles noirs vieillis<\/strong> entre dans cette collection. On l&rsquo;aime pour son c\u00f4t\u00e9 <strong>vintage<\/strong> et sa grande <strong>practicit\u00e9<\/strong>. Les coloris blanc d\u00e9cap\u00e9 et noir vieilli sont toujours un choix facile pour d\u00e9corer tant ils s&rsquo;ins\u00e8rent <strong>dans n&rsquo;importe quelle pi\u00e8ce<\/strong>. Les <strong>crochets doubles<\/strong> offrent, quand \u00e0 eux, un style \u00e0 la fois <strong>antique<\/strong> et <strong>\u00e9l\u00e9gant<\/strong>. Ils sont de surcro\u00eet, tr\u00e8s <strong>pratique pour optimiser le rangement<\/strong>._x000D_n_x000D_nVous l&rsquo;aurez compris, cette pat\u00e8re bois blanc d\u00e9cap\u00e9e est \u00e0 la fois <strong>classique<\/strong> et <strong>moderne<\/strong>. Elle vous aidera vraiment \u00e0 ranger votre int\u00e9rieur!_x000D_n_x000D_n<span style=\"line-height: 1.5\">Aussi, son\u00a0<strong>syst\u00e8me d&rsquo;accrochage est simple<\/strong>. Les fixations au dos sont non visibles une fois pos\u00e9e sur le mur. La fixation\u00a0au mur se fait simplement avec <strong>2 vis et chevilles incluses<\/strong>, et votre perceuse. Voici ses <strong>dimensions<\/strong>:<\/span>_x000D_n<\/p>\n<ul>_x000D_n \t<\/p>\n<li>Le support bois blanc d\u00e9cap\u00e9: 45 cm X 10 cm<\/li>\n<p>_x000D_n \t<\/p>\n<li>Les pat\u00e8res en m\u00e9tal noir vieilli \u00e0 l&rsquo;unit\u00e9: 13 cm<\/li>\n<p>_x000D_n \t<\/p>\n<li>Ecartement global du mur: 8,5 cm<\/li>\n<p>_x000D_n<\/ul>\n","protected":false},"excerpt":{"rendered":"<p>Ce porte-manteaux pour l&rsquo;<strong>ENTREE<\/strong> comportant 4 pat\u00e8res crochets doubles de la marque <em><strong>NESU<\/strong><\/em> est en<em> bois blanc vieilli<\/em> avec les crochets noir en m\u00e9tal vieilli. Il est \u00e0 poser partout dans la maison pour ne plus voir trainer ses affaires.\u00a0Son\u00a0syst\u00e8me d&rsquo;accrochage est simple, Les fixations au dos sont non visibles une fois pos\u00e9e sur le mur. Il est\u00a0original et de belle qualit\u00e9, en acier noir et en bois blanc vieilli.<\/p>\n","protected":false},"featured_media":1935,"comment_status":"closed","ping_status":"open","template":"","meta":[],"product_cat":[29,20,32,17],"product_tag":[25],"class_list":["post-450","product","type-product","status-publish","has-post-thumbnail","hentry","product_cat-chambre-adulte","product_cat-cuisine","product_cat-entree-sejour","product_cat-salle-de-bain","product_tag-crochet-patere-patere-design-patere-murale-patere-porte-pateres-porte-manteau-porte-serviette-porte-torchon-vestiaire","description-off"],"_links":{"self":[{"href":"https:\/\/roulettes.vaniseo.top\/index.php\/wp-json\/wp\/v2\/product\/450","targetHints":{"allow":["GET"]}}],"collection":[{"href":"https:\/\/roulettes.vaniseo.top\/index.php\/wp-json\/wp\/v2\/product"}],"about":[{"href":"https:\/\/roulettes.vaniseo.top\/index.php\/wp-json\/wp\/v2\/types\/product"}],"replies":[{"embeddable":true,"href":"https:\/\/roulettes.vaniseo.top\/index.php\/wp-json\/wp\/v2\/comments?post=450"}],"version-history":[{"count":0,"href":"https:\/\/roulettes.vaniseo.top\/index.php\/wp-json\/wp\/v2\/product\/450\/revisions"}],"wp:featuredmedia":[{"embeddable":true,"href":"https:\/\/roulettes.vaniseo.top\/index.php\/wp-json\/wp\/v2\/media\/1935"}],"wp:attachment":[{"href":"https:\/\/roulettes.vaniseo.top\/index.php\/wp-json\/wp\/v2\/media?parent=450"}],"wp:term":[{"taxonomy":"product_cat","embeddable":true,"href":"https:\/\/roulettes.vaniseo.top\/index.php\/wp-json\/wp\/v2\/product_cat?post=450"},{"taxonomy":"product_tag","embeddable":true,"href":"https:\/\/roulettes.vaniseo.top\/index.php\/wp-json\/wp\/v2\/product_tag?post=450"}],"curies":[{"name":"wp","href":"https:\/\/api.w.org\/{rel}","templated":true}]}}