{"id":451,"date":"2022-04-04T16:21:44","date_gmt":"2022-04-04T14:21:44","guid":{"rendered":"https:\/\/roulettes.vaniseo.top\/index.php\/produit\/patere-murale-en-bois-blanc-et-imprime-delephants-bleus\/"},"modified":"2022-04-04T17:21:00","modified_gmt":"2022-04-04T15:21:00","slug":"patere-murale-en-bois-blanc-et-imprime-delephants-bleus","status":"publish","type":"product","link":"https:\/\/roulettes.vaniseo.top\/index.php\/produit\/patere-murale-en-bois-blanc-et-imprime-delephants-bleus\/","title":{"rendered":"Pat\u00e8re murale en bois blanc et imprim\u00e9 d&rsquo;\u00e9l\u00e9phants bleus"},"content":{"rendered":"<h3>Porte manteau mural bois\u00a0blanc avec un imprim\u00e9\u00a0\u00e9l\u00e9phants bleus<\/h3>\n<p>_x000D_n1001 Pat\u00e8res vous propose de d\u00e9couvrir la <strong>pat\u00e8re murale en bois blanc avec son imprim\u00e9 \u00e9l\u00e9phants bleus et \u00e9toiles grises<\/strong> de chez <strong>NESU<\/strong>._x000D_n_x000D_n<a href=\"https:\/\/1001pateres.com\/brand\/nesu\">NESU<\/a> est une marque tr\u00e8s pr\u00e9sente sur notre site de part sa large offre. Vous trouverez notamment une <strong>collection classique<\/strong> de porte manteau mural en pin, seulement <a href=\"https:\/\/1001pateres.com\/produit\/patere-bois-3-crochets-pin-verni-naturel\/\">vernis naturel<\/a> ou miel, ou laqu\u00e9 blanc._x000D_n_x000D_nPar ailleurs, vous aurez le plaisir de naviguer \u00e0 travers une <strong>seconde collection beaucoup plus audacieuse<\/strong> de porte manteaux muraux aux <strong>imprim\u00e9s vari\u00e9s<\/strong> avec 4 boutons. Ceux-ci peuvent \u00eatre r\u00e9alis\u00e9s sur un support bois ou <a href=\"https:\/\/1001pateres.com\/produit\/patere-vintage-cuisine-food\/\">m\u00e9tal peint<\/a>._x000D_n_x000D_nD&rsquo;ailleurs cette r\u00e9f\u00e9rence ci-contre de <strong>porte manteau mural bois blanc<\/strong> propose un <strong>imprim\u00e9 d&rsquo;\u00e9toiles grises et d&rsquo;\u00e9l\u00e9phants bleus<\/strong>. Les <strong>4 boutons ronds blancs ne d\u00e9forment pas les v\u00eatements<\/strong>. Gr\u00e2ce \u00e0 un tel imprim\u00e9, il sera ais\u00e9 de l&rsquo;installer dans la <strong>chambre<\/strong> d&rsquo;un nouveau n\u00e9, quelque soit le sexe du b\u00e9b\u00e9. Bien s\u00fbr, il sera tout autant possible de l&rsquo;installer dans une <strong>salle de bain<\/strong>. Ainsi, vous allierez <strong>\u00e9l\u00e9gance<\/strong> et <strong>efficacit\u00e9<\/strong> de rangement._x000D_n<\/p>\n<h3>Installation de la pat\u00e8re murale en bois blanc et imprim\u00e9 d&rsquo;\u00e9l\u00e9phants bleus<\/h3>\n<p>_x000D_nVous aimerez ce porte manteau pour son <strong>originalit\u00e9<\/strong> et sa <strong>belle qualit\u00e9<\/strong>, en bois pour le support et en <strong>bois blanc laqu\u00e9 pour les boutons<\/strong> pat\u00e8res.\u00a0<span style=\"line-height: 1.5\">Il\u00a0permet ainsi une touche de <strong>modernit\u00e9<\/strong> dans la chambre de votre enfant.<\/span>_x000D_n_x000D_n<span style=\"line-height: 1.5\">Aussi, son\u00a0syst\u00e8me d&rsquo;<strong>accrochage est simple<\/strong>, au dos du support et non visible une fois pos\u00e9e sur le mur. La fixation\u00a0au mur de la pat\u00e8re en bois blanc se fait avec 2 vis. Vis et chevilles sont fournies. Sa pose n\u00e9cessite l&rsquo;usage d&rsquo;une perceuse. Voici ses <strong>dimensions<\/strong>:<\/span>_x000D_n<\/p>\n<ul>_x000D_n \t<\/p>\n<li>Support en bois blanc 40,5 cm X 10,5 cm, \u00e9paisseur 2 cm<\/li>\n<p>_x000D_n \t<\/p>\n<li>Pat\u00e8re bouton en boi blanc laqu\u00e9 \u00e0 l&rsquo;unit\u00e9: 3,5 cm, \u00e9cartement du support 5 cm<\/li>\n<p>_x000D_n<\/ul>\n","protected":false},"excerpt":{"rendered":"<p>Ce porte-manteaux <strong>bois blanc ELEPHANT BLEU<\/strong>\u00a0comportant 4 pat\u00e8res de la marque <em><strong>NESU<\/strong><\/em> est en bois. Il est \u00e0 poser partout dans la chambre d&rsquo;un enfant pour ne plus voir trainer ses affaires. Son\u00a0syst\u00e8me d&rsquo;accrochage est simple, au dos du support et non visible une fois pos\u00e9e sur le mur. Il\u00a0est original et de belle qualit\u00e9 en bois pour le support et en bois blanc laqu\u00e9 pour les boutons pat\u00e8res.<\/p>\n","protected":false},"featured_media":1936,"comment_status":"closed","ping_status":"open","template":"","meta":[],"product_cat":[16],"product_tag":[25],"class_list":["post-451","product","type-product","status-publish","has-post-thumbnail","hentry","product_cat-chambre-enfant","product_tag-crochet-patere-patere-design-patere-murale-patere-porte-pateres-porte-manteau-porte-serviette-porte-torchon-vestiaire","description-off"],"_links":{"self":[{"href":"https:\/\/roulettes.vaniseo.top\/index.php\/wp-json\/wp\/v2\/product\/451","targetHints":{"allow":["GET"]}}],"collection":[{"href":"https:\/\/roulettes.vaniseo.top\/index.php\/wp-json\/wp\/v2\/product"}],"about":[{"href":"https:\/\/roulettes.vaniseo.top\/index.php\/wp-json\/wp\/v2\/types\/product"}],"replies":[{"embeddable":true,"href":"https:\/\/roulettes.vaniseo.top\/index.php\/wp-json\/wp\/v2\/comments?post=451"}],"version-history":[{"count":0,"href":"https:\/\/roulettes.vaniseo.top\/index.php\/wp-json\/wp\/v2\/product\/451\/revisions"}],"wp:featuredmedia":[{"embeddable":true,"href":"https:\/\/roulettes.vaniseo.top\/index.php\/wp-json\/wp\/v2\/media\/1936"}],"wp:attachment":[{"href":"https:\/\/roulettes.vaniseo.top\/index.php\/wp-json\/wp\/v2\/media?parent=451"}],"wp:term":[{"taxonomy":"product_cat","embeddable":true,"href":"https:\/\/roulettes.vaniseo.top\/index.php\/wp-json\/wp\/v2\/product_cat?post=451"},{"taxonomy":"product_tag","embeddable":true,"href":"https:\/\/roulettes.vaniseo.top\/index.php\/wp-json\/wp\/v2\/product_tag?post=451"}],"curies":[{"name":"wp","href":"https:\/\/api.w.org\/{rel}","templated":true}]}}