{"id":453,"date":"2022-04-04T16:21:44","date_gmt":"2022-04-04T14:21:44","guid":{"rendered":"https:\/\/roulettes.vaniseo.top\/index.php\/produit\/patere-bebe-bleu-avec-4-boutons-illustres\/"},"modified":"2022-04-04T17:21:01","modified_gmt":"2022-04-04T15:21:01","slug":"patere-bebe-bleu-avec-4-boutons-illustres","status":"publish","type":"product","link":"https:\/\/roulettes.vaniseo.top\/index.php\/produit\/patere-bebe-bleu-avec-4-boutons-illustres\/","title":{"rendered":"Pat\u00e8re b\u00e9b\u00e9 bleu avec 4 boutons illustr\u00e9s"},"content":{"rendered":"<h3>Porte manteau bleu pour chambre de b\u00e9b\u00e9 avec 4 boutons illustr\u00e9s<\/h3>\n<p>_x000D_n1001 Pat\u00e8res pr\u00e9sente cette <strong>pat\u00e8re b\u00e9b\u00e9 bleu avec 4 boutons illustr\u00e9s<\/strong> de la marque <strong>NESU<\/strong>._x000D_n_x000D_nEn effet, <a href=\"https:\/\/1001pateres.com\/brand\/nesu\/\">NESU<\/a> est l&rsquo;une des marques choisies par 1001 Pat\u00e8res pour vous offrir un maximum de choix. Par exemple, trouvez avec elle, le classique porte manteau en pin (vernis naturel, <a href=\"https:\/\/1001pateres.com\/produit\/patere-bois-3-crochets-pin-verni-miel\/\">miel<\/a> ou laqu\u00e9 blanc) avec 3 pat\u00e8res rondes qui ne marquent pas les v\u00eatements. Aussi, trouvez la modernit\u00e9 d&rsquo;un support en <strong>bois de h\u00eatre<\/strong> ou <a href=\"https:\/\/1001pateres.com\/produit\/patere-vintage-salle-de-bain\/\"><strong>m\u00e9tal peint<\/strong><\/a>, illustr\u00e9 et avec <strong>4 crochets en harmonie<\/strong>._x000D_n_x000D_n&nbsp;_x000D_n<\/p>\n<h3>Ranger avec la pat\u00e8re b\u00e9b\u00e9 bleu NESU<\/h3>\n<p>_x000D_nD&rsquo;ailleurs, ci contre, cette r\u00e9f\u00e9rence est de cette derni\u00e8re collection! Retrouvez ainsi un porte manteau bleu pour chambre de b\u00e9b\u00e9 en <strong>bois laqu\u00e9<\/strong> avec boutons illustr\u00e9s en <strong>plastique PVC r\u00e9sistant<\/strong> teint\u00e9s dans la masse. Chacun des boutons comporte soit un <strong>bavoir<\/strong>, un <strong>body<\/strong>, des <strong>chaussettes<\/strong> ou une <strong>poussette<\/strong> comme <strong>illustration<\/strong>. C&rsquo;est donc l&rsquo;id\u00e9al pour pouvoir <strong>ranger une chambre de b\u00e9b\u00e9<\/strong>._x000D_n_x000D_nAussi, son\u00a0syst\u00e8me d&rsquo;accrochage est simple, au dos du support et non visible une fois pos\u00e9 sur le mur.\u00a0<span style=\"line-height: 1.5\">Pour sa fixation\u00a0au mur, il est fourni 2 vis et chevilles avec la pat\u00e8re b\u00e9b\u00e9 bleu. Cependant, sa pose n\u00e9cessite l&rsquo;usage d&rsquo;une perceuse.\u00a0<\/span>_x000D_n_x000D_nCette pat\u00e8re b\u00e9b\u00e9 est donc <strong>originale<\/strong> et <strong>de belle qualit\u00e9<\/strong>. Nos clients la choisissent pour ses <strong>jolies finitions<\/strong> et ses <strong>d\u00e9cors imprim\u00e9s<\/strong> sur les boutons. Pensez seulement \u00e0 v\u00e9rifier les <strong>dimensions<\/strong> du pans de mur o\u00f9 vous pr\u00e9voyez de l&rsquo;installer et comparez celles-ci avec celles de ce produit d\u00e9taill\u00e9 ci-apr\u00e8s:_x000D_n<\/p>\n<ul>_x000D_n \t<\/p>\n<li>Support bois laqu\u00e9 bleu: 41 cm X 6 cm, \u00e9paisseur 1,5 cm<\/li>\n<p>_x000D_n \t<\/p>\n<li>Pat\u00e8re bleue illustr\u00e9 \u00e0 l&rsquo;unit\u00e9: diam\u00e8tre 5 cm, \u00e9cartement du support 4,2 cm<\/li>\n<p>_x000D_n<\/ul>\n<p>_x000D_nPour toutes questions compl\u00e9mentaires, n&rsquo;h\u00e9sitez pas \u00e0 nous \u00e9crire via la page <a href=\"https:\/\/1001pateres.com\/contactez-nous\/\">Contact<\/a>.<\/p>\n","protected":false},"excerpt":{"rendered":"<p>Ce porte-manteaux <strong>BEBE 4 boutons bleu<\/strong> comportant 4 pat\u00e8res de la marque <em><strong>NESU<\/strong><\/em> est en plastique r\u00e9sistant\u00a0et est \u00e0 poser partout dans la chambre de b\u00e9b\u00e9 pour ne plus voir trainer ses affaires. Son\u00a0syst\u00e8me d&rsquo;accrochage est simple, au dos du support et non visible une fois pos\u00e9e sur le mur. Il\u00a0est original et de belle qualit\u00e9 en PVC.<\/p>\n","protected":false},"featured_media":1938,"comment_status":"closed","ping_status":"open","template":"","meta":[],"product_cat":[16],"product_tag":[25],"class_list":["post-453","product","type-product","status-publish","has-post-thumbnail","hentry","product_cat-chambre-enfant","product_tag-crochet-patere-patere-design-patere-murale-patere-porte-pateres-porte-manteau-porte-serviette-porte-torchon-vestiaire","description-off"],"_links":{"self":[{"href":"https:\/\/roulettes.vaniseo.top\/index.php\/wp-json\/wp\/v2\/product\/453","targetHints":{"allow":["GET"]}}],"collection":[{"href":"https:\/\/roulettes.vaniseo.top\/index.php\/wp-json\/wp\/v2\/product"}],"about":[{"href":"https:\/\/roulettes.vaniseo.top\/index.php\/wp-json\/wp\/v2\/types\/product"}],"replies":[{"embeddable":true,"href":"https:\/\/roulettes.vaniseo.top\/index.php\/wp-json\/wp\/v2\/comments?post=453"}],"version-history":[{"count":0,"href":"https:\/\/roulettes.vaniseo.top\/index.php\/wp-json\/wp\/v2\/product\/453\/revisions"}],"wp:featuredmedia":[{"embeddable":true,"href":"https:\/\/roulettes.vaniseo.top\/index.php\/wp-json\/wp\/v2\/media\/1938"}],"wp:attachment":[{"href":"https:\/\/roulettes.vaniseo.top\/index.php\/wp-json\/wp\/v2\/media?parent=453"}],"wp:term":[{"taxonomy":"product_cat","embeddable":true,"href":"https:\/\/roulettes.vaniseo.top\/index.php\/wp-json\/wp\/v2\/product_cat?post=453"},{"taxonomy":"product_tag","embeddable":true,"href":"https:\/\/roulettes.vaniseo.top\/index.php\/wp-json\/wp\/v2\/product_tag?post=453"}],"curies":[{"name":"wp","href":"https:\/\/api.w.org\/{rel}","templated":true}]}}