{"id":454,"date":"2022-04-04T16:21:44","date_gmt":"2022-04-04T14:21:44","guid":{"rendered":"https:\/\/roulettes.vaniseo.top\/index.php\/produit\/porte-manteau-enfant-avec-4-etoiles-grises\/"},"modified":"2022-04-04T17:21:01","modified_gmt":"2022-04-04T15:21:01","slug":"porte-manteau-enfant-avec-4-etoiles-grises","status":"publish","type":"product","link":"https:\/\/roulettes.vaniseo.top\/index.php\/produit\/porte-manteau-enfant-avec-4-etoiles-grises\/","title":{"rendered":"Porte manteau enfant avec 4 \u00e9toiles grises"},"content":{"rendered":"<h3>Pat\u00e8re chambre enfant murale en bois laqu\u00e9 avec 4 \u00e9toiles grises<\/h3>\n<p>_x000D_n1001 Pat\u00e8res vous propose ce <strong>porte manteau\u00a0enfant en bois laqu\u00e9 avec 4 \u00e9toiles grises<\/strong>, de la marque Nesu._x000D_n_x000D_n<a href=\"https:\/\/1001pateres.com\/brand\/nesu\"><strong>Nesu<\/strong><\/a> est une marque \u00e0 d\u00e9couvrir sur notre site avec de nombreuses r\u00e9f\u00e9rences vous offrant \u00e0 coup s\u00fbr la solution \u00e0 votre recherche. Parfois <strong>classiques<\/strong>, les pat\u00e8res sont en <strong>pin vernis naturel, miel<\/strong> ou encore <strong>laqu\u00e9 blanc ou\u00a0blanc d\u00e9cap\u00e9<\/strong>. Leurs boutons ronds ne marquent pas les v\u00eatements. Celles-ci sont de v\u00e9ritables passe-partout. Parfois plus modernes, les pat\u00e8res NESU peuvent aussi \u00eatre <strong>en m\u00e9tal ou bois de h\u00eatre peint<\/strong>. Chacune propose un imprim\u00e9 c\u00f4t\u00e9 visible dans la <strong>m\u00eame harmonie que ses crochets<\/strong>._x000D_n_x000D_n&nbsp;_x000D_n<\/p>\n<h3>Choisir ce porte manteau enfant pour ne plus voir trainer ses affaires<\/h3>\n<p>_x000D_nIci, le porte manteau blanc \u00e0 \u00e9toiles grises\u00a0comporte 4 pat\u00e8res\u00a0<strong>en plastique r\u00e9sistant\u00a0et en bois laqu\u00e9<\/strong>. Il est \u00e0 poser partout dans la chambre d&rsquo;un enfant ou d&rsquo;un b\u00e9b\u00e9 pour ne plus voir trainer ses affaires. Il existe aussi en d&rsquo;autres coloris comme:_x000D_n<\/p>\n<ul>_x000D_n \t<\/p>\n<li><a href=\"https:\/\/1001pateres.com\/produit\/patere-etoiles-sable\/\">Blanc avec 4 \u00e9toiles sables<\/a><\/li>\n<p>_x000D_n \t<\/p>\n<li><a href=\"https:\/\/1001pateres.com\/produit\/patere-etoiles-bleues-aux-points-blanc\/\">Bleu avec 4 \u00e9toiles bleues \u00e0 points blancs<\/a><\/li>\n<p>_x000D_n \t<\/p>\n<li><a href=\"https:\/\/1001pateres.com\/produit\/patere-etoiles-roses-aux-points-blanc\/\">Rose avec 4 \u00e9toiles roses \u00e0 points blancs<\/a><\/li>\n<p>_x000D_n<\/ul>\n<p>_x000D_nAussi, son\u00a0syst\u00e8me d&rsquo;<strong>accrochage<\/strong> est <strong>simple<\/strong>. Vous trouverez des pattes au dos du support. Celles-ci seront <strong>non visible<\/strong> une fois la pat\u00e8re install\u00e9e sur le mur.\u00a0<span style=\"line-height: 1.5\">La fixation\u00a0au mur de cette pat\u00e8re chambre enfant murale se fait avec <strong>2 vis et chevilles qui sont fournies<\/strong>. Sa pose n\u00e9cessite l&rsquo;usage de <strong>votre perceuse<\/strong>.<\/span>_x000D_n_x000D_nNos clients choisissent en g\u00e9n\u00e9ral ce produit pour son <strong>\u00e9l\u00e9gance<\/strong>, ses belles <strong>finitions<\/strong> et sa belle <strong>qualit\u00e9<\/strong>. L&rsquo;utilisation d&rsquo;un <strong>plastique PVC blanc<\/strong> pour le support et d&rsquo;un <strong>bois laqu\u00e9 teint\u00e9 dans la masse<\/strong> pour les \u00e9toiles offre un ensemble <strong>de bon go\u00fbt<\/strong> qui\u00a0<span style=\"line-height: 1.5\">offre une touche de <strong>modernit\u00e9<\/strong> dans la chambre de votre enfant.<\/span>_x000D_n_x000D_nEnfin, voici les <strong>dimensions<\/strong> du produit ci dessous, \u00e0 suspendre sur un pan de mur adapt\u00e9:_x000D_n<\/p>\n<ul>_x000D_n \t<\/p>\n<li>Support rectangulaire blanc laqu\u00e9: 41 cm X 6 cm, \u00e9paisseur 1,5 cm<\/li>\n<p>_x000D_n \t<\/p>\n<li>Pat\u00e8re \u00e9toile grise \u00e0 l&rsquo;unit\u00e9: 6,5 X 6,5 cm,<\/li>\n<p>_x000D_n \t<\/p>\n<li>Ecartement du support 4,9 cm<\/li>\n<p>_x000D_n<\/ul>\n","protected":false},"excerpt":{"rendered":"<p>Ce porte-manteaux <strong>ETOILES GRISES<\/strong>\u00a0comportant 4 pat\u00e8res de la marque <em><strong>NESU<\/strong><\/em> est en plastique r\u00e9sistant\u00a0et en bois laqu\u00e9. Il est \u00e0 poser partout dans la chambre d&rsquo;enfant pour ne plus voir trainer ses affaires. Son\u00a0syst\u00e8me d&rsquo;accrochage est simple, au dos du support et non visible une fois pos\u00e9e sur le mur. Il\u00a0est original et de belle qualit\u00e9 en PVC pour le support et en bois laqu\u00e9 pour les pat\u00e8res.<\/p>\n","protected":false},"featured_media":1939,"comment_status":"closed","ping_status":"open","template":"","meta":[],"product_cat":[16,17],"product_tag":[25],"class_list":["post-454","product","type-product","status-publish","has-post-thumbnail","hentry","product_cat-chambre-enfant","product_cat-salle-de-bain","product_tag-crochet-patere-patere-design-patere-murale-patere-porte-pateres-porte-manteau-porte-serviette-porte-torchon-vestiaire","description-off"],"_links":{"self":[{"href":"https:\/\/roulettes.vaniseo.top\/index.php\/wp-json\/wp\/v2\/product\/454","targetHints":{"allow":["GET"]}}],"collection":[{"href":"https:\/\/roulettes.vaniseo.top\/index.php\/wp-json\/wp\/v2\/product"}],"about":[{"href":"https:\/\/roulettes.vaniseo.top\/index.php\/wp-json\/wp\/v2\/types\/product"}],"replies":[{"embeddable":true,"href":"https:\/\/roulettes.vaniseo.top\/index.php\/wp-json\/wp\/v2\/comments?post=454"}],"version-history":[{"count":0,"href":"https:\/\/roulettes.vaniseo.top\/index.php\/wp-json\/wp\/v2\/product\/454\/revisions"}],"wp:featuredmedia":[{"embeddable":true,"href":"https:\/\/roulettes.vaniseo.top\/index.php\/wp-json\/wp\/v2\/media\/1939"}],"wp:attachment":[{"href":"https:\/\/roulettes.vaniseo.top\/index.php\/wp-json\/wp\/v2\/media?parent=454"}],"wp:term":[{"taxonomy":"product_cat","embeddable":true,"href":"https:\/\/roulettes.vaniseo.top\/index.php\/wp-json\/wp\/v2\/product_cat?post=454"},{"taxonomy":"product_tag","embeddable":true,"href":"https:\/\/roulettes.vaniseo.top\/index.php\/wp-json\/wp\/v2\/product_tag?post=454"}],"curies":[{"name":"wp","href":"https:\/\/api.w.org\/{rel}","templated":true}]}}