{"id":455,"date":"2022-04-04T16:21:44","date_gmt":"2022-04-04T14:21:44","guid":{"rendered":"https:\/\/roulettes.vaniseo.top\/index.php\/produit\/porte-manteau-chambre-fille-blanc-et-4-nuages-roses\/"},"modified":"2022-04-04T17:21:02","modified_gmt":"2022-04-04T15:21:02","slug":"porte-manteau-chambre-fille-blanc-et-4-nuages-roses","status":"publish","type":"product","link":"https:\/\/roulettes.vaniseo.top\/index.php\/produit\/porte-manteau-chambre-fille-blanc-et-4-nuages-roses\/","title":{"rendered":"Porte manteau chambre fille blanc et 4 nuages roses"},"content":{"rendered":"<h3>Pat\u00e8re chambre fille blanche avec 4 nuages roses<\/h3>\n<p>_x000D_n1001 Pat\u00e8res vous propose de d\u00e9couvrir ici l&rsquo;ensemble des informations concernant le <strong>porte manteau chambre fille blanc et ses 4 nuages roses<\/strong>, de chez <strong>NESU<\/strong>._x000D_n_x000D_n<a href=\"https:\/\/1001pateres.com\/brand\/nesu\/\">NESU<\/a> est une marque tr\u00e8s pr\u00e9sente sur notre site. Avec une collection de <strong>pat\u00e8res multiples vari\u00e9es<\/strong>, trouvez tous les styles recherch\u00e9s au <strong>meilleur rapport qualit\u00e9 prix<\/strong>. Par exemple, la plus <strong>classique<\/strong> des pat\u00e8res multiples de type rectangulaire en pin, avec 3 boutons ronds est disponible avec un vernis naturel, miel ou encore laqu\u00e9 blanc._x000D_nPar ailleurs, la collection de cette r\u00e9f\u00e9rence ci-contre correspond \u00e0 un support cette fois-ci en h\u00eatre ou m\u00e9tal vintage peint avec souvent un imprim\u00e9 c\u00f4t\u00e9 recto; puis 4 pat\u00e8res du m\u00eame style. D\u00e9finitivement <strong>plus design et moderne<\/strong>!_x000D_n_x000D_n&nbsp;_x000D_n<\/p>\n<h3>Valoriser votre int\u00e9rieur avec un porte manteau chambre fille NESU<\/h3>\n<p>_x000D_nAinsi, ici, ce porte manteau pour une chambre de fille, blanc et ses 4 nuages roses sont parfaits pour y voir plus clair! <strong>Mieux ranger, c&rsquo;est aussi valoriser chaque espace<\/strong>. Vous adorerez ici les <strong>finitions \u00e9l\u00e9gantes<\/strong> de ce produit. En effet, son <strong>bois<\/strong> est <strong>laqu\u00e9<\/strong> blanc, ses pat\u00e8res sont en <strong>plastique PVC r\u00e9sistant<\/strong>. Cette r\u00e9f\u00e9rence est aussi disponible avec un fond:_x000D_n<\/p>\n<ul>_x000D_n \t<\/p>\n<li><a href=\"https:\/\/1001pateres.com\/produit\/patere-nuages-sur-fond-patchwork-rose-et-gris\/\">Patchwork rose et gris et 4 nuages gris<\/a><\/li>\n<p>_x000D_n \t<\/p>\n<li><a href=\"https:\/\/1001pateres.com\/produit\/porte-manteaux-bois-blanc-nuages-bleu\/\">Nuages bleus et blancs et 4 nuages blancs<\/a><\/li>\n<p>_x000D_n \t<\/p>\n<li><a href=\"https:\/\/1001pateres.com\/produit\/porte-manteaux-bois-blanc-nuages-roses\/\">Nuages roses et blancs et 4 nuages blancs<\/a><\/li>\n<p>_x000D_n<\/ul>\n<p>_x000D_nAussi, son\u00a0syst\u00e8me d&rsquo;accrochage est simple, au dos du support et non visible une fois pos\u00e9 sur le mur. L&rsquo;installation se fait <span style=\"line-height: 1.5\">avec 2 vis et chevilles fournies. Sa pose n\u00e9cessite seulement l&rsquo;usage d&rsquo;une perceuse.<\/span>_x000D_n_x000D_nNos clients choisissent ce porte manteau pour son <strong>originalit\u00e9<\/strong>, sa <strong>belle qualit\u00e9<\/strong>, et sa touche de <strong>modernit\u00e9<\/strong> pour la chambre de leur fille. Voici pour finir, ses <strong>dimensions<\/strong>:_x000D_n<\/p>\n<ul>_x000D_n \t<\/p>\n<li>Support 41 cm X 6 cm, \u00e9paisseur 1,5 cm<\/li>\n<p>_x000D_n \t<\/p>\n<li>Pat\u00e8re nuage rose: 5,8 cm X 6,7 cm, \u00e9cartement du support 4,9 cm<\/li>\n<p>_x000D_n<\/ul>\n","protected":false},"excerpt":{"rendered":"<p>Ce porte-manteaux <strong>NUAGES ROSE<\/strong>\u00a0comportant 4 pat\u00e8res de la marque <em><strong>NESU<\/strong><\/em> est en plastique r\u00e9sistant\u00a0et en bois laqu\u00e9. Il est \u00e0 poser partout dans la chambre d&rsquo;enfant pour ne plus voir trainer ses affaires. Son\u00a0syst\u00e8me d&rsquo;accrochage est simple, au dos du support et non visible une fois pos\u00e9e sur le mur. Il\u00a0est original et de belle qualit\u00e9 en PVC pour le support et en bois laqu\u00e9 pour les pat\u00e8res.<\/p>\n","protected":false},"featured_media":1940,"comment_status":"closed","ping_status":"open","template":"","meta":[],"product_cat":[16],"product_tag":[25],"class_list":["post-455","product","type-product","status-publish","has-post-thumbnail","hentry","product_cat-chambre-enfant","product_tag-crochet-patere-patere-design-patere-murale-patere-porte-pateres-porte-manteau-porte-serviette-porte-torchon-vestiaire","description-off"],"_links":{"self":[{"href":"https:\/\/roulettes.vaniseo.top\/index.php\/wp-json\/wp\/v2\/product\/455","targetHints":{"allow":["GET"]}}],"collection":[{"href":"https:\/\/roulettes.vaniseo.top\/index.php\/wp-json\/wp\/v2\/product"}],"about":[{"href":"https:\/\/roulettes.vaniseo.top\/index.php\/wp-json\/wp\/v2\/types\/product"}],"replies":[{"embeddable":true,"href":"https:\/\/roulettes.vaniseo.top\/index.php\/wp-json\/wp\/v2\/comments?post=455"}],"version-history":[{"count":0,"href":"https:\/\/roulettes.vaniseo.top\/index.php\/wp-json\/wp\/v2\/product\/455\/revisions"}],"wp:featuredmedia":[{"embeddable":true,"href":"https:\/\/roulettes.vaniseo.top\/index.php\/wp-json\/wp\/v2\/media\/1940"}],"wp:attachment":[{"href":"https:\/\/roulettes.vaniseo.top\/index.php\/wp-json\/wp\/v2\/media?parent=455"}],"wp:term":[{"taxonomy":"product_cat","embeddable":true,"href":"https:\/\/roulettes.vaniseo.top\/index.php\/wp-json\/wp\/v2\/product_cat?post=455"},{"taxonomy":"product_tag","embeddable":true,"href":"https:\/\/roulettes.vaniseo.top\/index.php\/wp-json\/wp\/v2\/product_tag?post=455"}],"curies":[{"name":"wp","href":"https:\/\/api.w.org\/{rel}","templated":true}]}}