{"id":456,"date":"2022-04-04T16:21:47","date_gmt":"2022-04-04T14:21:47","guid":{"rendered":"https:\/\/roulettes.vaniseo.top\/index.php\/produit\/patere-chambre-bebe-avec-4-ours-bleus\/"},"modified":"2022-04-04T17:21:05","modified_gmt":"2022-04-04T15:21:05","slug":"patere-chambre-bebe-avec-4-ours-bleus","status":"publish","type":"product","link":"https:\/\/roulettes.vaniseo.top\/index.php\/produit\/patere-chambre-bebe-avec-4-ours-bleus\/","title":{"rendered":"Pat\u00e8re chambre b\u00e9b\u00e9 avec 4 OURS bleus"},"content":{"rendered":"<h3>Porte manteau blanc avec 4 boutons bleus<\/h3>\n<p>_x000D_n1001 Pat\u00e8res vous d\u00e9taille ici la r\u00e9f\u00e9rence de <strong>pat\u00e8re chambre b\u00e9b\u00e9 avec 4 ours bleus<\/strong> de la marque <strong>NESU<\/strong>._x000D_n_x000D_n<strong><a href=\"https:\/\/1001pateres.com\/brand\/nesu\/\">NESU<\/a><\/strong> est l&rsquo;une des marques les plus repr\u00e9sent\u00e9es sur notre site. Vous trouverez avec elle de grands <strong>classiques<\/strong> comme la pat\u00e8re multiple en <em>pin vernis naturel<\/em>. Ou encore, d\u00e9couvrez toute une collection en bois de h\u00eatre peint, ou en m\u00e9tal. Ce support est ensuite <strong>imprim\u00e9 dans un style sp\u00e9cifique<\/strong>, et y sont accroch\u00e9s 4 crochets double en harmonie avec l&rsquo;imprim\u00e9. Ainsi, l&rsquo;effet <em>patchwork<\/em>, <em>garages am\u00e9ricains<\/em>, ou encore <em>feuilles dor\u00e9es<\/em> sont de jolis pi\u00e8ces pour ranger vos affaires._x000D_n_x000D_n&nbsp;_x000D_n<\/p>\n<h3>Ranger une chambre de b\u00e9b\u00e9 gr\u00e2ce \u00e0 une pat\u00e8re blanche et 4 ours bleus<\/h3>\n<p>_x000D_nCe porte manteau pour chambre de b\u00e9b\u00e9 entre ainsi dans cette collection. En effet, il est aussi compos\u00e9 de\u00a0<strong>4 pat\u00e8res bleues en plastique r\u00e9sistant<\/strong>\u00a0et d&rsquo;un <strong>support en bois laqu\u00e9<\/strong>. Il sera parfait pour le <strong>rangement des petits accessoires d&rsquo;un nouveau n\u00e9<\/strong> par exemple! Il existe en <a href=\"https:\/\/1001pateres.com\/produit\/patere-ours-blanc\/\">blanc<\/a>, en bleu, en <a href=\"https:\/\/1001pateres.com\/produit\/patere-ours-rose\/\">rose<\/a> et de couleur <a href=\"https:\/\/1001pateres.com\/produit\/patere-ours-sable\/\">sable<\/a>._x000D_n_x000D_nAussi, son\u00a0syst\u00e8me d&rsquo;accrochage est au dos du support et <strong>non visible<\/strong> une fois pos\u00e9 sur le mur. <span style=\"line-height: 1.5\">La fixation\u00a0au mur de la pat\u00e8re chambre b\u00e9b\u00e9 se fait avec 2 vis et 2 chevilles qui sont fournies. Pr\u00e9voyez seulement une perceuse.<\/span>_x000D_n_x000D_nEnfin, c\u00f4t\u00e9 conseil d&rsquo;installation, nous terminerons par un choix de <strong>pan de mur plut\u00f4t blanc<\/strong> o\u00f9 le support se fondra, pour ne mettre en valeur que les petits ours bleus. Il pourra \u00e9galement \u00eatre int\u00e9ressant de compl\u00e9ter une <strong>harmonie bleue claire<\/strong> avec cette r\u00e9f\u00e9rence._x000D_n_x000D_nVous l&rsquo;aurez compris, nos clients choisissent ce porte manteau chambre b\u00e9b\u00e9 pour sa <strong>belle qualit\u00e9<\/strong>, et ses <strong>jolies finitions<\/strong>. <strong>Les associations<\/strong> du plastique PVC pour le support et du bois laqu\u00e9 teint\u00e9 dans la masse pour les ours, sans visibilit\u00e9 du syst\u00e8me d&rsquo;accrochage sont <strong>parfaites<\/strong>._x000D_n_x000D_nVoici pour finir, ses <strong>dimensions<\/strong>:_x000D_n<\/p>\n<ul>_x000D_n \t<\/p>\n<li>Le support 41 cm X 6 cm, \u00e9paisseur 1,5 cm<\/li>\n<p>_x000D_n \t<\/p>\n<li>Les pat\u00e8res 6,5 cm X 5,7 cm, \u00e9cartement du support 4,9 cm<\/li>\n<p>_x000D_n<\/ul>\n","protected":false},"excerpt":{"rendered":"<p>Ce porte-manteaux <strong>OURS BLEU<\/strong> comportant 4 pat\u00e8res de la marque <em><strong>NESU<\/strong><\/em> est en plastique r\u00e9sistant\u00a0et en bois laqu\u00e9. Il est \u00e0 poser partout dans la chambre de b\u00e9b\u00e9 pour ne plus voir trainer ses affaires. Son\u00a0syst\u00e8me d&rsquo;accrochage est simple, au dos du support et non visible une fois pos\u00e9e sur le mur. Il\u00a0est original et de belle qualit\u00e9 en PVC pour le support et en bois laqu\u00e9 pour les pat\u00e8res.<\/p>\n","protected":false},"featured_media":1941,"comment_status":"closed","ping_status":"open","template":"","meta":[],"product_cat":[16],"product_tag":[25],"class_list":["post-456","product","type-product","status-publish","has-post-thumbnail","hentry","product_cat-chambre-enfant","product_tag-crochet-patere-patere-design-patere-murale-patere-porte-pateres-porte-manteau-porte-serviette-porte-torchon-vestiaire","description-off"],"_links":{"self":[{"href":"https:\/\/roulettes.vaniseo.top\/index.php\/wp-json\/wp\/v2\/product\/456","targetHints":{"allow":["GET"]}}],"collection":[{"href":"https:\/\/roulettes.vaniseo.top\/index.php\/wp-json\/wp\/v2\/product"}],"about":[{"href":"https:\/\/roulettes.vaniseo.top\/index.php\/wp-json\/wp\/v2\/types\/product"}],"replies":[{"embeddable":true,"href":"https:\/\/roulettes.vaniseo.top\/index.php\/wp-json\/wp\/v2\/comments?post=456"}],"version-history":[{"count":0,"href":"https:\/\/roulettes.vaniseo.top\/index.php\/wp-json\/wp\/v2\/product\/456\/revisions"}],"wp:featuredmedia":[{"embeddable":true,"href":"https:\/\/roulettes.vaniseo.top\/index.php\/wp-json\/wp\/v2\/media\/1941"}],"wp:attachment":[{"href":"https:\/\/roulettes.vaniseo.top\/index.php\/wp-json\/wp\/v2\/media?parent=456"}],"wp:term":[{"taxonomy":"product_cat","embeddable":true,"href":"https:\/\/roulettes.vaniseo.top\/index.php\/wp-json\/wp\/v2\/product_cat?post=456"},{"taxonomy":"product_tag","embeddable":true,"href":"https:\/\/roulettes.vaniseo.top\/index.php\/wp-json\/wp\/v2\/product_tag?post=456"}],"curies":[{"name":"wp","href":"https:\/\/api.w.org\/{rel}","templated":true}]}}