{"id":457,"date":"2022-04-04T16:21:47","date_gmt":"2022-04-04T14:21:47","guid":{"rendered":"https:\/\/roulettes.vaniseo.top\/index.php\/produit\/patere-chambre-bebe-rose-avec-4-boutons\/"},"modified":"2022-04-04T17:21:06","modified_gmt":"2022-04-04T15:21:06","slug":"patere-chambre-bebe-rose-avec-4-boutons","status":"publish","type":"product","link":"https:\/\/roulettes.vaniseo.top\/index.php\/produit\/patere-chambre-bebe-rose-avec-4-boutons\/","title":{"rendered":"Patere chambre b\u00e9b\u00e9 rose avec 4 boutons"},"content":{"rendered":"<h3>Porte manteau b\u00e9b\u00e9 rose et ses 4 boutons illustr\u00e9s<\/h3>\n<p>_x000D_n1001 Pat\u00e8res vous propose la <strong>patere chambre b\u00e9b\u00e9 rose<\/strong> avec 4 boutons illustr\u00e9s de la marque <strong>NESU<\/strong>._x000D_n_x000D_nPour bien comprendre le style choisi, il est important de conna\u00eetre davantage la marque <a href=\"https:\/\/1001pateres.com\/brand\/nesu\/\">NESU<\/a>. Celle-ci est<strong> l&rsquo;une des plus propos\u00e9es sur notre site<\/strong>. En effet, elle propose de la <strong>qualit\u00e9<\/strong>\u00a0et des <strong>styles<\/strong>:\u00a0ou passe partout, ou vraiment moderne. Ainsi, la premi\u00e8re collection \u00e0 d\u00e9couvrir est la version de la <strong>pat\u00e8re multiple classique<\/strong> en pin \u00e0 3 pat\u00e8res rondes. Disponible en <a href=\"https:\/\/1001pateres.com\/produit\/patere-bois-3-crochets-pin-verni-naturel\/\">vernis naturel<\/a>, <a href=\"https:\/\/1001pateres.com\/produit\/patere-bois-3-crochets-pin-verni-miel\/\">vernis miel<\/a> ou encore blanc laqu\u00e9. Enfin, la seconde est beaucoup <strong>plus moderne et stylis\u00e9e<\/strong>. Rectangulaire \u00e0 4 crochets, son support est en <a href=\"https:\/\/1001pateres.com\/produit\/patere-vintage-skateboard\/\"><strong>m\u00e9tal<\/strong><\/a> ou en <a href=\"https:\/\/1001pateres.com\/produit\/patere-4-crochets-dores-sur-fond-feuilles-dorees\/\"><strong>bois peint<\/strong><\/a>, avec un imprim\u00e9 dans un th\u00e8me pr\u00e9cis (new york, garage am\u00e9ricain, fleuri, patchwork etc&#8230;)._x000D_n_x000D_n&nbsp;_x000D_n<\/p>\n<h3>Mieux ranger les v\u00eatements de votre petite fille sur une patere chambre b\u00e9b\u00e9<\/h3>\n<p>_x000D_nAinsi, ici, la th\u00e9matique est la <strong>chambre b\u00e9b\u00e9 fille<\/strong> par excellence. Compl\u00e9tement <strong>rose<\/strong>, ses\u00a0<strong>4 pat\u00e8res<\/strong> sont\u00a0en <strong>plastique r\u00e9sistant blanc<\/strong>. Sur chacun des bouton, retrouvez l&rsquo;illustration d&rsquo;un <strong>bandeau<\/strong>, d&rsquo;un bavoir, d&rsquo;un body et d&rsquo;une chaussette. C&rsquo;est l&rsquo;id\u00e9al pour mieux ranger les v\u00eatements de votre <strong>petite fille<\/strong>._x000D_n_x000D_nLe syst\u00e8me d&rsquo;installation est au dos, et n&rsquo;est plus visible une fois pos\u00e9e sur le mur. Il n\u00e9cessite seulement 2 vis et chevilles qui sont fournis, et votre perceuse._x000D_n_x000D_nChoisissez cette patere chambre b\u00e9b\u00e9 pour l&rsquo;espace de votre petite fille. Optez pour un <strong>produit de qualit\u00e9, moderne, et doux<\/strong>. Pensez seulement \u00e0 v\u00e9rifier les <strong>dimensions<\/strong> de votre pans de mur o\u00f9 vous pr\u00e9voyez de l&rsquo;accrocher. Vous pourrez ensuite les comparer avec celle de ce produit:_x000D_n<\/p>\n<ul>_x000D_n \t<\/p>\n<li>Le support 41 X 6 cm, \u00e9paisseur 1,5 cm<\/li>\n<p>_x000D_n \t<\/p>\n<li>Les pat\u00e8res diam\u00e8tre 5 cm, \u00e9cartement du support 4,2 cm<\/li>\n<p>_x000D_n<\/ul>\n","protected":false},"excerpt":{"rendered":"<p>Ce porte-manteaux <strong>BEBE 4 boutons rose<\/strong> comportant 4 pat\u00e8res de la marque <em><strong>NESU<\/strong><\/em> est en plastique r\u00e9sistant\u00a0et est \u00e0 poser partout dans la <em>chambre de b\u00e9b\u00e9<\/em> pour ne plus voir trainer ses affaires. Son\u00a0syst\u00e8me d&rsquo;accrochage est simple, au dos du support et non visible une fois pos\u00e9e sur le mur. Il\u00a0est original et de belle qualit\u00e9 en PVC.<\/p>\n","protected":false},"featured_media":1942,"comment_status":"closed","ping_status":"open","template":"","meta":[],"product_cat":[16],"product_tag":[25],"class_list":["post-457","product","type-product","status-publish","has-post-thumbnail","hentry","product_cat-chambre-enfant","product_tag-crochet-patere-patere-design-patere-murale-patere-porte-pateres-porte-manteau-porte-serviette-porte-torchon-vestiaire","description-off"],"_links":{"self":[{"href":"https:\/\/roulettes.vaniseo.top\/index.php\/wp-json\/wp\/v2\/product\/457","targetHints":{"allow":["GET"]}}],"collection":[{"href":"https:\/\/roulettes.vaniseo.top\/index.php\/wp-json\/wp\/v2\/product"}],"about":[{"href":"https:\/\/roulettes.vaniseo.top\/index.php\/wp-json\/wp\/v2\/types\/product"}],"replies":[{"embeddable":true,"href":"https:\/\/roulettes.vaniseo.top\/index.php\/wp-json\/wp\/v2\/comments?post=457"}],"version-history":[{"count":0,"href":"https:\/\/roulettes.vaniseo.top\/index.php\/wp-json\/wp\/v2\/product\/457\/revisions"}],"wp:featuredmedia":[{"embeddable":true,"href":"https:\/\/roulettes.vaniseo.top\/index.php\/wp-json\/wp\/v2\/media\/1942"}],"wp:attachment":[{"href":"https:\/\/roulettes.vaniseo.top\/index.php\/wp-json\/wp\/v2\/media?parent=457"}],"wp:term":[{"taxonomy":"product_cat","embeddable":true,"href":"https:\/\/roulettes.vaniseo.top\/index.php\/wp-json\/wp\/v2\/product_cat?post=457"},{"taxonomy":"product_tag","embeddable":true,"href":"https:\/\/roulettes.vaniseo.top\/index.php\/wp-json\/wp\/v2\/product_tag?post=457"}],"curies":[{"name":"wp","href":"https:\/\/api.w.org\/{rel}","templated":true}]}}