{"id":458,"date":"2022-04-04T16:21:47","date_gmt":"2022-04-04T14:21:47","guid":{"rendered":"https:\/\/roulettes.vaniseo.top\/index.php\/produit\/patere-chambre-enfant-avec-ballons-de-basket\/"},"modified":"2022-04-04T17:21:06","modified_gmt":"2022-04-04T15:21:06","slug":"patere-chambre-enfant-avec-ballons-de-basket","status":"publish","type":"product","link":"https:\/\/roulettes.vaniseo.top\/index.php\/produit\/patere-chambre-enfant-avec-ballons-de-basket\/","title":{"rendered":"Patere chambre enfant avec ballons de basket"},"content":{"rendered":"<h3>Porte manteau pour enfant style basket 4 boutons<\/h3>\n<p>_x000D_n<strong>1001 Pat\u00e8res<\/strong> vous propose de d\u00e9couvrir l&rsquo;ensemble des informations concernant cette <strong>patere chambre enfant avec 4 ballons de basket<\/strong> de la marque NESU._x000D_n_x000D_nPour plonger dans l&rsquo;univers de cette pat\u00e8re, il est important de comprendre sa marque. <a href=\"https:\/\/1001pateres.com\/brand\/nesu\/\">NESU<\/a> est l&rsquo;une de nos marques les plus expos\u00e9es sur ce site. La premi\u00e8re collection mise en avant est la <strong>version passe partout de la pat\u00e8re multiple<\/strong>. Il s&rsquo;agit d&rsquo;un support rectangulaire en pin avec 3 pat\u00e8res rondes. A d\u00e9couvrir sur ce site en vernis naturel, miel,\u00a0blanc laqu\u00e9 et <a href=\"https:\/\/1001pateres.com\/produit\/patere-bois-de-pins-3-crochets-blanc-decape\/\">blanc d\u00e9cap\u00e9<\/a>._x000D_n_x000D_nParcourez aussi la seconde collection majeure de la marque arborant un <strong>style beaucoup plus affirm\u00e9<\/strong>. En effet, il s&rsquo;agit d&rsquo;un support l\u00e0 aussi rectangulaire pouvant \u00eatre fait de m\u00e9tal peint ou de bois de h\u00eatre vieilli peint. L&rsquo;un comme l&rsquo;autre sont toujours v\u00eatus d&rsquo;un imprim\u00e9 d\u00e9finissant leur style, puis de 4 crochets ou boutons associ\u00e9s._x000D_n_x000D_n&nbsp;_x000D_n_x000D_nAinsi, ci-contre, la r\u00e9f\u00e9rence de porte manteau chambre enfant suit cette id\u00e9e. Le <strong>blanc<\/strong> du support vient contraster les <strong>boutons orange flashy<\/strong> des <strong>4 boules de ballons de basket<\/strong> faisant office de pat\u00e8res. A noter que ces pat\u00e8res sont en <strong>plastique r\u00e9sistant<\/strong>. Dans le m\u00eame esprit, <a href=\"https:\/\/1001pateres.com\/produit\/patere-ballons-de-football\/\">ballons de football<\/a> et <a href=\"https:\/\/1001pateres.com\/produit\/patere-chambre-enfant-4-boutons-animaux\/\">animaux illustr\u00e9s<\/a> sont \u00e9galement disponibles._x000D_n_x000D_n&nbsp;_x000D_n<\/p>\n<h3>Installation de la patere chambre enfant avec ballons de basket<\/h3>\n<p>_x000D_nDe ce fait, 1001 Pat\u00e8res vous propose quelques conseils d&rsquo;installation._x000D_n_x000D_nTout d&rsquo;abord, ce porte manteau pour chambre d&rsquo;enfant est \u00e0 poser partout dans la chambre <strong>pour ranger<\/strong> les v\u00eatements et autres tenues de votre enfant. Nous vous recommandons un mur dans les <strong>tons chauds<\/strong> ou blanc. Les teintes chaudes seront en harmonie avec le orange. Le <strong>blanc<\/strong> permettra de fondre le support au pan de mur et ne mettra en valeur que les boutons de ballons de basket._x000D_n_x000D_nAussi, son\u00a0syst\u00e8me d&rsquo;accrochage est simple, au dos du support et non visible une fois pos\u00e9 sur le mur. Ind\u00e9niablement, cette pat\u00e8re est <strong>originale<\/strong> et de <strong>belle qualit\u00e9<\/strong>. Elle<span style=\"line-height: 1.5\">\u00a0permet ainsi une touche de <strong>modernit\u00e9<\/strong> dans la chambre de votre enfant.<\/span>_x000D_n_x000D_n<span style=\"line-height: 1.5\">La fixation\u00a0au mur de la pat\u00e8re BALLONS DE BASKET se fait avec 2 vis. Vis et chevilles sont fournies. Sa pose n\u00e9cessite l&rsquo;usage d&rsquo;une perceuse. Voici ses <strong>dimensions<\/strong>:<\/span>_x000D_n<\/p>\n<ul>_x000D_n \t<\/p>\n<li>Le support 41 cm X 6 cm, \u00e9paisseur 1,5 cm<\/li>\n<p>_x000D_n \t<\/p>\n<li>Les pat\u00e8res diam\u00e8tre 5 cm, \u00e9cartement du support 4,2 cm<\/li>\n<p>_x000D_n<\/ul>\n","protected":false},"excerpt":{"rendered":"<p>Ce porte-manteaux <strong>BALLONS DE BASKET<\/strong> comportant 4 pat\u00e8res de la marque <em><strong>NESU<\/strong><\/em> est en plastique r\u00e9sistant\u00a0et est \u00e0 poser partout dans la chambre d&rsquo;enfant pour ne plus voir trainer ses affaires. Son\u00a0syst\u00e8me d&rsquo;accrochage est simple, au dos du support et non visible une fois pos\u00e9e sur le mur. Il\u00a0est original et de belle qualit\u00e9 en PVC.<\/p>\n","protected":false},"featured_media":1943,"comment_status":"closed","ping_status":"open","template":"","meta":[],"product_cat":[16],"product_tag":[25],"class_list":["post-458","product","type-product","status-publish","has-post-thumbnail","hentry","product_cat-chambre-enfant","product_tag-crochet-patere-patere-design-patere-murale-patere-porte-pateres-porte-manteau-porte-serviette-porte-torchon-vestiaire","description-off"],"_links":{"self":[{"href":"https:\/\/roulettes.vaniseo.top\/index.php\/wp-json\/wp\/v2\/product\/458","targetHints":{"allow":["GET"]}}],"collection":[{"href":"https:\/\/roulettes.vaniseo.top\/index.php\/wp-json\/wp\/v2\/product"}],"about":[{"href":"https:\/\/roulettes.vaniseo.top\/index.php\/wp-json\/wp\/v2\/types\/product"}],"replies":[{"embeddable":true,"href":"https:\/\/roulettes.vaniseo.top\/index.php\/wp-json\/wp\/v2\/comments?post=458"}],"version-history":[{"count":0,"href":"https:\/\/roulettes.vaniseo.top\/index.php\/wp-json\/wp\/v2\/product\/458\/revisions"}],"wp:featuredmedia":[{"embeddable":true,"href":"https:\/\/roulettes.vaniseo.top\/index.php\/wp-json\/wp\/v2\/media\/1943"}],"wp:attachment":[{"href":"https:\/\/roulettes.vaniseo.top\/index.php\/wp-json\/wp\/v2\/media?parent=458"}],"wp:term":[{"taxonomy":"product_cat","embeddable":true,"href":"https:\/\/roulettes.vaniseo.top\/index.php\/wp-json\/wp\/v2\/product_cat?post=458"},{"taxonomy":"product_tag","embeddable":true,"href":"https:\/\/roulettes.vaniseo.top\/index.php\/wp-json\/wp\/v2\/product_tag?post=458"}],"curies":[{"name":"wp","href":"https:\/\/api.w.org\/{rel}","templated":true}]}}