{"id":460,"date":"2022-04-04T16:21:47","date_gmt":"2022-04-04T14:21:47","guid":{"rendered":"https:\/\/roulettes.vaniseo.top\/index.php\/produit\/patere-vintage-metallique-garages-americains\/"},"modified":"2022-04-04T17:21:08","modified_gmt":"2022-04-04T15:21:08","slug":"patere-vintage-metallique-garages-americains","status":"publish","type":"product","link":"https:\/\/roulettes.vaniseo.top\/index.php\/produit\/patere-vintage-metallique-garages-americains\/","title":{"rendered":"Pat\u00e8re vintage m\u00e9tallique garages am\u00e9ricains"},"content":{"rendered":"<h3>Porte manteau m\u00e9tal vintage avec 4 crochets en porcelaine pour le garage<\/h3>\n<p>_x000D_nPour vous messieurs, d\u00e9couvrez ici la pat\u00e8re vintage m\u00e9tallique aux illustrations de garages am\u00e9ricains par NESU._x000D_n_x000D_n<a href=\"https:\/\/1001pateres.com\/brand\/nesu\/\">NESU<\/a> est l&rsquo;une des marques les plus pr\u00e9sentes chez 1001 Pat\u00e8res. Et ce, gr\u00e2ce \u00e0 deux collections. La premi\u00e8re est une<strong> passe partout ultra classique<\/strong> faite d&rsquo;un <strong>support en pin et ses 3 boules rondes<\/strong>. Elle est \u00e0 retrouver avec des vernis de coloris diff\u00e9rents et en <a href=\"https:\/\/1001pateres.com\/produit\/patere-bois-3-crochets-pin-blanc\/\">blanc laqu\u00e9<\/a>._x000D_n_x000D_nEn revanche, la seconde collection est elle beaucoup <strong>plus stylis\u00e9e et design<\/strong>. Elle utilise aussi un <strong>support rectangulaire mais en bois de h\u00eatre ou en <\/strong><a href=\"https:\/\/1001pateres.com\/produit\/patere-vintage-skateboard\/\"><strong>m\u00e9tal<\/strong> vintage<\/a>, plus <strong>4 crochets<\/strong> ou boutons. Chaque r\u00e9f\u00e9rence de la collection a v\u00e9ritablement un style sp\u00e9cifique qui s&rsquo;int\u00e8gre dans l&rsquo;une des pi\u00e8ces de la maison._x000D_n_x000D_nIci, par exemple, la r\u00e9f\u00e9rence reprend l&rsquo;<strong>esprit des garages am\u00e9ricains<\/strong>. Un<strong> pub, un garage, une salle de sport, ou un salon masculin<\/strong>, am\u00e9ricain pourra facilement install\u00e9 cette pat\u00e8re vintage._x000D_n_x000D_nEn effet, ce <strong>porte manteau m\u00e9tal vintage<\/strong> comporte <strong>4 crochets\u00a0en c\u00e9ramique<\/strong> pour ne pas abimer les v\u00eatements. Au dessus de chacun, vous pouvez retrouvez une <strong>illustration de garages am\u00e9ricains<\/strong>. Optimisez le rangement de vos vestes et accessoires avec cette r\u00e9f\u00e9rence NESU!_x000D_n_x000D_n&nbsp;_x000D_n<\/p>\n<h3>Conseils d&rsquo;accrochage pour la pat\u00e8re vintage m\u00e9tallique garages am\u00e9ricains<\/h3>\n<p>_x000D_nAussi, pour l&rsquo;accrocher, utilisez ses fixations sur pattes non visibles une fois pos\u00e9e sur le mur, plus <strong>vis et chevilles incluses<\/strong>. Pensez juste \u00e0 vous munir de votre perceuse._x000D_n_x000D_nCette <strong>pat\u00e8re vintage m\u00e9tallique<\/strong> est choisie par nos clients, pour son <strong>originalit\u00e9<\/strong> et sa <strong>belle qualit\u00e9<\/strong>, en <strong>acier noir imprim\u00e9<\/strong>.\u00a0<span style=\"line-height: 1.5\">Elle offre ainsi une touche de <strong>design<\/strong> et de <strong>style<\/strong> \u00e0 votre espace.<\/span>_x000D_n_x000D_nEnfin, voici toutes les <strong>dimensions<\/strong> \u00e0 conna\u00eetre pour anticiper sa fixation:_x000D_n<\/p>\n<ul>_x000D_n \t<\/p>\n<li>Le support: 40 x 15,5 cm<\/li>\n<p>_x000D_n \t<\/p>\n<li>Ecartement du mur: 7 cm<\/li>\n<p>_x000D_n<\/ul>\n","protected":false},"excerpt":{"rendered":"<p>Ce porte-manteaux pour l&rsquo;<strong>ENTREE<\/strong> comportant 4 pat\u00e8res de la marque <em><strong>NESU<\/strong><\/em> est en m\u00e9tal imprim\u00e9 garage avec des voitures am\u00e9ricaines comporte des embouts en c\u00e9ramique pour ne pas abimer les v\u00eatements. Il est \u00e0 poser partout dans la maison pour ne plus voir trainer ses affaires. Son syst\u00e8me d&rsquo;accrochage est simple, des fixations sur pattes visibles une fois pos\u00e9e sur le mur. Il est\u00a0original et de belle qualit\u00e9, en acier imprim\u00e9.<\/p>\n","protected":false},"featured_media":1948,"comment_status":"closed","ping_status":"open","template":"","meta":[],"product_cat":[29,16,20,32,30],"product_tag":[25],"class_list":["post-460","product","type-product","status-publish","has-post-thumbnail","hentry","product_cat-chambre-adulte","product_cat-chambre-enfant","product_cat-cuisine","product_cat-entree-sejour","product_cat-garage-cellier","product_tag-crochet-patere-patere-design-patere-murale-patere-porte-pateres-porte-manteau-porte-serviette-porte-torchon-vestiaire","description-off"],"_links":{"self":[{"href":"https:\/\/roulettes.vaniseo.top\/index.php\/wp-json\/wp\/v2\/product\/460","targetHints":{"allow":["GET"]}}],"collection":[{"href":"https:\/\/roulettes.vaniseo.top\/index.php\/wp-json\/wp\/v2\/product"}],"about":[{"href":"https:\/\/roulettes.vaniseo.top\/index.php\/wp-json\/wp\/v2\/types\/product"}],"replies":[{"embeddable":true,"href":"https:\/\/roulettes.vaniseo.top\/index.php\/wp-json\/wp\/v2\/comments?post=460"}],"version-history":[{"count":0,"href":"https:\/\/roulettes.vaniseo.top\/index.php\/wp-json\/wp\/v2\/product\/460\/revisions"}],"wp:featuredmedia":[{"embeddable":true,"href":"https:\/\/roulettes.vaniseo.top\/index.php\/wp-json\/wp\/v2\/media\/1948"}],"wp:attachment":[{"href":"https:\/\/roulettes.vaniseo.top\/index.php\/wp-json\/wp\/v2\/media?parent=460"}],"wp:term":[{"taxonomy":"product_cat","embeddable":true,"href":"https:\/\/roulettes.vaniseo.top\/index.php\/wp-json\/wp\/v2\/product_cat?post=460"},{"taxonomy":"product_tag","embeddable":true,"href":"https:\/\/roulettes.vaniseo.top\/index.php\/wp-json\/wp\/v2\/product_tag?post=460"}],"curies":[{"name":"wp","href":"https:\/\/api.w.org\/{rel}","templated":true}]}}