{"id":461,"date":"2022-04-04T16:21:47","date_gmt":"2022-04-04T14:21:47","guid":{"rendered":"https:\/\/roulettes.vaniseo.top\/index.php\/produit\/patere-vintage-maison-jean-helion\/"},"modified":"2022-04-04T17:21:09","modified_gmt":"2022-04-04T15:21:09","slug":"patere-vintage-maison-jean-helion","status":"publish","type":"product","link":"https:\/\/roulettes.vaniseo.top\/index.php\/produit\/patere-vintage-maison-jean-helion\/","title":{"rendered":"Pat\u00e8re vintage Maison Jean HELION"},"content":{"rendered":"<h3>Porte manteau vintage 4 crochets en porcelaine<\/h3>\n<p>_x000D_n1001 Pat\u00e8res vous propose de d\u00e9couvrir ici les d\u00e9tails de la <strong>pat\u00e8re vintage Maison Jean HELION<\/strong> de chez <strong>NESU<\/strong>._x000D_n_x000D_n<a href=\"https:\/\/1001pateres.com\/brand\/nesu\/\">NESU<\/a> est l&rsquo;une des marques les plus vendues chez 1001 Pat\u00e8res gr\u00e2ce \u00e0 deux collections fabuleuses. La premi\u00e8re est l&rsquo;une des plus classiques et passe partout qui soit. Il s&rsquo;agit d&rsquo;un <strong>support rectangle en pin avec 3 pat\u00e8res boules<\/strong>, disponibles avec diff\u00e9rents vernis color\u00e9s ou <a href=\"https:\/\/1001pateres.com\/produit\/patere-bois-3-crochets-pin-blanc\/\">laqu\u00e9 blanc<\/a>. La seconde est beaucoup plus stylis\u00e9e. Il s&rsquo;agit d&rsquo;un<strong> support en bois de h\u00eatre vieilli<\/strong> ou <strong>en <a href=\"https:\/\/1001pateres.com\/produit\/patere-vintage-motos-riders\/\">m\u00e9tal vintage<\/a><\/strong> avec un <strong>imprim\u00e9 personnalis\u00e9 et 4 pat\u00e8res<\/strong> dans le m\u00eame esprit._x000D_n_x000D_nC&rsquo;est d&rsquo;ailleurs \u00e0 cette collection qu&rsquo;appartient la r\u00e9f\u00e9rence ci contre. Ce <strong>porte manteau support\u00a0m\u00e9tallique et 4 crochets porcelaine<\/strong> met en avant <strong>l&rsquo;artisanat \u00e0 la fran\u00e7aise<\/strong>. En effet, l&rsquo;\u00e9criture stylis\u00e9e \u00ab\u00a0Maison Jean Helion\u00a0\u00bb reprend ind\u00e9niablement la <strong>typographie d&rsquo;\u00e9poque utilis\u00e9e dans le secteur artisanal \u00e0 la fran\u00e7aise<\/strong>, de la sommellerie \u00e0 la droguerie.\u00a0Par ailleurs, ses\u00a04<strong> pat\u00e8res aux\u00a0embouts c\u00e9ramiques<\/strong> permettent de ne pas marquer les v\u00eatements._x000D_n_x000D_nEnfin, dans le m\u00eame esprit, NESU a d\u00e9j\u00e0 imagin\u00e9 des pat\u00e8res dans les th\u00e9matiques suivantes:_x000D_n<\/p>\n<ul>_x000D_n \t<\/p>\n<li><a href=\"https:\/\/1001pateres.com\/produit\/patere-vintage-cuisine-food\/\">Cuisine<\/a><\/li>\n<p>_x000D_n \t<\/p>\n<li><a href=\"https:\/\/1001pateres.com\/produit\/patere-garage-voitures-americaines\/\">Garage<\/a><\/li>\n<p>_x000D_n \t<\/p>\n<li><a href=\"https:\/\/1001pateres.com\/produit\/patere-vintage-new-york\/\">New York<\/a><\/li>\n<p>_x000D_n \t<\/p>\n<li><a href=\"https:\/\/1001pateres.com\/produit\/patere-vintage-motos-riders\/\">Motos Riders<\/a><\/li>\n<p>_x000D_n \t<\/p>\n<li><a href=\"https:\/\/1001pateres.com\/produit\/patere-vintage-surf-california\/\">Surf California<\/a><\/li>\n<p>_x000D_n \t<\/p>\n<li><a href=\"https:\/\/1001pateres.com\/produit\/patere-vintage-cuisine-breakfast\/\">Breakfast<\/a><\/li>\n<p>_x000D_n<\/ul>\n<p>_x000D_n<\/p>\n<h3>Conseils d&rsquo;installation pour la pat\u00e8re vintage Maison Jean Helion<\/h3>\n<p>_x000D_nIl est \u00e0 poser partout dans la maison pour <strong>maximiser le rangement<\/strong>. Il sera tr\u00e8s beau dans un <strong>garage<\/strong>, dans une <strong>cave<\/strong>, une <strong>cuisine<\/strong>, un <strong>salon<\/strong> et m\u00eame une <strong>entr\u00e9e<\/strong>. Ses coloris chaud vintage s&rsquo;inscriront aussi parfaitement dans une <strong>d\u00e9coration \u00ab\u00a0coloniale\u00a0\u00bb<\/strong>._x000D_n_x000D_nAussi, son\u00a0syst\u00e8me d&rsquo;accrochage est simple. Cette pat\u00e8re vintage comporte des <strong>fixations sur pattes non visibles<\/strong> une fois pos\u00e9e sur le mur. <span style=\"line-height: 1.5\">La fixation\u00a0au mur se fait avec<strong> 2 vis<\/strong><\/span><span style=\"line-height: 1.5\"><strong> et chevilles<\/strong> qui sont incluses. Sa pose n\u00e9cessite l&rsquo;usage de votre perceuse.<\/span>_x000D_n_x000D_nEnfin voici ses <strong>dimensions<\/strong> que vous pourrez comparer avec celle du pan de mur o\u00f9 vous pr\u00e9voyez de le suspendre:_x000D_n<\/p>\n<ul>_x000D_n \t<\/p>\n<li>Le support 40 cm X 15,5 cm<\/li>\n<p>_x000D_n \t<\/p>\n<li>Ecartement du mur 7 cm<\/li>\n<p>_x000D_n<\/ul>\n<p>_x000D_nEn cas de questions, n&rsquo;h\u00e9sitez pas \u00e0 contacter 1001 Pat\u00e8res via sa page <a href=\"https:\/\/1001pateres.com\/contactez-nous\/\">Contact<\/a>.<\/p>\n","protected":false},"excerpt":{"rendered":"<p>Ce porte-manteaux pour l&rsquo;<strong>ENTREE<\/strong> comportant 4 pat\u00e8res de la marque <em><strong>NESU<\/strong><\/em> est en m\u00e9tal imprim\u00e9 vintage <em>Maison Jean HELION<\/em> et comporte des embouts en c\u00e9ramique pour ne pas abimer les v\u00eatements. Il est \u00e0 poser partout dans la maison pour ne plus voir trainer ses affaires. Son syst\u00e8me d&rsquo;accrochage est simple, des fixations sur pattes visibles une fois pos\u00e9e sur le mur. Il est\u00a0original et de belle qualit\u00e9, en acier imprim\u00e9.<\/p>\n","protected":false},"featured_media":1949,"comment_status":"closed","ping_status":"open","template":"","meta":[],"product_cat":[20,32],"product_tag":[25],"class_list":["post-461","product","type-product","status-publish","has-post-thumbnail","hentry","product_cat-cuisine","product_cat-entree-sejour","product_tag-crochet-patere-patere-design-patere-murale-patere-porte-pateres-porte-manteau-porte-serviette-porte-torchon-vestiaire","description-off"],"_links":{"self":[{"href":"https:\/\/roulettes.vaniseo.top\/index.php\/wp-json\/wp\/v2\/product\/461","targetHints":{"allow":["GET"]}}],"collection":[{"href":"https:\/\/roulettes.vaniseo.top\/index.php\/wp-json\/wp\/v2\/product"}],"about":[{"href":"https:\/\/roulettes.vaniseo.top\/index.php\/wp-json\/wp\/v2\/types\/product"}],"replies":[{"embeddable":true,"href":"https:\/\/roulettes.vaniseo.top\/index.php\/wp-json\/wp\/v2\/comments?post=461"}],"version-history":[{"count":0,"href":"https:\/\/roulettes.vaniseo.top\/index.php\/wp-json\/wp\/v2\/product\/461\/revisions"}],"wp:featuredmedia":[{"embeddable":true,"href":"https:\/\/roulettes.vaniseo.top\/index.php\/wp-json\/wp\/v2\/media\/1949"}],"wp:attachment":[{"href":"https:\/\/roulettes.vaniseo.top\/index.php\/wp-json\/wp\/v2\/media?parent=461"}],"wp:term":[{"taxonomy":"product_cat","embeddable":true,"href":"https:\/\/roulettes.vaniseo.top\/index.php\/wp-json\/wp\/v2\/product_cat?post=461"},{"taxonomy":"product_tag","embeddable":true,"href":"https:\/\/roulettes.vaniseo.top\/index.php\/wp-json\/wp\/v2\/product_tag?post=461"}],"curies":[{"name":"wp","href":"https:\/\/api.w.org\/{rel}","templated":true}]}}