{"id":462,"date":"2022-04-04T16:21:47","date_gmt":"2022-04-04T14:21:47","guid":{"rendered":"https:\/\/roulettes.vaniseo.top\/index.php\/produit\/patere-vintage-cuisine-bon-appetit\/"},"modified":"2022-04-04T17:21:09","modified_gmt":"2022-04-04T15:21:09","slug":"patere-vintage-cuisine-bon-appetit","status":"publish","type":"product","link":"https:\/\/roulettes.vaniseo.top\/index.php\/produit\/patere-vintage-cuisine-bon-appetit\/","title":{"rendered":"Pat\u00e8re vintage cuisine bon app\u00e9tit"},"content":{"rendered":"<h3>Porte serviette cuisine avec 4 crochets en porcelaine<\/h3>\n<p>_x000D_nD\u00e9couvrez ici toutes les informations de cette<strong> pat\u00e8re vintage cuisine bon app\u00e9tit<\/strong> de la marque NESU._x000D_n_x000D_nEn effet, chez 1001 Pat\u00e8res, nous avons s\u00e9lectionn\u00e9 de nombreuses r\u00e9f\u00e9rences de pat\u00e8res, porte manteaux et porte serviettes de la marque <a href=\"https:\/\/1001pateres.com\/brand\/nesu\/\">NESU<\/a>. Vous retrouverez notamment deux grandes collections. La premi\u00e8re est le style classique par excellence d&rsquo;un <strong>porte manteau multiple en bois de pin et ses 3 pat\u00e8res boules<\/strong> qui ne marquent pas les v\u00eatements. L\u00e0, de nombreux coloris vernis vous attendent, et une en <a href=\"https:\/\/1001pateres.com\/produit\/patere-bois-3-crochets-pin-blanc\/\">blanc<\/a> laqu\u00e9 \u00e9galement._x000D_n_x000D_nLa seconde est un support en <a href=\"https:\/\/1001pateres.com\/produit\/patere-4-crochets-dores-sur-fond-feuilles-dorees\/\">bois<\/a> ou en m\u00e9tal comme ici reprenant un imprim\u00e9 et 4 crochets dans un <strong>m\u00eame style tr\u00e8s personnalis\u00e9<\/strong>._x000D_n_x000D_nAinsi, ci-contre, ce porte serviette cuisine dispose de 4 crochets en porcelaine. Au dessus des <strong>4 crochets<\/strong> fix\u00e9s sur la ligne horizontale inf\u00e9rieure du support, un <strong>imprim\u00e9 \u00ab\u00a0Bon App\u00e9tit\u00a0\u00bb<\/strong> dans des<strong> coloris jaune pastel et blanc<\/strong> offre un <strong>style cuisine ancienne fran\u00e7aise, vintage<\/strong>. Ses\u00a0<strong>4 pat\u00e8res offrent des\u00a0embouts en c\u00e9ramique<\/strong> pour bien maintenir les v\u00eatements._x000D_n_x000D_n&nbsp;_x000D_n<\/p>\n<h3>Conseils d&rsquo;installation de la pat\u00e8re vintage cuisine bon app\u00e9tit<\/h3>\n<p>_x000D_nAussi, il est \u00e0 installer dans toute cuisine pour ranger vos serviettes et torchons. Pour ce faire,\u00a0son\u00a0syst\u00e8me d&rsquo;accrochage est simple. Il s&rsquo;agit de fixations sur pattes non visibles une fois pos\u00e9es sur le mur. Cette\u00a0<span style=\"line-height: 1.5\">fixation\u00a0au mur de la pat\u00e8re vintage cuisine bon app\u00e9tit se fait avec ses 2 vis et chevilles incluses, et votre perceuse.\u00a0<\/span>_x000D_n_x000D_nOffrez-vous le style d&rsquo;une <strong>cuisine fran\u00e7aise vintage originale<\/strong> gr\u00e2ce \u00e0 cette pat\u00e8re vintage cuisine \u00ab\u00a0Bon App\u00e9tit\u00a0\u00bb de belle qualit\u00e9. Pensez juste \u00e0 v\u00e9rifier les <strong>dimensions<\/strong> de l&rsquo;espace d\u00e9di\u00e9 vis \u00e0 vis de celles de cette r\u00e9f\u00e9rence, d\u00e9taill\u00e9es ci-apr\u00e8s:_x000D_n<\/p>\n<ul>_x000D_n \t<\/p>\n<li>Le support: 40 x 15,5 cm<\/li>\n<p>_x000D_n \t<\/p>\n<li>Ecartement du mur: 7 cm<\/li>\n<p>_x000D_n<\/ul>\n<p>_x000D_nDans le m\u00eame esprit, profitez aussi d&rsquo;autres imprim\u00e9s comme :_x000D_n<\/p>\n<ul>_x000D_n \t<\/p>\n<li><a href=\"https:\/\/1001pateres.com\/produit\/patere-garage-voitures-americaines\/\">Garage<\/a><\/li>\n<p>_x000D_n \t<\/p>\n<li><a href=\"https:\/\/1001pateres.com\/produit\/patere-vintage-new-york\/\">New York<\/a><\/li>\n<p>_x000D_n \t<\/p>\n<li><a href=\"https:\/\/1001pateres.com\/produit\/patere-vintage-motos-riders\/\">Motos Riders<\/a><\/li>\n<p>_x000D_n \t<\/p>\n<li><a href=\"https:\/\/1001pateres.com\/produit\/patere-vintage-surf-california\/\">Surf California<\/a><\/li>\n<p>_x000D_n \t<\/p>\n<li><a href=\"https:\/\/1001pateres.com\/produit\/patere-vintage-cuisine-breakfast\/\">Breakfast<\/a><\/li>\n<p>_x000D_n \t<\/p>\n<li><a href=\"https:\/\/1001pateres.com\/produit\/patere-vintage-fleur-lavande\/\">Fleur Lavande<\/a><\/li>\n<p>_x000D_n \t<\/p>\n<li><a href=\"https:\/\/1001pateres.com\/produit\/patere-vintage-salle-de-bain\/\">Salle de Bain<\/a><\/li>\n<p>_x000D_n \t<\/p>\n<li><a href=\"https:\/\/1001pateres.com\/produit\/patere-vintage-maison-jean-helion\/\">Maison Jean Helion<\/a><\/li>\n<p>_x000D_n<\/ul>\n","protected":false},"excerpt":{"rendered":"<p>Ce porte-manteaux pour la <strong>CUISINE\u00a0<\/strong>comportant 4 pat\u00e8res de la marque <em><strong>NESU<\/strong><\/em> est en m\u00e9tal imprim\u00e9 vintage BON APPETIT et comporte des <em>embouts en c\u00e9ramique<\/em> pour ne pas abimer les v\u00eatements. Il est \u00e0 poser dans la cuisine pour ne plus voir trainer ses affaires ou ses torchons. Son syst\u00e8me d&rsquo;accrochage est simple, des fixations sur pattes visibles une fois pos\u00e9e sur le mur. Il est\u00a0original et de belle qualit\u00e9, en acier imprim\u00e9.<\/p>\n","protected":false},"featured_media":1950,"comment_status":"closed","ping_status":"open","template":"","meta":[],"product_cat":[20],"product_tag":[25],"class_list":["post-462","product","type-product","status-publish","has-post-thumbnail","hentry","product_cat-cuisine","product_tag-crochet-patere-patere-design-patere-murale-patere-porte-pateres-porte-manteau-porte-serviette-porte-torchon-vestiaire","description-off"],"_links":{"self":[{"href":"https:\/\/roulettes.vaniseo.top\/index.php\/wp-json\/wp\/v2\/product\/462","targetHints":{"allow":["GET"]}}],"collection":[{"href":"https:\/\/roulettes.vaniseo.top\/index.php\/wp-json\/wp\/v2\/product"}],"about":[{"href":"https:\/\/roulettes.vaniseo.top\/index.php\/wp-json\/wp\/v2\/types\/product"}],"replies":[{"embeddable":true,"href":"https:\/\/roulettes.vaniseo.top\/index.php\/wp-json\/wp\/v2\/comments?post=462"}],"version-history":[{"count":0,"href":"https:\/\/roulettes.vaniseo.top\/index.php\/wp-json\/wp\/v2\/product\/462\/revisions"}],"wp:featuredmedia":[{"embeddable":true,"href":"https:\/\/roulettes.vaniseo.top\/index.php\/wp-json\/wp\/v2\/media\/1950"}],"wp:attachment":[{"href":"https:\/\/roulettes.vaniseo.top\/index.php\/wp-json\/wp\/v2\/media?parent=462"}],"wp:term":[{"taxonomy":"product_cat","embeddable":true,"href":"https:\/\/roulettes.vaniseo.top\/index.php\/wp-json\/wp\/v2\/product_cat?post=462"},{"taxonomy":"product_tag","embeddable":true,"href":"https:\/\/roulettes.vaniseo.top\/index.php\/wp-json\/wp\/v2\/product_tag?post=462"}],"curies":[{"name":"wp","href":"https:\/\/api.w.org\/{rel}","templated":true}]}}