{"id":463,"date":"2022-04-04T16:21:47","date_gmt":"2022-04-04T14:21:47","guid":{"rendered":"https:\/\/roulettes.vaniseo.top\/index.php\/produit\/patere-vintage-cuisine\/"},"modified":"2022-04-04T17:21:09","modified_gmt":"2022-04-04T15:21:09","slug":"patere-vintage-cuisine","status":"publish","type":"product","link":"https:\/\/roulettes.vaniseo.top\/index.php\/produit\/patere-vintage-cuisine\/","title":{"rendered":"Pat\u00e8re vintage cuisine"},"content":{"rendered":"<h3>Porte serviette cuisine avec 4 boutons porcelaine vintage<\/h3>\n<p>_x000D_n1001 Pat\u00e8res vous pr\u00e9sente ici sa <strong>pat\u00e8re vintage cuisine \u00e0 4 boutons porcelaine<\/strong> de la marque NESU._x000D_n_x000D_n<a href=\"https:\/\/1001pateres.com\/brand\/nesu\/\">NESU<\/a> est l&rsquo;une des marques les plus mises \u00e0 l&rsquo;honneur sur notre site de vente en ligne de pat\u00e8res et porte manteaux. Ainsi, avec NESU, nous vous proposons de profiter de deux grandes collections. La <strong>premi\u00e8re<\/strong> est l&rsquo;une des plus classiques pat\u00e8res multiples qui soit. Il s&rsquo;agit d&rsquo;un <strong>rectangle en pin avec 3 boutons ronds.<\/strong> Ceux-ci ne d\u00e9forment pas les v\u00eatements. Son style classique permet vraiment de <strong>se fondre dans n&rsquo;importe quelle d\u00e9coration d&rsquo;int\u00e9rieur<\/strong>. Retrouvez diff\u00e9rents <strong>coloris de vernis<\/strong>, ou <a href=\"https:\/\/1001pateres.com\/produit\/patere-bois-3-crochets-pin-blanc\/\"><strong>blanc<\/strong><\/a>._x000D_n_x000D_nPar ailleurs, la seconde collection de pat\u00e8res <strong>NESU<\/strong> est elle, beaucoup plus <strong>stylis\u00e9e<\/strong>. Chaque r\u00e9f\u00e9rence valorise un style (vintage, fleuri, baroque, urbain etc&#8230;) sur un <strong>support rectangulaire en <a href=\"https:\/\/1001pateres.com\/produit\/patere-bois-vieilli-sur-fond-patchwork\/\">bois<\/a> ou en m\u00e9tal<\/strong> comme ci-contre. La collection offre toujours <strong>4 crochets ou boutons<\/strong> pour suspendre ses affaires._x000D_n_x000D_nAinsi, ce porte serviette cuisine est en m\u00e9tal imprim\u00e9. Il reprend 4 grandes <strong>illustrations de femmes d&rsquo;int\u00e9rieur\u00a0am\u00e9ricaines d&rsquo;\u00e9poque<\/strong>. Ce style vintage est parfait pour une cuisine. Retrouvez sous chaque illustration, une\u00a0pat\u00e8re avec son\u00a0embout en c\u00e9ramique pour ne pas abimer les v\u00eatements. Il est \u00e0 poser dans la cuisine pour ne plus voir trainer serviettes et torchons._x000D_n_x000D_n&nbsp;_x000D_n<\/p>\n<h3>Conseils d&rsquo;installation de la pat\u00e8re vintage cuisine<\/h3>\n<p>_x000D_nAussi, son\u00a0syst\u00e8me d&rsquo;<strong>accrochage<\/strong> est simple et efficace. Retrouvez \u00e0 son dos, des fixations sur pattes non visibles une fois pos\u00e9e sur le mur._x000D_n_x000D_n<span style=\"line-height: 1.5\">La fixation\u00a0au mur de la pat\u00e8re vintage cuisine se fait avec <strong>2 vis et ses chevilles incluses<\/strong> et<\/span>\u00a0l&rsquo;usage d&rsquo;une perceuse._x000D_n_x000D_nFaites comme nos clients, offrez une <strong>touche vintage<\/strong> \u00e0 votre cuisine pour lui donner du <strong>pep&rsquo;s<\/strong>! Gr\u00e2ce \u00e0 cette r\u00e9f\u00e9rence de <strong>porte serviette cuisine<\/strong> de belle qualit\u00e9, offrez- vous une <strong>solution de rangement originale<\/strong>!_x000D_n_x000D_nEnfin, voici les <strong>dimensions<\/strong> de cette pat\u00e8re vintage cuisine NESU:_x000D_n<\/p>\n<ul>_x000D_n \t<\/p>\n<li>Le support: 40 x 15,5 cm<\/li>\n<p>_x000D_n \t<\/p>\n<li>Ecartement du mur: 7 cm<\/li>\n<p>_x000D_n<\/ul>\n<p>_x000D_nDans le m\u00eame esprit, profitez aussi d&rsquo;autres imprim\u00e9s comme :_x000D_n<\/p>\n<ul>_x000D_n \t<\/p>\n<li><a href=\"https:\/\/1001pateres.com\/produit\/patere-vintage-cuisine-food\/\">Cuisine<\/a><\/li>\n<p>_x000D_n \t<\/p>\n<li><a href=\"https:\/\/1001pateres.com\/produit\/patere-garage-voitures-americaines\/\">Garage<\/a><\/li>\n<p>_x000D_n \t<\/p>\n<li><a href=\"https:\/\/1001pateres.com\/produit\/patere-vintage-new-york\/\">New York<\/a><\/li>\n<p>_x000D_n \t<\/p>\n<li><a href=\"https:\/\/1001pateres.com\/produit\/patere-vintage-motos-riders\/\">Motos Riders<\/a><\/li>\n<p>_x000D_n \t<\/p>\n<li><a href=\"https:\/\/1001pateres.com\/produit\/patere-vintage-surf-california\/\">Surf California<\/a><\/li>\n<p>_x000D_n \t<\/p>\n<li><a href=\"https:\/\/1001pateres.com\/produit\/patere-vintage-cuisine-breakfast\/\">Breakfast<\/a><\/li>\n<p>_x000D_n \t<\/p>\n<li><a href=\"https:\/\/1001pateres.com\/produit\/patere-vintage-fleur-lavande\/\">Fleur Lavande<\/a><\/li>\n<p>_x000D_n \t<\/p>\n<li><a href=\"https:\/\/1001pateres.com\/produit\/patere-vintage-salle-de-bain\/\">Salle de Bain<\/a><\/li>\n<p>_x000D_n \t<\/p>\n<li><a href=\"https:\/\/1001pateres.com\/produit\/patere-vintage-maison-jean-helion\/\">Maison Jean Helion<\/a><\/li>\n<p>_x000D_n<\/ul>\n","protected":false},"excerpt":{"rendered":"<p>Ce porte-manteaux pour la <strong>CUISINE\u00a0<\/strong>comportant 4 pat\u00e8res de la marque <em><strong>NESU<\/strong><\/em> est en m\u00e9tal imprim\u00e9 vintage FOOD et comporte des embouts en c\u00e9ramique pour ne pas abimer les v\u00eatements. Il est \u00e0 poser dans la cuisine pour ne plus voir trainer ses affaires ou ses torchons. Son syst\u00e8me d&rsquo;accrochage est simple, des fixations sur pattes non visibles une fois pos\u00e9e sur le mur. Il est\u00a0original et de belle qualit\u00e9, en acier imprim\u00e9.<\/p>\n","protected":false},"featured_media":1951,"comment_status":"closed","ping_status":"open","template":"","meta":[],"product_cat":[20],"product_tag":[25],"class_list":["post-463","product","type-product","status-publish","has-post-thumbnail","hentry","product_cat-cuisine","product_tag-crochet-patere-patere-design-patere-murale-patere-porte-pateres-porte-manteau-porte-serviette-porte-torchon-vestiaire","description-off"],"_links":{"self":[{"href":"https:\/\/roulettes.vaniseo.top\/index.php\/wp-json\/wp\/v2\/product\/463","targetHints":{"allow":["GET"]}}],"collection":[{"href":"https:\/\/roulettes.vaniseo.top\/index.php\/wp-json\/wp\/v2\/product"}],"about":[{"href":"https:\/\/roulettes.vaniseo.top\/index.php\/wp-json\/wp\/v2\/types\/product"}],"replies":[{"embeddable":true,"href":"https:\/\/roulettes.vaniseo.top\/index.php\/wp-json\/wp\/v2\/comments?post=463"}],"version-history":[{"count":0,"href":"https:\/\/roulettes.vaniseo.top\/index.php\/wp-json\/wp\/v2\/product\/463\/revisions"}],"wp:featuredmedia":[{"embeddable":true,"href":"https:\/\/roulettes.vaniseo.top\/index.php\/wp-json\/wp\/v2\/media\/1951"}],"wp:attachment":[{"href":"https:\/\/roulettes.vaniseo.top\/index.php\/wp-json\/wp\/v2\/media?parent=463"}],"wp:term":[{"taxonomy":"product_cat","embeddable":true,"href":"https:\/\/roulettes.vaniseo.top\/index.php\/wp-json\/wp\/v2\/product_cat?post=463"},{"taxonomy":"product_tag","embeddable":true,"href":"https:\/\/roulettes.vaniseo.top\/index.php\/wp-json\/wp\/v2\/product_tag?post=463"}],"curies":[{"name":"wp","href":"https:\/\/api.w.org\/{rel}","templated":true}]}}