{"id":464,"date":"2022-04-04T16:21:47","date_gmt":"2022-04-04T14:21:47","guid":{"rendered":"https:\/\/roulettes.vaniseo.top\/index.php\/produit\/patere-vintage-salle-de-bain\/"},"modified":"2022-04-04T17:21:10","modified_gmt":"2022-04-04T15:21:10","slug":"patere-vintage-salle-de-bain","status":"publish","type":"product","link":"https:\/\/roulettes.vaniseo.top\/index.php\/produit\/patere-vintage-salle-de-bain\/","title":{"rendered":"Pat\u00e8re vintage salle de bain"},"content":{"rendered":"<h3>Porte manteau salle de bain vintage \u00e0 4 boutons en porcelaine<\/h3>\n<p>_x000D_n1001 Pat\u00e8res vous propose ici de d\u00e9couvrir toutes les informations d\u00e9taill\u00e9es de cette r\u00e9f\u00e9rence de <strong>pat\u00e8re vintage salle de bain<\/strong>\u00a0avec ses 4<strong> boutons en porcelaine<\/strong> de chez <strong>NESU<\/strong>._x000D_n_x000D_nEn effet, 1001 Pat\u00e8res a s\u00e9lectionn\u00e9 la marque <a href=\"https:\/\/1001pateres.com\/brand\/nesu\/\">NESU<\/a> pour sa boutique en ligne de pat\u00e8res et porte-manteaux. Ainsi, vous trouverez sur ce site de nombreuses r\u00e9f\u00e9rences de cette marque. <strong>Deux grandes collections<\/strong> sont mises \u00e0 l&rsquo;honneur ici. La premi\u00e8re est l&rsquo;un des <strong>meilleurs rapports qualit\u00e9 prix<\/strong> du site. Il s&rsquo;agit d&rsquo;un <strong>porte manteau en pin avec 3 boutons ronds<\/strong> ne d\u00e9formant pas les v\u00eatements. Cette collection est disponible en diff\u00e9rents coloris, notamment vernis bois et <a href=\"https:\/\/1001pateres.com\/produit\/patere-bois-3-crochets-pin-blanc\/\">blanc<\/a>._x000D_n_x000D_nLa seconde collection est celle de la r\u00e9f\u00e9rence pr\u00e9sent\u00e9e sur cette page. Il s&rsquo;agit d&rsquo;un <strong>rectangle comme support<\/strong> parfois en <a href=\"https:\/\/1001pateres.com\/produit\/patere-bois-vieilli-sur-fond-patchwork\/\">bois<\/a>, parfois comme ici en m\u00e9tal. Ce support est ensuite travaill\u00e9 avec un imprim\u00e9 inscrivant l&rsquo;ensemble <strong>dans un style sp\u00e9cifique<\/strong>. Ici, le vintage. Enfin, vous retrouvez <strong>toujours 4 crochets<\/strong> ou boutons pour suspendre vos affaires._x000D_n_x000D_nAinsi, ce porte manteau pour salle de bain est en <strong>acier<\/strong>. Il comporte\u00a0<strong>4 pat\u00e8res avec des embouts en c\u00e9ramique<\/strong> pour ne pas abimer les v\u00eatements. Il est \u00e0 poser dans la <strong>salle de bain<\/strong> pour ne plus voir trainer ses affaires ou serviettes. Avec un <strong>style ancien<\/strong>, il plongera votre espace d&rsquo;eau dans un <strong>esprit boudoir d&rsquo;\u00e9poque tr\u00e8s chic<\/strong>._x000D_n_x000D_n&nbsp;_x000D_n<\/p>\n<h3>Installation de la pat\u00e8re vintage salle de bain<\/h3>\n<p>_x000D_nAussi, son\u00a0syst\u00e8me d&rsquo;accrochage est simple. Il s&rsquo;agit de <strong>fixations sur pattes non visibles<\/strong> une fois pos\u00e9e sur le mur qui<span style=\"line-height: 1.5\">\u00a0se fait avec<strong> 2 vis et chevilles incluses<\/strong><\/span>. Sa pose n\u00e9cessite donc l&rsquo;usage d&rsquo;une perceuse._x000D_n_x000D_nNos clients choisissent cette r\u00e9f\u00e9rence de porte manteau pour salle de bain car elle est\u00a0<strong>originale<\/strong> et de <strong>belle qualit\u00e9<\/strong>. En plus, elle<span style=\"line-height: 1.5\">\u00a0offre une\u00a0<strong>touche vintage \u00e0 votre salle de bain<\/strong>.<\/span>_x000D_n_x000D_nVoici ses <strong>dimensions<\/strong>:_x000D_n<\/p>\n<ul>_x000D_n \t<\/p>\n<li>Le support: 40 cm X 15,5 cm<\/li>\n<p>_x000D_n \t<\/p>\n<li>Ecartement du mur: 7 cm<\/li>\n<p>_x000D_n<\/ul>\n<p>_x000D_nEnfin, dans le m\u00eame esprit, NESU a d\u00e9j\u00e0 d\u00e9sign\u00e9 des pat\u00e8res dans les th\u00e9matiques suivantes:_x000D_n<\/p>\n<ul>_x000D_n \t<\/p>\n<li><a href=\"https:\/\/1001pateres.com\/produit\/patere-vintage-cuisine-food\/\">Cuisine<\/a><\/li>\n<p>_x000D_n \t<\/p>\n<li><a href=\"https:\/\/1001pateres.com\/produit\/patere-garage-voitures-americaines\/\">Garage<\/a><\/li>\n<p>_x000D_n \t<\/p>\n<li><a href=\"https:\/\/1001pateres.com\/produit\/patere-vintage-new-york\/\">New York<\/a><\/li>\n<p>_x000D_n \t<\/p>\n<li><a href=\"https:\/\/1001pateres.com\/produit\/patere-vintage-motos-riders\/\">Motos Riders<\/a><\/li>\n<p>_x000D_n \t<\/p>\n<li><a href=\"https:\/\/1001pateres.com\/produit\/patere-vintage-surf-california\/\">Surf California<\/a><\/li>\n<p>_x000D_n \t<\/p>\n<li><a href=\"https:\/\/1001pateres.com\/produit\/patere-vintage-cuisine-breakfast\/\">Breakfast<\/a><\/li>\n<p>_x000D_n \t<\/p>\n<li><a href=\"https:\/\/1001pateres.com\/produit\/patere-vintage-maison-jean-helion\/\">Maison Jean Helion<\/a><\/li>\n<p>_x000D_n \t<\/p>\n<li><a href=\"https:\/\/1001pateres.com\/produit\/patere-vintage-salle-de-bain\/\">Salle de bain<\/a><\/li>\n<p>_x000D_n \t<\/p>\n<li><a href=\"https:\/\/1001pateres.com\/produit\/patere-vintage-fleur-lavande\/\">Fleur Lavande<\/a><\/li>\n<p>_x000D_n<\/ul>\n","protected":false},"excerpt":{"rendered":"<p>Ce porte-manteaux pour la <strong>SALLE DE BAIN\u00a0<\/strong>comportant 4 pat\u00e8res de la marque <em><strong>NESU<\/strong><\/em> est en m\u00e9tal imprim\u00e9 vintage et comporte des embouts en c\u00e9ramique pour ne pas abimer les v\u00eatements. Il est \u00e0 poser dans la salle de bain pour ne plus voir trainer ses affaires ou ses serviettes. Son syst\u00e8me d&rsquo;accrochage est simple, des fixations sur pattes visibles une fois pos\u00e9e sur le mur. Il est\u00a0original et de belle qualit\u00e9, en acier imprim\u00e9.<\/p>\n","protected":false},"featured_media":1952,"comment_status":"closed","ping_status":"open","template":"","meta":[],"product_cat":[17],"product_tag":[25],"class_list":["post-464","product","type-product","status-publish","has-post-thumbnail","hentry","product_cat-salle-de-bain","product_tag-crochet-patere-patere-design-patere-murale-patere-porte-pateres-porte-manteau-porte-serviette-porte-torchon-vestiaire","description-off"],"_links":{"self":[{"href":"https:\/\/roulettes.vaniseo.top\/index.php\/wp-json\/wp\/v2\/product\/464","targetHints":{"allow":["GET"]}}],"collection":[{"href":"https:\/\/roulettes.vaniseo.top\/index.php\/wp-json\/wp\/v2\/product"}],"about":[{"href":"https:\/\/roulettes.vaniseo.top\/index.php\/wp-json\/wp\/v2\/types\/product"}],"replies":[{"embeddable":true,"href":"https:\/\/roulettes.vaniseo.top\/index.php\/wp-json\/wp\/v2\/comments?post=464"}],"version-history":[{"count":0,"href":"https:\/\/roulettes.vaniseo.top\/index.php\/wp-json\/wp\/v2\/product\/464\/revisions"}],"wp:featuredmedia":[{"embeddable":true,"href":"https:\/\/roulettes.vaniseo.top\/index.php\/wp-json\/wp\/v2\/media\/1952"}],"wp:attachment":[{"href":"https:\/\/roulettes.vaniseo.top\/index.php\/wp-json\/wp\/v2\/media?parent=464"}],"wp:term":[{"taxonomy":"product_cat","embeddable":true,"href":"https:\/\/roulettes.vaniseo.top\/index.php\/wp-json\/wp\/v2\/product_cat?post=464"},{"taxonomy":"product_tag","embeddable":true,"href":"https:\/\/roulettes.vaniseo.top\/index.php\/wp-json\/wp\/v2\/product_tag?post=464"}],"curies":[{"name":"wp","href":"https:\/\/api.w.org\/{rel}","templated":true}]}}