{"id":465,"date":"2022-04-04T16:21:47","date_gmt":"2022-04-04T14:21:47","guid":{"rendered":"https:\/\/roulettes.vaniseo.top\/index.php\/produit\/porte-manteau-new-york-imprime-et-4-crochets\/"},"modified":"2022-04-04T17:21:10","modified_gmt":"2022-04-04T15:21:10","slug":"porte-manteau-new-york-imprime-et-4-crochets","status":"publish","type":"product","link":"https:\/\/roulettes.vaniseo.top\/index.php\/produit\/porte-manteau-new-york-imprime-et-4-crochets\/","title":{"rendered":"Porte manteau New York imprim\u00e9 et 4 crochets"},"content":{"rendered":"<h3>Pat\u00e8re vintage New York avec 4 crochets en c\u00e9ramique<\/h3>\n<p>_x000D_n1001 Pat\u00e8res vous fait d\u00e9couvrir un <strong>porte manteau New York imprim\u00e9 avec 4 crochets porcelaine<\/strong> de chez <strong>NESU<\/strong>._x000D_n_x000D_nPour commencer, sachez que <a href=\"https:\/\/1001pateres.com\/brand\/nesu\/\">NESU<\/a> est l&rsquo;une des <strong>marques les plus mises en avant chez 1001 Pat\u00e8res<\/strong>. Tout d&rsquo;abord, pour sa collection ultra classique, mais au rapport qualit\u00e9 prix imbattable, de pat\u00e8re en <a href=\"https:\/\/1001pateres.com\/produit\/patere-bois-3-crochets-pin-verni-miel\/\">pin vernis<\/a> \u00e0 3 boutons ronds. Mais notre coup de coeur se porte surtout sur une seconde. La r\u00e9f\u00e9rence ci-contre en fait partie. Le principe est toujours un <strong>rectangle<\/strong> en bois ou en <strong>m\u00e9tal<\/strong> comme ici, avec <strong>4 crochets du m\u00eame esprit.<\/strong>_x000D_n_x000D_n&nbsp;_x000D_n<\/p>\n<h3>Porte manteau New York NESU<\/h3>\n<p>_x000D_nAinsi, ici, il s&rsquo;agit de <strong>4 images en acier peint<\/strong>\u00a0avec des <strong>typographies vari\u00e9es de l&rsquo;esprit NEW YORK<\/strong>. Clairement le support de cette pat\u00e8re est <strong>vintage<\/strong>. Pour la compl\u00e9ter parfaitement, sous chaque image, retrouvez un <strong>crochet \u00e0 la tige en m\u00e9tal et \u00e0 l&#8217;embout en c\u00e9ramique beige<\/strong>. C&rsquo;est l&rsquo;id\u00e9al\u00a0pour <strong>ne pas abimer les v\u00eatements<\/strong>. Il est \u00e0 poser partout dans la maison pour ne plus voir trainer ses affaires. Un espace bar, un <a href=\"https:\/\/1001pateres.com\/univers\/garage\/\">garage<\/a> ou tout autre <strong>univers plut\u00f4t masculin<\/strong> sera parfait._x000D_n_x000D_nAussi, son\u00a0syst\u00e8me d&rsquo;accrochage est simple, gr\u00e2ce \u00e0 des fixations sur <strong>pattes non visibles<\/strong> une fois pos\u00e9e sur le mur. <span style=\"line-height: 1.5\">La fixation\u00a0au mur de la pat\u00e8re vintage New York se fait avec 2 vis. <strong>Vis et chevilles sont fournies<\/strong>. Sa pose n\u00e9cessite l&rsquo;usage d&rsquo;une <strong>perceuse<\/strong>.<\/span>_x000D_n_x000D_nChoisissez donc ce <strong>porte manteau New York<\/strong> pour son originalit\u00e9 et sa belle qualit\u00e9, en <strong>acier noir imprim\u00e9<\/strong>.\u00a0<span style=\"line-height: 1.5\">Il\u00a0permet ainsi une touche <strong>vintage<\/strong> dans votre int\u00e9rieur. Veillez juste \u00e0 v\u00e9rifier ses <strong>d<\/strong><\/span><strong>imensions<\/strong> par rapport \u00e0 celles de l&rsquo;espace o\u00f9 vous pr\u00e9voyez de la suspendre:_x000D_n<\/p>\n<ul>_x000D_n \t<\/p>\n<li>Le support: 40 cm X 15,5 cm<\/li>\n<p>_x000D_n \t<\/p>\n<li>Ecartement du mur: 7 cm<\/li>\n<p>_x000D_n<\/ul>\n<p>_x000D_nEnfin, dans le m\u00eame esprit, NESU a d\u00e9j\u00e0 d\u00e9sign\u00e9 d&rsquo;autres porte serviettes dans les th\u00e9matiques suivantes:_x000D_n<\/p>\n<ul>_x000D_n \t<\/p>\n<li><a href=\"https:\/\/1001pateres.com\/produit\/patere-vintage-fleur-lavande\/\">FLEUR LAVANDE<\/a><\/li>\n<p>_x000D_n \t<\/p>\n<li><a href=\"https:\/\/1001pateres.com\/produit\/patere-vintage-surf-california\/\">Surf California<\/a><\/li>\n<p>_x000D_n \t<\/p>\n<li><a href=\"https:\/\/1001pateres.com\/produit\/patere-vintage-cuisine-food\/\">Cuisine<\/a><\/li>\n<p>_x000D_n \t<\/p>\n<li><a href=\"https:\/\/1001pateres.com\/produit\/patere-garage-voitures-americaines\/\">Garage<\/a><\/li>\n<p>_x000D_n \t<\/p>\n<li><a href=\"https:\/\/1001pateres.com\/produit\/patere-vintage-motos-riders\/\">Motos Riders<\/a><\/li>\n<p>_x000D_n \t<\/p>\n<li><a href=\"https:\/\/1001pateres.com\/produit\/patere-vintage-surf-california\/\">Surf California<\/a><\/li>\n<p>_x000D_n \t<\/p>\n<li><a href=\"https:\/\/1001pateres.com\/produit\/patere-vintage-cuisine-breakfast\/\">Breakfast<\/a><\/li>\n<p>_x000D_n \t<\/p>\n<li><a href=\"https:\/\/1001pateres.com\/produit\/patere-vintage-salle-de-bain\/\">Salle de bain<\/a><\/li>\n<p>_x000D_n \t<\/p>\n<li><a href=\"https:\/\/1001pateres.com\/produit\/patere-vintage-maison-jean-helion\/\">Maison Jean Helion<\/a><\/li>\n<p>_x000D_n<\/ul>\n","protected":false},"excerpt":{"rendered":"<p>Ce porte-manteaux pour l&rsquo;<strong>ENTREE<\/strong> comportant 4 pat\u00e8res de la marque <em><strong>NESU<\/strong><\/em> est en m\u00e9tal imprim\u00e9 vintage New York comporte des embouts en c\u00e9ramique pour ne pas abimer les v\u00eatements. Il est \u00e0 poser partout dans la maison pour ne plus voir trainer ses affaires. Son syst\u00e8me d&rsquo;accrochage est simple, des fixations sur pattes visibles une fois pos\u00e9e sur le mur. Il est\u00a0original et de belle qualit\u00e9, en acier imprim\u00e9.<\/p>\n","protected":false},"featured_media":1953,"comment_status":"closed","ping_status":"open","template":"","meta":[],"product_cat":[29,16,20,32,30],"product_tag":[25],"class_list":["post-465","product","type-product","status-publish","has-post-thumbnail","hentry","product_cat-chambre-adulte","product_cat-chambre-enfant","product_cat-cuisine","product_cat-entree-sejour","product_cat-garage-cellier","product_tag-crochet-patere-patere-design-patere-murale-patere-porte-pateres-porte-manteau-porte-serviette-porte-torchon-vestiaire","description-off"],"_links":{"self":[{"href":"https:\/\/roulettes.vaniseo.top\/index.php\/wp-json\/wp\/v2\/product\/465","targetHints":{"allow":["GET"]}}],"collection":[{"href":"https:\/\/roulettes.vaniseo.top\/index.php\/wp-json\/wp\/v2\/product"}],"about":[{"href":"https:\/\/roulettes.vaniseo.top\/index.php\/wp-json\/wp\/v2\/types\/product"}],"replies":[{"embeddable":true,"href":"https:\/\/roulettes.vaniseo.top\/index.php\/wp-json\/wp\/v2\/comments?post=465"}],"version-history":[{"count":0,"href":"https:\/\/roulettes.vaniseo.top\/index.php\/wp-json\/wp\/v2\/product\/465\/revisions"}],"wp:featuredmedia":[{"embeddable":true,"href":"https:\/\/roulettes.vaniseo.top\/index.php\/wp-json\/wp\/v2\/media\/1953"}],"wp:attachment":[{"href":"https:\/\/roulettes.vaniseo.top\/index.php\/wp-json\/wp\/v2\/media?parent=465"}],"wp:term":[{"taxonomy":"product_cat","embeddable":true,"href":"https:\/\/roulettes.vaniseo.top\/index.php\/wp-json\/wp\/v2\/product_cat?post=465"},{"taxonomy":"product_tag","embeddable":true,"href":"https:\/\/roulettes.vaniseo.top\/index.php\/wp-json\/wp\/v2\/product_tag?post=465"}],"curies":[{"name":"wp","href":"https:\/\/api.w.org\/{rel}","templated":true}]}}