{"id":466,"date":"2022-04-04T16:21:47","date_gmt":"2022-04-04T14:21:47","guid":{"rendered":"https:\/\/roulettes.vaniseo.top\/index.php\/produit\/patere-bois-blanc-imprime-patchwork-rose-et-blanc\/"},"modified":"2022-04-04T17:21:11","modified_gmt":"2022-04-04T15:21:11","slug":"patere-bois-blanc-imprime-patchwork-rose-et-blanc","status":"publish","type":"product","link":"https:\/\/roulettes.vaniseo.top\/index.php\/produit\/patere-bois-blanc-imprime-patchwork-rose-et-blanc\/","title":{"rendered":"Pat\u00e8re bois blanc imprim\u00e9 patchwork rose et blanc"},"content":{"rendered":"<h3>Porte manteau mural imprim\u00e9 patchwork rose et blanc et 4 crochets doubles blancs<\/h3>\n<p>_x000D_n1001 Pat\u00e8res vous propose de d\u00e9couvrir ici les d\u00e9tails de la pat\u00e8re bois blanc et \u00e0 l&rsquo;imprim\u00e9 patchwork rose et blanc de chez <strong>NESU<\/strong>._x000D_n_x000D_nTout d&rsquo;abord, <a href=\"https:\/\/1001pateres.com\/brand\/nesu\/\">NESU<\/a> est une marque mise en avant par 1001 Pat\u00e8res pour <strong>2 collections majeures<\/strong>. La premi\u00e8re est tr\u00e8s <strong>classique<\/strong>, s&rsquo;agissant d&rsquo;un support rectangle et de 3 pat\u00e8res rondes le tout <strong>en <a href=\"https:\/\/1001pateres.com\/produit\/patere-bois-3-crochets-pin-verni-naturel\/\">pin vernis<\/a><\/strong>, et \u00e0 tout petit prix. La seconde est beaucoup plus <strong>stylis\u00e9e<\/strong>. Il s&rsquo;agit, comme <strong>ici<\/strong>, d&rsquo;un <strong>rectangle imprim\u00e9 avec 4 crochets<\/strong> toujours en harmonie._x000D_n_x000D_nAinsi, ci contre, le porte manteau mural propose un <strong>imprim\u00e9 en 4 parties<\/strong>. Une pour chaque <strong>crochet double blanc en m\u00e9tal<\/strong>. Chaque imprim\u00e9 est dans une <strong>harmonie de gris et de rose<\/strong>. Certaines disposent de <strong>motifs de papillons ros\u00e9s<\/strong>._x000D_n_x000D_n&nbsp;_x000D_n<\/p>\n<h3>O\u00f9 poser cette pat\u00e8re bois blanc?<\/h3>\n<p>_x000D_nDe ce fait, cette pat\u00e8re bois blanc est \u00e0 poser dans la c<strong>hambre d&rsquo;un enfant<\/strong> pour ne plus voir trainer ses affaires. Il sera id\u00e9al pour une <strong>jeune fille<\/strong>!\u00a0Aussi, son\u00a0syst\u00e8me d&rsquo;accrochage est simple, au dos du support et non visible une fois pos\u00e9e sur le mur. Il vous faudra utiliser les\u00a0<span style=\"line-height: 1.5\"><strong>2 vis et chevilles qui sont fournies<\/strong> et votre perceuse.<\/span>_x000D_n_x000D_nVous aimerez l&rsquo;<strong>association bois du support et m\u00e9tal des crochets<\/strong> dans une harmonie de <strong>couleurs douces et enfantines<\/strong>. Mais surtout, vous appr\u00e9cierez au quotidien, les\u00a0crochets pat\u00e8res se terminant par des <strong>boules pour ne pas abimer et d\u00e9former les v\u00eatements<\/strong>.\u00a0<span style=\"line-height: 1.5\">Il\u00a0permettra ainsi une touche de modernit\u00e9 dans la chambre de votre enfant.<\/span>_x000D_n_x000D_n<span style=\"line-height: 1.5\">Pensez seulement \u00e0 comparer <strong>dimensions<\/strong> de l&rsquo;espace d\u00e9di\u00e9 \u00e0 sa pose, \u00e0 celles de cette r\u00e9f\u00e9rence de pat\u00e8re bois blanc:<\/span>_x000D_n<\/p>\n<ul>_x000D_n \t<\/p>\n<li>Support de la pat\u00e8re: 40,5 cm X 10,5 cm<\/li>\n<p>_x000D_n \t<\/p>\n<li>Epaisseur du support: 2 cm<\/li>\n<p>_x000D_n \t<\/p>\n<li>Crochet pat\u00e8res 9,5 cm, \u00e9cartement du support: 7 cm<\/li>\n<p>_x000D_n<\/ul>\n","protected":false},"excerpt":{"rendered":"<p>Ce porte-manteaux <strong>bois blanc PAPILLONS ROSE<\/strong>\u00a0comportant 4 pat\u00e8res de la marque <em><strong>NESU<\/strong><\/em> est en bois avec des pat\u00e8res en <em>m\u00e9tal blanc<\/em>. Il est \u00e0 poser dans la chambre d&rsquo;un enfant pour ne plus voir trainer ses affaires. Son\u00a0syst\u00e8me d&rsquo;accrochage est simple, au dos du support et non visible une fois pos\u00e9e sur le mur. Il\u00a0est original et de belle qualit\u00e9 en bois pour le support et en m\u00e9tal blanc pour les crochets pat\u00e8res.<\/p>\n","protected":false},"featured_media":1957,"comment_status":"closed","ping_status":"open","template":"","meta":[],"product_cat":[29,16,32],"product_tag":[25],"class_list":["post-466","product","type-product","status-publish","has-post-thumbnail","hentry","product_cat-chambre-adulte","product_cat-chambre-enfant","product_cat-entree-sejour","product_tag-crochet-patere-patere-design-patere-murale-patere-porte-pateres-porte-manteau-porte-serviette-porte-torchon-vestiaire","description-off"],"_links":{"self":[{"href":"https:\/\/roulettes.vaniseo.top\/index.php\/wp-json\/wp\/v2\/product\/466","targetHints":{"allow":["GET"]}}],"collection":[{"href":"https:\/\/roulettes.vaniseo.top\/index.php\/wp-json\/wp\/v2\/product"}],"about":[{"href":"https:\/\/roulettes.vaniseo.top\/index.php\/wp-json\/wp\/v2\/types\/product"}],"replies":[{"embeddable":true,"href":"https:\/\/roulettes.vaniseo.top\/index.php\/wp-json\/wp\/v2\/comments?post=466"}],"version-history":[{"count":0,"href":"https:\/\/roulettes.vaniseo.top\/index.php\/wp-json\/wp\/v2\/product\/466\/revisions"}],"wp:featuredmedia":[{"embeddable":true,"href":"https:\/\/roulettes.vaniseo.top\/index.php\/wp-json\/wp\/v2\/media\/1957"}],"wp:attachment":[{"href":"https:\/\/roulettes.vaniseo.top\/index.php\/wp-json\/wp\/v2\/media?parent=466"}],"wp:term":[{"taxonomy":"product_cat","embeddable":true,"href":"https:\/\/roulettes.vaniseo.top\/index.php\/wp-json\/wp\/v2\/product_cat?post=466"},{"taxonomy":"product_tag","embeddable":true,"href":"https:\/\/roulettes.vaniseo.top\/index.php\/wp-json\/wp\/v2\/product_tag?post=466"}],"curies":[{"name":"wp","href":"https:\/\/api.w.org\/{rel}","templated":true}]}}