{"id":467,"date":"2022-04-04T16:21:47","date_gmt":"2022-04-04T14:21:47","guid":{"rendered":"https:\/\/roulettes.vaniseo.top\/index.php\/produit\/patere-en-bois-imprime-vert-et-crochets-bois\/"},"modified":"2022-04-04T17:21:11","modified_gmt":"2022-04-04T15:21:11","slug":"patere-en-bois-imprime-vert-et-crochets-bois","status":"publish","type":"product","link":"https:\/\/roulettes.vaniseo.top\/index.php\/produit\/patere-en-bois-imprime-vert-et-crochets-bois\/","title":{"rendered":"Pat\u00e8re en bois imprim\u00e9 vert et crochets bois"},"content":{"rendered":"<h3>Porte manteaux bois imprim\u00e9 vert et feuilles, 4 boutons bois<\/h3>\n<p>_x000D_n1001 Pat\u00e8res r\u00e9veille votre int\u00e9rieur avec cette r\u00e9f\u00e9rence <strong>NESU<\/strong> de <strong>pat\u00e8re en bois imprim\u00e9 vert anis et crochets bois naturel<\/strong>._x000D_n_x000D_nRetrouvez de nombreuses r\u00e9f\u00e9rences de la marque <a href=\"https:\/\/1001pateres.com\/brand\/nesu\/\">NESU<\/a> sur ce site. Les deux grandes collections mises en avant sont une:_x000D_n<\/p>\n<ol>_x000D_n \t<\/p>\n<li>Tr\u00e8s <strong>classique<\/strong> en pins et aux boutons ronds qui ne d\u00e9forment pas les v\u00eatements. Voir par exemple le mod\u00e8le <a href=\"https:\/\/1001pateres.com\/produit\/patere-bois-3-crochets-pin-blanc\/\">laqu\u00e9 blanc<\/a>.<\/li>\n<p>_x000D_n \t<\/p>\n<li><strong>Moderne<\/strong> en bois\/m\u00e9tal vieilli associant toujours un imprim\u00e9 moderne et aux 4 crochets doubles authentiques mais de couleur moderne. Voir ci-contre.<\/li>\n<p>_x000D_n<\/ol>\n<p>_x000D_nAinsi, ce porte manteau bois comporte un <strong>support bois de couleur naturelle<\/strong>. Les 4 boutons ronds sont du m\u00eame coloris avec le rond ext\u00e9rieur en tissu taupe. Vous les aimeriez car ils <strong>ne d\u00e9forment pas les v\u00eatemen<\/strong>t qui y seront suspendus. Le support reprend toujours ce style d&rsquo;imprim\u00e9 NESU. L\u00e0, pour booster votre int\u00e9rieur, il s&rsquo;agit d&rsquo;un imprim\u00e9 vert anis o\u00f9 les feuilles sont du m\u00eame taupe que les boutons. <strong>Ainsi, bois naturel et taupe contrastent avec ce vert dynamisant<\/strong>.\u00a0Il est \u00e0 poser dans l&rsquo;entr\u00e9e pour ne plus voir trainer ses affaires et <strong>vivifier vos entr\u00e9es et sorties<\/strong>!_x000D_n_x000D_n&nbsp;_x000D_n<\/p>\n<h3>Syst\u00e8me d&rsquo;accrochage pat\u00e8re en bois imprim\u00e9<\/h3>\n<p>_x000D_nAussi, son\u00a0<strong>syst\u00e8me d&rsquo;accrochage<\/strong> est simple, au dos du support et <strong>non visible une fois pos\u00e9e<\/strong> sur le mur. Il se fait avec <span style=\"line-height: 1.5\"><strong>2 vis et chevilles qui sont fournies<\/strong>, et votre perceuse.<\/span>_x000D_n_x000D_nOffrez une touche de <strong>modernit\u00e9<\/strong> \u00e0 votre entr\u00e9e, avec ce porte manteau bois imprim\u00e9 et <strong>belle qualit\u00e9<\/strong>. Pensez \u00e0 tenir compte de ses <strong>dimensions<\/strong> selon le pans de mur o\u00f9 vous pr\u00e9voyez de le suspendre:_x000D_n<\/p>\n<ul>_x000D_n \t<\/p>\n<li>Dimensions du support de cette pat\u00e8re en bois: 40,5 cm X 10,5 cm<\/li>\n<p>_x000D_n \t<\/p>\n<li>Epaisseur du support: 2 cm<\/li>\n<p>_x000D_n \t<\/p>\n<li>Diam\u00e8tre de chaque bouton 4 cm, et \u00e9cartement de son support 5 cm<\/li>\n<p>_x000D_n<\/ul>\n","protected":false},"excerpt":{"rendered":"<p>Ce porte-manteaux <strong>bois FEUILLES sur fond vert<\/strong>\u00a0comportant 4 pat\u00e8res de la marque <em><strong>NESU<\/strong><\/em> est en bois. Il est \u00e0 poser dans l&rsquo;entr\u00e9e pour ne plus voir trainer ses affaires. Son\u00a0syst\u00e8me d&rsquo;accrochage est simple, au dos du support et non visible une fois pos\u00e9e sur le mur. Il\u00a0est original et de belle qualit\u00e9 en bois d\u00e9cor\u00e9 pour le support et en bois naturel pour les boutons pat\u00e8res qui se terminent en bout par du tissu taupe.<\/p>\n","protected":false},"featured_media":1958,"comment_status":"closed","ping_status":"open","template":"","meta":[],"product_cat":[32],"product_tag":[25],"class_list":["post-467","product","type-product","status-publish","has-post-thumbnail","hentry","product_cat-entree-sejour","product_tag-crochet-patere-patere-design-patere-murale-patere-porte-pateres-porte-manteau-porte-serviette-porte-torchon-vestiaire","description-off"],"_links":{"self":[{"href":"https:\/\/roulettes.vaniseo.top\/index.php\/wp-json\/wp\/v2\/product\/467","targetHints":{"allow":["GET"]}}],"collection":[{"href":"https:\/\/roulettes.vaniseo.top\/index.php\/wp-json\/wp\/v2\/product"}],"about":[{"href":"https:\/\/roulettes.vaniseo.top\/index.php\/wp-json\/wp\/v2\/types\/product"}],"replies":[{"embeddable":true,"href":"https:\/\/roulettes.vaniseo.top\/index.php\/wp-json\/wp\/v2\/comments?post=467"}],"version-history":[{"count":0,"href":"https:\/\/roulettes.vaniseo.top\/index.php\/wp-json\/wp\/v2\/product\/467\/revisions"}],"wp:featuredmedia":[{"embeddable":true,"href":"https:\/\/roulettes.vaniseo.top\/index.php\/wp-json\/wp\/v2\/media\/1958"}],"wp:attachment":[{"href":"https:\/\/roulettes.vaniseo.top\/index.php\/wp-json\/wp\/v2\/media?parent=467"}],"wp:term":[{"taxonomy":"product_cat","embeddable":true,"href":"https:\/\/roulettes.vaniseo.top\/index.php\/wp-json\/wp\/v2\/product_cat?post=467"},{"taxonomy":"product_tag","embeddable":true,"href":"https:\/\/roulettes.vaniseo.top\/index.php\/wp-json\/wp\/v2\/product_tag?post=467"}],"curies":[{"name":"wp","href":"https:\/\/api.w.org\/{rel}","templated":true}]}}