{"id":468,"date":"2022-04-04T16:21:47","date_gmt":"2022-04-04T14:21:47","guid":{"rendered":"https:\/\/roulettes.vaniseo.top\/index.php\/produit\/porte-manteau-bois-blanc-enfant-imprime-gris-et-rose\/"},"modified":"2022-04-04T17:21:12","modified_gmt":"2022-04-04T15:21:12","slug":"porte-manteau-bois-blanc-enfant-imprime-gris-et-rose","status":"publish","type":"product","link":"https:\/\/roulettes.vaniseo.top\/index.php\/produit\/porte-manteau-bois-blanc-enfant-imprime-gris-et-rose\/","title":{"rendered":"Porte manteau bois blanc enfant imprim\u00e9 gris et rose"},"content":{"rendered":"<h3>Pat\u00e8re murale bois blanc enfant imprim\u00e9 gris et rose, 4 boutons blancs<\/h3>\n<p>_x000D_n<strong>1001 Pat\u00e8res<\/strong> vous propose de plonger dans une r\u00eaverie avec ce <strong>porte manteau bois blanc enfant imprim\u00e9 gris et rose<\/strong>. De la marque <strong>NESU<\/strong>, il se destine davantage \u00e0 une <a href=\"https:\/\/1001pateres.com\/categorie-produit\/chambre-enfant\/\">chambre d&rsquo;enfant<\/a>._x000D_n_x000D_nEn effet, avec <a href=\"https:\/\/1001pateres.com\/brand\/nesu\/\">NESU<\/a> retrouvez deux grandes collections chez 1001 Pat\u00e8res. La premi\u00e8re est tr\u00e8s classique. Il s&rsquo;agit d&rsquo;un rectangle en pin avec 3 pat\u00e8res rondes. Ce porte manteau est disponible en blanc laqu\u00e9, vernis miel ou naturel._x000D_n_x000D_nEn revanche, la seconde collection est celle dont cette r\u00e9f\u00e9rence fait partie. L\u00e0, le design est toujours fait d&rsquo;un r<strong>ectangle de bois vieilli et de 4 crochets doubles<\/strong>. Ce qui fait son style est le <strong>design des crochets associ\u00e9 \u00e0 l&rsquo;imprim\u00e9 du support<\/strong>._x000D_n_x000D_n&nbsp;_x000D_n<\/p>\n<h2>Accrocher le porte manteau bois blanc enfant imprim\u00e9 gris et rose<\/h2>\n<p>_x000D_nIci, en l&rsquo;occurrence, cette pat\u00e8re murale propose un <strong>support et des boutons blancs<\/strong>. L&rsquo;imprim\u00e9 consiste en un <strong>fond gris<\/strong> et des illustrations d&rsquo;<strong>\u00e9l\u00e9phants roses et blancs, de croissants de lune et d&rsquo;\u00e9toiles de diff\u00e9rentes tailles blanches<\/strong>. Il est \u00e0 poser partout dans la chambre d&rsquo;un enfant pour ne plus voir trainer ses affaires._x000D_n_x000D_nAussi, son\u00a0syst\u00e8me d&rsquo;accrochage est simple, au dos du support et non visible une fois pos\u00e9e sur le mur. <span style=\"line-height: 1.5\">Sa fixation\u00a0au mur se fait avec <strong>2 vis et chevilles fournies<\/strong> et l&rsquo;usage d&rsquo;une perceuse.<\/span>_x000D_n_x000D_nPar ailleurs, vous aimerez utiliser des <strong>boutons ronds qui ne marquent pas les v\u00eatements<\/strong>. Choisir d&rsquo;utiliser une pat\u00e8re bois murale aux couleurs douces, c&rsquo;est \u00e0 la fois opter pour une <strong>chambre bien rang\u00e9e<\/strong>, tout en lui offrant une <strong>d\u00e9coration soign\u00e9e<\/strong>._x000D_n_x000D_nPensez juste \u00e0 v\u00e9rifier les <strong>dimensions<\/strong> de votre pans de mur o\u00f9 vous la destinez. Comparez les ensuite \u00e0 celle de ce produit:_x000D_n<\/p>\n<ul>_x000D_n \t<\/p>\n<li>Le support 40,5 cm X 10,5 cm, \u00e9paisseur 2 cm<\/li>\n<p>_x000D_n \t<\/p>\n<li>Les pat\u00e8res boutons 3,5 cm, \u00e9cartement du support 5 cm<\/li>\n<p>_x000D_n<\/ul>\n","protected":false},"excerpt":{"rendered":"<p>Ce porte-manteaux <strong>bois blanc ELEPHANTS ROSE<\/strong>\u00a0comportant 4 pat\u00e8res de la marque <em><strong>NESU<\/strong><\/em> est en bois. Il est \u00e0 poser partout dans la chambre d&rsquo;un enfant pour ne plus voir trainer ses affaires. Son\u00a0syst\u00e8me d&rsquo;accrochage est simple, au dos du support et non visible une fois pos\u00e9e sur le mur. Il\u00a0est original et de belle qualit\u00e9 en bois pour le support imprim\u00e9 et en bois blanc laqu\u00e9 pour les boutons pat\u00e8res.<\/p>\n","protected":false},"featured_media":1959,"comment_status":"closed","ping_status":"open","template":"","meta":[],"product_cat":[16],"product_tag":[25],"class_list":["post-468","product","type-product","status-publish","has-post-thumbnail","hentry","product_cat-chambre-enfant","product_tag-crochet-patere-patere-design-patere-murale-patere-porte-pateres-porte-manteau-porte-serviette-porte-torchon-vestiaire","description-off"],"_links":{"self":[{"href":"https:\/\/roulettes.vaniseo.top\/index.php\/wp-json\/wp\/v2\/product\/468","targetHints":{"allow":["GET"]}}],"collection":[{"href":"https:\/\/roulettes.vaniseo.top\/index.php\/wp-json\/wp\/v2\/product"}],"about":[{"href":"https:\/\/roulettes.vaniseo.top\/index.php\/wp-json\/wp\/v2\/types\/product"}],"replies":[{"embeddable":true,"href":"https:\/\/roulettes.vaniseo.top\/index.php\/wp-json\/wp\/v2\/comments?post=468"}],"version-history":[{"count":0,"href":"https:\/\/roulettes.vaniseo.top\/index.php\/wp-json\/wp\/v2\/product\/468\/revisions"}],"wp:featuredmedia":[{"embeddable":true,"href":"https:\/\/roulettes.vaniseo.top\/index.php\/wp-json\/wp\/v2\/media\/1959"}],"wp:attachment":[{"href":"https:\/\/roulettes.vaniseo.top\/index.php\/wp-json\/wp\/v2\/media?parent=468"}],"wp:term":[{"taxonomy":"product_cat","embeddable":true,"href":"https:\/\/roulettes.vaniseo.top\/index.php\/wp-json\/wp\/v2\/product_cat?post=468"},{"taxonomy":"product_tag","embeddable":true,"href":"https:\/\/roulettes.vaniseo.top\/index.php\/wp-json\/wp\/v2\/product_tag?post=468"}],"curies":[{"name":"wp","href":"https:\/\/api.w.org\/{rel}","templated":true}]}}