{"id":469,"date":"2022-04-04T16:21:47","date_gmt":"2022-04-04T14:21:47","guid":{"rendered":"https:\/\/roulettes.vaniseo.top\/index.php\/produit\/patere-miroir-umbra-noir-et-bois\/"},"modified":"2022-04-04T17:21:12","modified_gmt":"2022-04-04T15:21:12","slug":"patere-miroir-umbra-noir-et-bois","status":"publish","type":"product","link":"https:\/\/roulettes.vaniseo.top\/index.php\/produit\/patere-miroir-umbra-noir-et-bois\/","title":{"rendered":"Pat\u00e8re miroir UMBRA noir et bois"},"content":{"rendered":"<h3>Miroir entr\u00e9e avec pat\u00e8re en bois UMBRA HUB MIRROR HOOK<\/h3>\n<p>_x000D_n1001 Pat\u00e8res vous propose de d\u00e9couvrir toutes les informations concernant la p<strong>at\u00e8re miroir UMBRA<\/strong> de couleur <strong>noire<\/strong> avec <strong>pat\u00e8re en bois, couleur naturelle<\/strong>._x000D_n_x000D_nCe miroir pour l&rsquo;entr\u00e9e est le mod\u00e8le <strong>HUB<\/strong>. Il se compose d&rsquo;un<strong> miroir rond bord\u00e9 de plastique dur noir<\/strong> et d&rsquo;une <strong>pat\u00e8re en bois, couleur brute naturelle mono crochet<\/strong>. Quelque soit la pi\u00e8ce, il permet donc \u00e0 la fois de <strong>d\u00e9corer<\/strong>, et d&rsquo;offrir <strong>une solution de rangement<\/strong> pour veste, sacs et autres accessoires. C&rsquo;est l&rsquo;id\u00e9al pour un bureau, un appartement ou une maison par exemple._x000D_n_x000D_nC\u00f4t\u00e9 <strong>installation<\/strong>, aucune inqui\u00e9tude, le syst\u00e8me est<strong> simple, rapide, \u00e0 la port\u00e9e de tous<\/strong>! Il comporte un syst\u00e8me d&rsquo;accrochage avec <strong>2 vis ainsi que 2 chevilles<\/strong>. L&rsquo;ensemble est <strong>inclus<\/strong> \u00e0 votre achat. Sa pose n\u00e9cessite donc votre <strong>perceuse<\/strong>._x000D_n_x000D_nPensez seulement \u00e0 pr\u00e9voir l&rsquo;espace ad\u00e9quate \u00e0 son installation. Pour v\u00e9rifier, voici ses propres <strong>dimensions<\/strong>:_x000D_n<\/p>\n<ul>_x000D_n \t<\/p>\n<li>Hauteur globale du HUB: 21 cm<\/li>\n<p>_x000D_n \t<\/p>\n<li>Diam\u00e8tre du miroir au cerclage en plastique noir: 15,3 cm.<\/li>\n<p>_x000D_n<\/ul>\n<p>_x000D_n&nbsp;_x000D_n<\/p>\n<h3>Pat\u00e8re miroir et autres vestiaires UMBRA au style scandinave<\/h3>\n<p>_x000D_n<strong>Ainsi, original<\/strong> et de<strong> belle qualit\u00e9<\/strong>, nos clients retiennent aussi son style <strong>scandinave<\/strong> \u00e0 la fois <strong>\u00e9pur\u00e9<\/strong>, et aux <strong>formes g\u00e9om\u00e9triques minimalistes<\/strong>. En <strong>bois naturel<\/strong>, et de couleur <strong>noire<\/strong>, il p<span style=\"line-height: 1.5\">ermet une touche de <strong>modernit\u00e9<\/strong> dans n&rsquo;importe quelle d\u00e9coration d&rsquo;int\u00e9rieur, tout en restant tr\u00e8s <strong>pratique<\/strong>.<\/span>_x000D_n_x000D_nPar ailleurs, dans l&rsquo;esprit scandinave, chez <a href=\"https:\/\/1001pateres.com\/brand\/umbra\">Umbra<\/a>, n&rsquo;h\u00e9sitez pas aussi \u00e0 jeter un oeil aux r\u00e9f\u00e9rences suivantes: <a href=\"https:\/\/1001pateres.com\/produit\/porte-manteaux-en-bois-naturel-picket-umbra\/\">Picket<\/a> et <a href=\"https:\/\/1001pateres.com\/produit\/porte-manteaux-sticks-umbra-noir\/\">Stick noir<\/a>. La marque canadienne a fait \u00e9galement sa renomm\u00e9e sur notre site avec toute une <strong>collection de pat\u00e8re d\u00e9ployable<\/strong>. R\u00e9tractable, l&rsquo;objet vide d\u00e9core n&rsquo;importe quelle pi\u00e8ce sans crochet apparent. Utilis\u00e9es, de nombreuses pat\u00e8res peuvent s&rsquo;ouvrir aux besoins._x000D_n_x000D_nEnfin, jetez un oeil aux produits de la marque en g\u00e9n\u00e9ral. Vous trouverez aussi d&rsquo;autres r\u00e9f\u00e9rences de pat\u00e8re miroir sous la forme de <a href=\"https:\/\/1001pateres.com\/produit\/porte-manteaux-vestiaire-avec-miroir-cubiko-umbra\/\">vestiaire Cubiko<\/a>, ou de grand <a href=\"https:\/\/1001pateres.com\/produit\/miroir-avec-pateres-pour-entree-peek-umbra\/\">miroir Peek<\/a>._x000D_n_x000D_nN&rsquo;h\u00e9sitez pas \u00e0 nous demander conseils en mati\u00e8re de pat\u00e8re miroir, via le formulaire disponible en page Contact.<\/p>\n","protected":false},"excerpt":{"rendered":"<p>Porte-manteau miroir UMBRA en bois avec pat\u00e8res pour chambre.\u00a0Ce porte-manteau mod\u00e8le <strong>HUB<\/strong>\u00a0\u00e0 1 pat\u00e8re cylindre en bois de la marque <em><strong>UMBRA<\/strong><\/em> poss\u00e8de un miroir rond bord\u00e9 de plastique dur noir id\u00e9al pour une entr\u00e9e d&rsquo;appartement ou de maison par exemple. Il est original et de belle qualit\u00e9 en bois naturel avec un miroir entour\u00e9 de noir.<\/p>\n","protected":false},"featured_media":1960,"comment_status":"closed","ping_status":"open","template":"","meta":[],"product_cat":[29,32,17],"product_tag":[27],"class_list":["post-469","product","type-product","status-publish","has-post-thumbnail","hentry","product_cat-chambre-adulte","product_cat-entree-sejour","product_cat-salle-de-bain","product_tag-crochet-patere-patere-design-patere-murale-patere-porte-pateres-porte-serviette-porte-torchon-vestiaire","description-off"],"_links":{"self":[{"href":"https:\/\/roulettes.vaniseo.top\/index.php\/wp-json\/wp\/v2\/product\/469","targetHints":{"allow":["GET"]}}],"collection":[{"href":"https:\/\/roulettes.vaniseo.top\/index.php\/wp-json\/wp\/v2\/product"}],"about":[{"href":"https:\/\/roulettes.vaniseo.top\/index.php\/wp-json\/wp\/v2\/types\/product"}],"replies":[{"embeddable":true,"href":"https:\/\/roulettes.vaniseo.top\/index.php\/wp-json\/wp\/v2\/comments?post=469"}],"version-history":[{"count":0,"href":"https:\/\/roulettes.vaniseo.top\/index.php\/wp-json\/wp\/v2\/product\/469\/revisions"}],"wp:featuredmedia":[{"embeddable":true,"href":"https:\/\/roulettes.vaniseo.top\/index.php\/wp-json\/wp\/v2\/media\/1960"}],"wp:attachment":[{"href":"https:\/\/roulettes.vaniseo.top\/index.php\/wp-json\/wp\/v2\/media?parent=469"}],"wp:term":[{"taxonomy":"product_cat","embeddable":true,"href":"https:\/\/roulettes.vaniseo.top\/index.php\/wp-json\/wp\/v2\/product_cat?post=469"},{"taxonomy":"product_tag","embeddable":true,"href":"https:\/\/roulettes.vaniseo.top\/index.php\/wp-json\/wp\/v2\/product_tag?post=469"}],"curies":[{"name":"wp","href":"https:\/\/api.w.org\/{rel}","templated":true}]}}