{"id":470,"date":"2022-04-04T16:21:47","date_gmt":"2022-04-04T14:21:47","guid":{"rendered":"https:\/\/roulettes.vaniseo.top\/index.php\/produit\/vide-poche-entree-hammock-metal-noir-umbra\/"},"modified":"2022-04-04T17:21:13","modified_gmt":"2022-04-04T15:21:13","slug":"vide-poche-entree-hammock-metal-noir-umbra","status":"publish","type":"product","link":"https:\/\/roulettes.vaniseo.top\/index.php\/produit\/vide-poche-entree-hammock-metal-noir-umbra\/","title":{"rendered":"Vide poche entr\u00e9e HAMMOCK m\u00e9tal noir Umbra"},"content":{"rendered":"<h3>Vestiaire metal noir avec vide poche Hammock UMBRA<\/h3>\n<p>_x000D_n1001 Pat\u00e8res vous propose le <strong>vide poche entr\u00e9e HAMMOCK m\u00e9tal noir<\/strong> de la marque <a href=\"https:\/\/1001pateres.com\/brand\/umbra\/\"><strong>Umbra<\/strong><\/a>, avec\u00a0plusieurs <strong>pat\u00e8res<\/strong>._x000D_n_x000D_nCe <strong>vestiaire metal noir<\/strong> mod\u00e8le <strong>HAMMOCK <\/strong>\u00a0de la marque <em><strong>UMBRA<\/strong><\/em> poss\u00e8de <strong>5 pat\u00e8res<\/strong> ainsi qu&rsquo;un <strong>vide poche en tissu \u00ab\u00a0peau de p\u00eache\u00a0\u00bb noir<\/strong>. Ce type de<strong> solution de rangement<\/strong> est tr\u00e8s pratique puisqu&rsquo;il permet d&rsquo;<strong>accueillir dans un espace compact plusieurs \u00e9l\u00e9ments \u00e0 ranger<\/strong>: cl\u00e9s, courrier, accessoires, vestes, chapeaux, sacs..\u00a0Il est donc id\u00e9al pour une entr\u00e9e d&rsquo;appartement ou de maison par exemple. Bien s\u00fbr du fait de sa mati\u00e8re apparente d&rsquo;acier noir, vous n&rsquo;aurez aucun mal \u00e0 l&rsquo;int\u00e9grer dans n&rsquo;importe quel style de d\u00e9coration, n&rsquo;importe quelle pi\u00e8ce. La <strong>finesse des 5 crochets all\u00e8ge<\/strong> v\u00e9ritablement le produit et le rend assez discret. Voici d&rsquo;ailleurs ses <strong>dimensions<\/strong>:_x000D_n<\/p>\n<ul>_x000D_n \t<\/p>\n<li>Dimensions du vestiaire m\u00e9tal peint noir: 41,3 cm X 17,8 cm.<\/li>\n<p>_x000D_n \t<\/p>\n<li>Ecartement du mur global: 8,3 cm<\/li>\n<p>_x000D_n<\/ul>\n<p>_x000D_nAussi, celui-ci comporte un syst\u00e8me d&rsquo;accrochage avec 2 vis et 2 chevilles qui sont incluses dans le produit. Seule une perceuse sera \u00e0 pr\u00e9voir. L&rsquo;<strong>installation reste facile, et rapide<\/strong>. Nul besoin d&rsquo;\u00eatre un expert en am\u00e9nagement pour le mettre en place!_x000D_n_x000D_n&nbsp;_x000D_n<\/p>\n<h3>Parmi les indispensables Umbra: le vide poche entr\u00e9e Hammock<\/h3>\n<p>_x000D_nOriginal et de belle qualit\u00e9, ce <strong>vide poche entr\u00e9e Hammock<\/strong> deviendra vite un indispensable. Nos clients retiennent la <strong>qualit\u00e9<\/strong> et l&rsquo;<strong>\u00e9l\u00e9gance du jeu de mati\u00e8res utilis\u00e9es<\/strong>: acier teint\u00e9 noir et tissu peau de p\u00eache._x000D_n_x000D_nAvec <a href=\"https:\/\/eu.umbra.com\" target=\"_blank\" rel=\"noopener noreferrer\">Umbra<\/a>, la marque canadienne de chez 1001 Pat\u00e8res, vous\u00a0<span style=\"line-height: 1.5\">offrez ind\u00e9niablement une touche de <strong>modernit\u00e9<\/strong> \u00e0 votre maison tout en restant tr\u00e8s pratique. D&rsquo;ailleurs, de nombreux vestiaires sont \u00e0 d\u00e9couvrir sur le site:<\/span>_x000D_n<\/p>\n<ul>_x000D_n \t<\/p>\n<li><a href=\"https:\/\/1001pateres.com\/produit\/vide-poche-vestiaire-entree-umbra-hammock-gris\/\">Hammock<\/a> \u00e9galement disponible en gris<\/li>\n<p>_x000D_n \t<\/p>\n<li><a href=\"https:\/\/1001pateres.com\/produit\/porte-manteaux-vestiaire-avec-miroir-cubiko-umbra\/\">Cubiko<\/a> avec miroir noir<\/li>\n<p>_x000D_n<\/ul>\n<p>_x000D_nJetez un oeil \u00e0 tous les produits de la marque en vente sur notre boutique en ligne ou n&rsquo;h\u00e9sitez pas \u00e0 nous demander conseils via le formulaire disponible en page Contact de ce site.<\/p>\n","protected":false},"excerpt":{"rendered":"<p>Vide-poche vestiaire entr\u00e9e UMBRA HAMMOCK noir avec\u00a0plusieurs pat\u00e8res.\u00a0Ce porte-manteaux vide-poche mod\u00e8le \u00ab\u00a0<strong>HAMMOCK ORGANIZER<\/strong>\u00a0\u00bb de la marque <em><strong>UMBRA<\/strong><\/em> poss\u00e8de 5 pat\u00e8res en m\u00e9tal noir ainsi qu&rsquo;un vide poche en tissu \u00ab\u00a0peau de p\u00e8che\u00a0\u00bb noir, id\u00e9al pour une entr\u00e9e d&rsquo;appartement ou de maison pour y d\u00e9poser son portable ou ses courriers. Il est original et de belle qualit\u00e9 en acier teint\u00e9 et tissu. A fixer au mur, il peut supporter jusqu&rsquo;a 2,3 kg.<\/p>\n","protected":false},"featured_media":1962,"comment_status":"closed","ping_status":"open","template":"","meta":[],"product_cat":[32],"product_tag":[25],"class_list":["post-470","product","type-product","status-publish","has-post-thumbnail","hentry","product_cat-entree-sejour","product_tag-crochet-patere-patere-design-patere-murale-patere-porte-pateres-porte-manteau-porte-serviette-porte-torchon-vestiaire","description-off"],"_links":{"self":[{"href":"https:\/\/roulettes.vaniseo.top\/index.php\/wp-json\/wp\/v2\/product\/470","targetHints":{"allow":["GET"]}}],"collection":[{"href":"https:\/\/roulettes.vaniseo.top\/index.php\/wp-json\/wp\/v2\/product"}],"about":[{"href":"https:\/\/roulettes.vaniseo.top\/index.php\/wp-json\/wp\/v2\/types\/product"}],"replies":[{"embeddable":true,"href":"https:\/\/roulettes.vaniseo.top\/index.php\/wp-json\/wp\/v2\/comments?post=470"}],"version-history":[{"count":0,"href":"https:\/\/roulettes.vaniseo.top\/index.php\/wp-json\/wp\/v2\/product\/470\/revisions"}],"wp:featuredmedia":[{"embeddable":true,"href":"https:\/\/roulettes.vaniseo.top\/index.php\/wp-json\/wp\/v2\/media\/1962"}],"wp:attachment":[{"href":"https:\/\/roulettes.vaniseo.top\/index.php\/wp-json\/wp\/v2\/media?parent=470"}],"wp:term":[{"taxonomy":"product_cat","embeddable":true,"href":"https:\/\/roulettes.vaniseo.top\/index.php\/wp-json\/wp\/v2\/product_cat?post=470"},{"taxonomy":"product_tag","embeddable":true,"href":"https:\/\/roulettes.vaniseo.top\/index.php\/wp-json\/wp\/v2\/product_tag?post=470"}],"curies":[{"name":"wp","href":"https:\/\/api.w.org\/{rel}","templated":true}]}}