{"id":471,"date":"2022-04-04T16:21:47","date_gmt":"2022-04-04T14:21:47","guid":{"rendered":"https:\/\/roulettes.vaniseo.top\/index.php\/produit\/porte-manteau-vestiaire-avec-miroir-cubiko-umbra\/"},"modified":"2022-04-04T17:21:14","modified_gmt":"2022-04-04T15:21:14","slug":"porte-manteau-vestiaire-avec-miroir-cubiko-umbra","status":"publish","type":"product","link":"https:\/\/roulettes.vaniseo.top\/index.php\/produit\/porte-manteau-vestiaire-avec-miroir-cubiko-umbra\/","title":{"rendered":"Porte manteau vestiaire avec miroir CUBIKO UMBRA"},"content":{"rendered":"<h3>Vestiaire miroir pour entr\u00e9e UMBRA CUBIKO<\/h3>\n<p>_x000D_n1001 Pat\u00e8res vous propose de d\u00e9couvrir ici toutes les informations sur le porte manteau vestiaire avec miroir CUBIKO <a href=\"https:\/\/1001pateres.com\/brand\/umbra\">UMBRA<\/a>._x000D_n_x000D_n<a href=\"https:\/\/eu.umbra.com\" target=\"_blank\" rel=\"noopener noreferrer\">Umbra<\/a> est la marque canadienne signifiant Nuance en latin. Elle propose en effet un <strong>large choix de nuances de pat\u00e8res d\u00e9coratives<\/strong>. Toutes ont le souci d&rsquo;<strong>\u00e0 la fois d\u00e9corer et d&rsquo;\u00eatre utile<\/strong>. 1001 Pat\u00e8res propose donc de nombreux choix de pat\u00e8res mais aussi de vestiaires de la marque. Ainsi, au del\u00e0 de Cubiko, pensez \u00e0 jetez \u00e9galement un oeil aux r\u00e9f\u00e9rences: <a href=\"https:\/\/1001pateres.com\/produit\/vide-poche-vestiaire-entree-umbra-hammock-gris\/\">Hammock gris<\/a>, <a href=\"https:\/\/1001pateres.com\/produit\/vide-poches-vestiaire-entree-umbra-hammock-noir\/\">noir<\/a>, et <a href=\"https:\/\/1001pateres.com\/produit\/vide-poche-pateres-de-rangement-estique-organizer-umbra\/\">Estique Organizer<\/a>._x000D_n_x000D_nLa fonction d&rsquo;un porte manteau vestiaire comme ci-contre permet \u00e0 la fois de <strong>d\u00e9corer<\/strong> avec de jolies mati\u00e8re brutes, comme l&rsquo;acier ou encore le <strong>miroir<\/strong>. Le plan horizontal derri\u00e8re le miroir vous offre une <strong>zone de rangement<\/strong> pour cl\u00e9, plante verte, ou encore courrier, lunettes, porte monnaie etc&#8230; Enfin au niveau inf\u00e9rieur, profitez des <strong>pat\u00e8res boules pour suspendre v\u00eatements et accessoires divers.<\/strong>_x000D_n_x000D_n&nbsp;_x000D_n<\/p>\n<h3>Le porte manteau vestiaire avec miroir Cubiko, une solution gain de place<\/h3>\n<p>_x000D_nIci en l&rsquo;occurrence, ce porte manteau vestiaire avec miroir\u00a0<strong>CUBIKO<\/strong>\u00a0a <strong>5 pat\u00e8res m\u00e9tal noir<\/strong>. Un tel produit en <strong>m\u00e9tal noir<\/strong> s&rsquo;int\u00e8gre donc \u00e0 n&rsquo;importe quelle pi\u00e8ce de la maison. 1001 Pat\u00e8res ne doute pas une seconde qu&rsquo;il vous sera facile de lui faire une place dans votre <strong>entr\u00e9e<\/strong>, votre <strong>chambre<\/strong>, ou encore au <strong>bureau<\/strong>._x000D_n_x000D_nC\u00f4t\u00e9 accrochage, 2 vis et chevilles incluses vous permettront de le suspendre gr\u00e2ce \u00e0 des <strong>accroches non visibles une fois pos\u00e9e<\/strong>. <span style=\"line-height: 1.5\">Sa pose n\u00e9cessite l&rsquo;usage d&rsquo;une perceuse.\u00a0<\/span>_x000D_n_x000D_n<strong>Original<\/strong> et de <strong>belle qualit\u00e9<\/strong>, nos clients le choisissent pour sa <strong>modernit\u00e9<\/strong> en m\u00e9tal noir avec miroir et ses finitions non visibles. Un porte manteau vestiaire est vraiment une c<strong>ombinaison ultra pratique<\/strong>, prenant le <strong>minimum de place<\/strong>!_x000D_n_x000D_nDimensions:_x000D_n<\/p>\n<ul>_x000D_n \t<\/p>\n<li>31,8 cm X 20,3 cm.<\/li>\n<p>_x000D_n \t<\/p>\n<li>Ecartement du mur 10,2 cm<\/li>\n<p>_x000D_n<\/ul>\n","protected":false},"excerpt":{"rendered":"<p>Porte-manteaux vestiaire avec miroir CUBIKO UMBRA.\u00a0Ce porte-manteaux mod\u00e8le <strong>CUBIKO<\/strong>\u00a0\u00e0 5 pat\u00e8res m\u00e9tal noir de la marque <em><strong>UMBRA<\/strong><\/em> poss\u00e8de un grand miroir id\u00e9al pour une entr\u00e9e d&rsquo;appartement ou de maison par exemple.\u00a0Il comporte un syst\u00e8me d&rsquo;accrochage avec 2 vis ainsi que 2 chevilles.\u00a0Original et de belle qualit\u00e9 il est en m\u00e9tal noir avec miroir et pat\u00e8res en m\u00e9tal non visibles.<\/p>\n","protected":false},"featured_media":1965,"comment_status":"closed","ping_status":"open","template":"","meta":[],"product_cat":[32],"product_tag":[25],"class_list":["post-471","product","type-product","status-publish","has-post-thumbnail","hentry","product_cat-entree-sejour","product_tag-crochet-patere-patere-design-patere-murale-patere-porte-pateres-porte-manteau-porte-serviette-porte-torchon-vestiaire","description-off"],"_links":{"self":[{"href":"https:\/\/roulettes.vaniseo.top\/index.php\/wp-json\/wp\/v2\/product\/471","targetHints":{"allow":["GET"]}}],"collection":[{"href":"https:\/\/roulettes.vaniseo.top\/index.php\/wp-json\/wp\/v2\/product"}],"about":[{"href":"https:\/\/roulettes.vaniseo.top\/index.php\/wp-json\/wp\/v2\/types\/product"}],"replies":[{"embeddable":true,"href":"https:\/\/roulettes.vaniseo.top\/index.php\/wp-json\/wp\/v2\/comments?post=471"}],"version-history":[{"count":0,"href":"https:\/\/roulettes.vaniseo.top\/index.php\/wp-json\/wp\/v2\/product\/471\/revisions"}],"wp:featuredmedia":[{"embeddable":true,"href":"https:\/\/roulettes.vaniseo.top\/index.php\/wp-json\/wp\/v2\/media\/1965"}],"wp:attachment":[{"href":"https:\/\/roulettes.vaniseo.top\/index.php\/wp-json\/wp\/v2\/media?parent=471"}],"wp:term":[{"taxonomy":"product_cat","embeddable":true,"href":"https:\/\/roulettes.vaniseo.top\/index.php\/wp-json\/wp\/v2\/product_cat?post=471"},{"taxonomy":"product_tag","embeddable":true,"href":"https:\/\/roulettes.vaniseo.top\/index.php\/wp-json\/wp\/v2\/product_tag?post=471"}],"curies":[{"name":"wp","href":"https:\/\/api.w.org\/{rel}","templated":true}]}}