{"id":472,"date":"2022-04-04T16:21:47","date_gmt":"2022-04-04T14:21:47","guid":{"rendered":"https:\/\/roulettes.vaniseo.top\/index.php\/produit\/porte-manteau-bois-mural-lotus-sur-fond-violet\/"},"modified":"2022-04-04T17:21:15","modified_gmt":"2022-04-04T15:21:15","slug":"porte-manteau-bois-mural-lotus-sur-fond-violet","status":"publish","type":"product","link":"https:\/\/roulettes.vaniseo.top\/index.php\/produit\/porte-manteau-bois-mural-lotus-sur-fond-violet\/","title":{"rendered":"Porte manteau bois mural lotus sur fond violet"},"content":{"rendered":"<h3>Pat\u00e8re bois murale imprim\u00e9 lotus violet et 4 crochets noirs<\/h3>\n<p>_x000D_n1001 Pat\u00e8res vous propose ce porte manteau bois mural avec un <strong>imprim\u00e9 aux motifs lotus aux couleurs violette et rose poudr\u00e9<\/strong>, de la marque NESU._x000D_n_x000D_nEn effet, <strong><a href=\"https:\/\/1001pateres.com\/brand\/nesu\/\">NESU<\/a><\/strong> est l&rsquo;une des marques les plus pr\u00e9sentes sur le site 1001 Pat\u00e8res. Elle recense notamment deux grandes collections:_x000D_n<\/p>\n<ol>_x000D_n \t<\/p>\n<li>Comme la pat\u00e8re de cette page, un rectangle de bois imprim\u00e9 et 4 crochets. Les coloris changent, la qualit\u00e9 reste.<\/li>\n<p>_x000D_n \t<\/p>\n<li>Un porte manteau mural classique en pin avec 3 boutons rond, vernis de couleur <a href=\"https:\/\/1001pateres.com\/produit\/patere-bois-3-crochets-pin-verni-naturel\/\">naturelle<\/a>, <a href=\"https:\/\/1001pateres.com\/produit\/patere-bois-3-crochets-pin-blanc\/\">blanc laqu\u00e9<\/a>, ou encore <a href=\"https:\/\/1001pateres.com\/produit\/patere-bois-3-crochets-pin-verni-miel\/\">miel<\/a>.<\/li>\n<p>_x000D_n<\/ol>\n<p>_x000D_nAinsi, cette pat\u00e8re bois murale s&rsquo;inscrit parfaitement dans une <strong>ambiance naturelle chic et zen<\/strong>. Son imprim\u00e9 lotus aux couleurs chaudes violette et rose, apporte pl\u00e9nitude et <strong>douceur<\/strong>. Pour plus de <strong>contraste<\/strong> et de <strong>style<\/strong>, le bois du support et les 4 crochets doubles sont peints en noir. Elle s&rsquo;inscrira donc parfaitement dans un <strong>int\u00e9rieur moderne,<\/strong> plut\u00f4t f\u00e9minin._x000D_n_x000D_n&nbsp;_x000D_n<\/p>\n<h2>Comment installer un porte manteau bois mural?<\/h2>\n<p>_x000D_nAussi, son\u00a0syst\u00e8me d&rsquo;accrochage est simple, au dos du support et non visible une fois pos\u00e9e sur le mur. L&rsquo;installation requiert seulement <strong>2 vis et chevilles fournies et votre perceuse<\/strong>._x000D_n_x000D_nNos clients choisissent en g\u00e9n\u00e9ral ce porte manteau bois mural pour sa <strong>belle qualit\u00e9<\/strong> et ses <strong>associations modernes<\/strong>: lotus zen, coloris contrast\u00e9s modernes et \u00e0 la fois f\u00e9minins. Enfin, vous noterez que les <strong>crochets<\/strong> sont doubles et qu&rsquo;ils se terminent en bout par des <strong>boules<\/strong>. Cela permet de <strong>ne pas abimer les v\u00eatements<\/strong> suspendus dessus._x000D_n_x000D_nPensez pour finir \u00e0 v\u00e9rifier les <strong>dimensions<\/strong> de l&rsquo;espace o\u00f9 vous destinez ce porte manteau avec celles du produit d\u00e9velopp\u00e9es ci-dessous :_x000D_n<\/p>\n<ul>_x000D_n \t<\/p>\n<li>Le support 40,5 cm X 10,5 cm, \u00e9paisseur 2 cm<\/li>\n<p>_x000D_n \t<\/p>\n<li>Les pat\u00e8res hauteur 13 cm, \u00e9cartement du support 5 cm<\/li>\n<p>_x000D_n<\/ul>\n<p>_x000D_n&nbsp;_x000D_n_x000D_nContactez 1001 Pat\u00e8res pour toute recherche d&rsquo;informations compl\u00e9mentaires via la page <a href=\"https:\/\/1001pateres.com\/contactez-nous\/\">Contact<\/a> de ce site.<\/p>\n","protected":false},"excerpt":{"rendered":"<p>Ce porte-manteaux <strong>bois LOTUS sur fond violet<\/strong>\u00a0comportant 4 pat\u00e8res de la marque <em><strong>NESU<\/strong><\/em> est en bois et m\u00e9tal noir mat. Il est \u00e0 poser dans l&rsquo;entr\u00e9e pour ne plus voir trainer ses affaires. Son\u00a0syst\u00e8me d&rsquo;accrochage est simple, au dos du support et non visible une fois pos\u00e9e sur le mur. Il\u00a0est original et de belle qualit\u00e9 en bois d\u00e9cor\u00e9 pour le support et en m\u00e9tal noir mat pour les crochets double pat\u00e8res qui se terminent en bout par une boule pour ne pas abimer les v\u00eatements.<\/p>\n","protected":false},"featured_media":1968,"comment_status":"closed","ping_status":"open","template":"","meta":[],"product_cat":[32],"product_tag":[25],"class_list":["post-472","product","type-product","status-publish","has-post-thumbnail","hentry","product_cat-entree-sejour","product_tag-crochet-patere-patere-design-patere-murale-patere-porte-pateres-porte-manteau-porte-serviette-porte-torchon-vestiaire","description-off"],"_links":{"self":[{"href":"https:\/\/roulettes.vaniseo.top\/index.php\/wp-json\/wp\/v2\/product\/472","targetHints":{"allow":["GET"]}}],"collection":[{"href":"https:\/\/roulettes.vaniseo.top\/index.php\/wp-json\/wp\/v2\/product"}],"about":[{"href":"https:\/\/roulettes.vaniseo.top\/index.php\/wp-json\/wp\/v2\/types\/product"}],"replies":[{"embeddable":true,"href":"https:\/\/roulettes.vaniseo.top\/index.php\/wp-json\/wp\/v2\/comments?post=472"}],"version-history":[{"count":0,"href":"https:\/\/roulettes.vaniseo.top\/index.php\/wp-json\/wp\/v2\/product\/472\/revisions"}],"wp:featuredmedia":[{"embeddable":true,"href":"https:\/\/roulettes.vaniseo.top\/index.php\/wp-json\/wp\/v2\/media\/1968"}],"wp:attachment":[{"href":"https:\/\/roulettes.vaniseo.top\/index.php\/wp-json\/wp\/v2\/media?parent=472"}],"wp:term":[{"taxonomy":"product_cat","embeddable":true,"href":"https:\/\/roulettes.vaniseo.top\/index.php\/wp-json\/wp\/v2\/product_cat?post=472"},{"taxonomy":"product_tag","embeddable":true,"href":"https:\/\/roulettes.vaniseo.top\/index.php\/wp-json\/wp\/v2\/product_tag?post=472"}],"curies":[{"name":"wp","href":"https:\/\/api.w.org\/{rel}","templated":true}]}}