{"id":473,"date":"2022-04-04T16:21:47","date_gmt":"2022-04-04T14:21:47","guid":{"rendered":"https:\/\/roulettes.vaniseo.top\/index.php\/produit\/porte-manteau-bois-naturel-4-crochets-metal-dore\/"},"modified":"2022-04-04T17:21:15","modified_gmt":"2022-04-04T15:21:15","slug":"porte-manteau-bois-naturel-4-crochets-metal-dore","status":"publish","type":"product","link":"https:\/\/roulettes.vaniseo.top\/index.php\/produit\/porte-manteau-bois-naturel-4-crochets-metal-dore\/","title":{"rendered":"Porte manteau bois naturel 4 crochets m\u00e9tal dor\u00e9"},"content":{"rendered":"<h3>Pat\u00e8re murale bois imprim\u00e9 feuilles et 4 crochets<\/h3>\n<p>_x000D_nD\u00e9couvrez avec 1001 Pat\u00e8res ce charmant <strong>porte manteau bois naturel 4 crochets en m\u00e9tal dor\u00e9<\/strong> de la marque <strong>NESU<\/strong>._x000D_n_x000D_nAvec <a href=\"https:\/\/1001pateres.com\/brand\/nesu\/\">NESU<\/a>, retrouvez <strong>l&rsquo;authenticit\u00e9<\/strong> du bois naturel et du m\u00e9tal vieilli. Le design de cette collection reprend le style de <strong>double crochets anciens<\/strong>, au nombre de 4 la plupart du temps, sur un <strong>rectangle de bois imprim\u00e9<\/strong>. Les coloris varient, la qualit\u00e9 reste._x000D_n_x000D_nPar ailleurs sur ce site, retrouvez \u00e9galement une autre collection de cette marque, beaucoup plus <strong>classique<\/strong> et passe partout en bois de <strong>pin<\/strong>. Le support est un <strong>rectangle<\/strong> \u00e9galement, mais les pat\u00e8res sont sous forme de <strong>boutons ronds<\/strong>, au nombre de 3. Les coloris \u00e0 d\u00e9couvrir sont <a href=\"https:\/\/1001pateres.com\/produit\/patere-bois-3-crochets-pin-blanc\/\">blanc laqu\u00e9<\/a>, <a href=\"https:\/\/1001pateres.com\/produit\/patere-bois-3-crochets-pin-verni-naturel\/\">vernis naturel<\/a>, <a href=\"https:\/\/1001pateres.com\/produit\/patere-bois-3-crochets-pin-verni-miel\/\">vernis miel<\/a> etc._x000D_n_x000D_nAinsi, sur cette page, il s&rsquo;agit donc d&rsquo;une r\u00e9f\u00e9rence de la premi\u00e8re collection. Cette <strong>pat\u00e8re murale bois imprim\u00e9 feuilles<\/strong> dispose aussi de\u00a0<strong>4 crochets double en m\u00e9tal vieilli dor\u00e9<\/strong>. L&rsquo;imprim\u00e9 feuilles est dans une <strong>harmonie chaude de couleurs<\/strong> orange, miel, violet._x000D_n_x000D_n&nbsp;_x000D_n<\/p>\n<h3>Int\u00e9grer un porte manteau bois authentique et moderne dans son int\u00e9rieur<\/h3>\n<p>_x000D_nGr\u00e2ce \u00e0 ses <strong>teintes douces<\/strong>, optez pour une installation de celle-ci dans une <strong>entr\u00e9e<\/strong>, une <strong>chambre<\/strong>, ou encore un <strong>s\u00e9jour<\/strong>&#8230; gagnez en <strong>clart\u00e9<\/strong>, en <strong>rangement<\/strong>, et ce, tout en \u00e9l\u00e9gance. Aussi, son\u00a0syst\u00e8me d&rsquo;accrochage est simple, au dos du support et non visible une fois pos\u00e9e sur le mur. <span style=\"line-height: 1.5\">Le porte manteau bois naturel\u00a0se fixe au mur avec 2 vis et chevilles fournies, et votre perceuse.<\/span>_x000D_n_x000D_nEn d\u00e9finitive, optez pour cette pat\u00e8re pour \u00e0 la fois ranger et proposer un d\u00e9tail d\u00e9coratif aux couleurs chaudes et au <strong>style moderne authentique<\/strong>. Cette belle qualit\u00e9 s&rsquo;int\u00e8grera facilement dans <strong>tout votre int\u00e9rieur<\/strong>._x000D_n_x000D_nPensez seulement \u00e0 v\u00e9rifier les mesures de votre pans de mur et de les comparer aux <strong>dimensions<\/strong> du produit \u00e9nonc\u00e9s ci dessous:_x000D_n<\/p>\n<ul>_x000D_n \t<\/p>\n<li>Le support 40,5 cm X 10,5 cm, \u00e9paisseur 2 cm<\/li>\n<p>_x000D_n \t<\/p>\n<li>Les pat\u00e8res hauteur 13 cm, \u00e9cartement du support 5 cm<\/li>\n<p>_x000D_n<\/ul>\n","protected":false},"excerpt":{"rendered":"<p>Ce porte-manteaux <strong>bois FEUILLES sur fond orang\u00e9<\/strong>\u00a0comportant 4 pat\u00e8res de la marque <em><strong>NESU<\/strong><\/em> est en bois naturel et m\u00e9tal dor\u00e9. Il est \u00e0 poser dans l&rsquo;entr\u00e9e pour ne plus voir trainer ses affaires. Son\u00a0syst\u00e8me d&rsquo;accrochage est simple, au dos du support et non visible une fois pos\u00e9e sur le mur. Il\u00a0est original et de belle qualit\u00e9 en bois d\u00e9cor\u00e9 pour le support et en m\u00e9tal dor\u00e9 pour les crochets double pat\u00e8res qui peuvent servir de vestiaires.<\/p>\n","protected":false},"featured_media":1969,"comment_status":"closed","ping_status":"open","template":"","meta":[],"product_cat":[32],"product_tag":[25],"class_list":["post-473","product","type-product","status-publish","has-post-thumbnail","hentry","product_cat-entree-sejour","product_tag-crochet-patere-patere-design-patere-murale-patere-porte-pateres-porte-manteau-porte-serviette-porte-torchon-vestiaire","description-off"],"_links":{"self":[{"href":"https:\/\/roulettes.vaniseo.top\/index.php\/wp-json\/wp\/v2\/product\/473","targetHints":{"allow":["GET"]}}],"collection":[{"href":"https:\/\/roulettes.vaniseo.top\/index.php\/wp-json\/wp\/v2\/product"}],"about":[{"href":"https:\/\/roulettes.vaniseo.top\/index.php\/wp-json\/wp\/v2\/types\/product"}],"replies":[{"embeddable":true,"href":"https:\/\/roulettes.vaniseo.top\/index.php\/wp-json\/wp\/v2\/comments?post=473"}],"version-history":[{"count":0,"href":"https:\/\/roulettes.vaniseo.top\/index.php\/wp-json\/wp\/v2\/product\/473\/revisions"}],"wp:featuredmedia":[{"embeddable":true,"href":"https:\/\/roulettes.vaniseo.top\/index.php\/wp-json\/wp\/v2\/media\/1969"}],"wp:attachment":[{"href":"https:\/\/roulettes.vaniseo.top\/index.php\/wp-json\/wp\/v2\/media?parent=473"}],"wp:term":[{"taxonomy":"product_cat","embeddable":true,"href":"https:\/\/roulettes.vaniseo.top\/index.php\/wp-json\/wp\/v2\/product_cat?post=473"},{"taxonomy":"product_tag","embeddable":true,"href":"https:\/\/roulettes.vaniseo.top\/index.php\/wp-json\/wp\/v2\/product_tag?post=473"}],"curies":[{"name":"wp","href":"https:\/\/api.w.org\/{rel}","templated":true}]}}