{"id":475,"date":"2022-04-04T16:21:47","date_gmt":"2022-04-04T14:21:47","guid":{"rendered":"https:\/\/roulettes.vaniseo.top\/index.php\/produit\/patere-bois-3-crochets-ronds-en-pin-vernis-naturel\/"},"modified":"2022-04-04T17:21:16","modified_gmt":"2022-04-04T15:21:16","slug":"patere-bois-3-crochets-ronds-en-pin-vernis-naturel","status":"publish","type":"product","link":"https:\/\/roulettes.vaniseo.top\/index.php\/produit\/patere-bois-3-crochets-ronds-en-pin-vernis-naturel\/","title":{"rendered":"Pat\u00e8re bois 3 crochets ronds en pin vernis naturel"},"content":{"rendered":"<h3>Porte manteau bois naturel 3 boutons pat\u00e8res<\/h3>\n<p>_x000D_n1001 Pat\u00e8res vous pr\u00e9sente ci dessous une r\u00e9f\u00e9rence de la marque <strong>Nesu<\/strong>. Il s&rsquo;agit d&rsquo;une <strong>pat\u00e8re bois 3 crochets ronds en bois de pin vernis, de couleur naturelle<\/strong>._x000D_n_x000D_nChez <a href=\"https:\/\/1001pateres.com\/brand\/nesu\/\">Nesu<\/a>, 1001 Pat\u00e8res a choisi deux collections majeures:_x000D_n<\/p>\n<ul>_x000D_n \t<\/p>\n<li>Les <strong>supports rectangulaires imprim\u00e9s<\/strong> avec 4 crochets, le tout en bois ou m\u00e9tal<\/li>\n<p>_x000D_n \t<\/p>\n<li><strong>L&rsquo;authentique<\/strong> pat\u00e8re 3 crochets ronds en bois vernis, comme ici.<\/li>\n<p>_x000D_n<\/ul>\n<p>_x000D_nSur ce site, d\u00e9couvrez donc non seulement celle-ci contre ainsi que les\u00a0versions <a href=\"https:\/\/1001pateres.com\/produit\/patere-bois-3-crochets-pin-blanc\/\">blanc laqu\u00e9e<\/a>, <a href=\"https:\/\/1001pateres.com\/produit\/patere-bois-3-crochets-pin-verni-miel\/\">bois vernis couleur miel<\/a> etc._x000D_n_x000D_nCe port manteau\u00a0comporte donc 3 pat\u00e8res\u00a0en bois de pin naturel et vernis. Il est \u00e0 installer au mur de <strong>n&rsquo;importe quelle pi\u00e8ce de la maison<\/strong>, notamment l&rsquo;entr\u00e9e. Avec discr\u00e9tion, il permet de ne plus voir trainer ses affaires._x000D_n_x000D_n&nbsp;_x000D_n<\/p>\n<h3>Installer une pat\u00e8re bois 3 crochets ronds<\/h3>\n<p>_x000D_nAussi, son <strong>installation<\/strong> est simple. Ce porte manteau bois naturel 3 boutons\u00a0est simplement \u00e0 <strong>visser<\/strong> sur le mur \u00e0 l&rsquo;aide de <strong>2 vis et cheville fournis<\/strong>. Evidemment, il sera n\u00e9cessaire de vous munir de votre propre <strong>perceuse<\/strong> pour r\u00e9aliser cet accrochage._x000D_n_x000D_nToutefois, ce porte manteau peut rendre <strong>plus ou moins fonc\u00e9<\/strong> en fonction du bois. Nous vous conseillerons donc de l&rsquo;utiliser sur un pans de mur clair recevant de la lumi\u00e8re.\u00a0<span style=\"line-height: 1.5\">Il saura ainsi se rendre indispensable dans l&rsquo;entr\u00e9e pour ranger ses v\u00eatements.<\/span>_x000D_n_x000D_nEnfin, nous vous recommandons de comparer les <strong>dimensions<\/strong> du pans du mur o\u00f9 vous pr\u00e9voyez de le faire installer \u00e0 celles de notre produit ci dessous. En anticipant, vous parerez ainsi \u00e0 tout risque d&rsquo;espace trop petit!_x000D_n<\/p>\n<ul>_x000D_n \t<\/p>\n<li>Le support de la pat\u00e8re: 36 cm X 5 cm<\/li>\n<p>_x000D_n \t<\/p>\n<li>Epaisseur du support: 1,8 cm<\/li>\n<p>_x000D_n \t<\/p>\n<li>4 pat\u00e8res boutons 4 cm de diam\u00e8tre chacun<\/li>\n<p>_x000D_n \t<\/p>\n<li>Ecartement du support: 5,5 cm<\/li>\n<p>_x000D_n<\/ul>\n<p>_x000D_n1001 Pat\u00e8res reste \u00e0 votre \u00e9coute quelque soit le compl\u00e9ment d&rsquo;informations recherch\u00e9es. Pour cela, \u00e9crivez nous via la page <a href=\"https:\/\/1001pateres.com\/contactez-nous\/\">Contact<\/a> de ce site.<\/p>\n","protected":false},"excerpt":{"rendered":"<p>Ce porte-manteaux\u00a0<strong>bois 3 crochets pin verni naturel<\/strong>\u00a0comportant 3 pat\u00e8res de la marque <em><strong>NESU<\/strong><\/em> est en <em>bois naturel<\/em>. Il est \u00e0 poser dans l&rsquo;entr\u00e9e pour ne plus voir trainer ses affaires. Son\u00a0syst\u00e8me d&rsquo;accrochage est simple, viss\u00e9 au mur. Il\u00a0est de belle qualit\u00e9 en pin naturel avec un verni qui peut rendre plus ou moins fonc\u00e9 en fonction du bois.<\/p>\n","protected":false},"featured_media":1971,"comment_status":"closed","ping_status":"open","template":"","meta":[],"product_cat":[20,32,30,17],"product_tag":[25],"class_list":["post-475","product","type-product","status-publish","has-post-thumbnail","hentry","product_cat-cuisine","product_cat-entree-sejour","product_cat-garage-cellier","product_cat-salle-de-bain","product_tag-crochet-patere-patere-design-patere-murale-patere-porte-pateres-porte-manteau-porte-serviette-porte-torchon-vestiaire","description-off"],"_links":{"self":[{"href":"https:\/\/roulettes.vaniseo.top\/index.php\/wp-json\/wp\/v2\/product\/475","targetHints":{"allow":["GET"]}}],"collection":[{"href":"https:\/\/roulettes.vaniseo.top\/index.php\/wp-json\/wp\/v2\/product"}],"about":[{"href":"https:\/\/roulettes.vaniseo.top\/index.php\/wp-json\/wp\/v2\/types\/product"}],"replies":[{"embeddable":true,"href":"https:\/\/roulettes.vaniseo.top\/index.php\/wp-json\/wp\/v2\/comments?post=475"}],"version-history":[{"count":0,"href":"https:\/\/roulettes.vaniseo.top\/index.php\/wp-json\/wp\/v2\/product\/475\/revisions"}],"wp:featuredmedia":[{"embeddable":true,"href":"https:\/\/roulettes.vaniseo.top\/index.php\/wp-json\/wp\/v2\/media\/1971"}],"wp:attachment":[{"href":"https:\/\/roulettes.vaniseo.top\/index.php\/wp-json\/wp\/v2\/media?parent=475"}],"wp:term":[{"taxonomy":"product_cat","embeddable":true,"href":"https:\/\/roulettes.vaniseo.top\/index.php\/wp-json\/wp\/v2\/product_cat?post=475"},{"taxonomy":"product_tag","embeddable":true,"href":"https:\/\/roulettes.vaniseo.top\/index.php\/wp-json\/wp\/v2\/product_tag?post=475"}],"curies":[{"name":"wp","href":"https:\/\/api.w.org\/{rel}","templated":true}]}}