{"id":476,"date":"2022-04-04T16:21:51","date_gmt":"2022-04-04T14:21:51","guid":{"rendered":"https:\/\/roulettes.vaniseo.top\/index.php\/produit\/patere-avec-vernis-bois-couleur-miel-avec-3-boutons\/"},"modified":"2022-04-04T17:21:17","modified_gmt":"2022-04-04T15:21:17","slug":"patere-avec-vernis-bois-couleur-miel-avec-3-boutons","status":"publish","type":"product","link":"https:\/\/roulettes.vaniseo.top\/index.php\/produit\/patere-avec-vernis-bois-couleur-miel-avec-3-boutons\/","title":{"rendered":"Pat\u00e8re avec vernis bois couleur miel avec 3 boutons"},"content":{"rendered":"<h3>Porte manteau bois miel vernis et 3 pat\u00e8res<\/h3>\n<p>_x000D_n1001 Pat\u00e8res vous pr\u00e9sente ci dessous une <strong>pat\u00e8re avec vernis bois couleur miel avec 3 boutons<\/strong>, de la marque <strong>NESU<\/strong>._x000D_n_x000D_nNotre \u00e9quipe a choisi la marque <a href=\"https:\/\/1001pateres.com\/brand\/nesu\/\">NESU<\/a> pour son <strong>rapport qualit\u00e9 prix exceptionnel<\/strong>. Qu&rsquo;il s&rsquo;agisse de la collection de pat\u00e8res multiples imprim\u00e9es comme la <a href=\"https:\/\/1001pateres.com\/produit\/patere-bois-vieilli-4-crochets-cantonniere\/\">Cantonni\u00e8re<\/a> par exemple, ou de celle-ci plus classique, toutes sont de <strong>belles qualit\u00e9s<\/strong>._x000D_n_x000D_nAinsi, ici, ce porte-manteaux en bois de pin est <strong>vernis<\/strong> et de couleur\u00a0<strong>miel<\/strong>. Il\u00a0comporte 3 pat\u00e8res qui <strong>ne marquent pas les v\u00eatements<\/strong>.\u00a0Il est \u00e0 poser dans l&rsquo;entr\u00e9e ou dans n&rsquo;importe quelle autre pi\u00e8ce de la maison ou du garage pour ne plus voir trainer ses affaires. Celui-ci existe aussi en <a href=\"https:\/\/1001pateres.com\/produit\/patere-bois-3-crochets-pin-blanc\/\">bois vernis blanc<\/a>._x000D_n_x000D_n&nbsp;_x000D_n<\/p>\n<h3>Dimensions et Installation de la pat\u00e8re avec vernis bois couleur miel<\/h3>\n<p>_x000D_nAussi, son\u00a0syst\u00e8me d&rsquo;accrochage est simple, viss\u00e9 sur le mur. <span style=\"line-height: 1.5\">La fixation murale se fait avec <strong>2 vis et chevilles qui sont fournies<\/strong>. Sa pose n\u00e9cessite l&rsquo;usage d&rsquo;une perceuse. Pensez donc \u00e0 vous munir de cet outil pour son <strong>installation<\/strong>.<\/span>_x000D_n_x000D_nPar ailleurs, veuillez noter que cette pat\u00e8re vernis est en bois de pins. Celui-ci peut rendre plus ou moins fonc\u00e9 en fonction du bois. Nous vous conseillons de l&rsquo;utiliser sur un pan de mur clair recevant de la lumi\u00e8re. N&rsquo;oubliez pas de v\u00e9rifier les <strong>dimensions<\/strong> de ce mur et de le comparer \u00e0 celle de cette r\u00e9f\u00e9rence ci dessous:_x000D_n<\/p>\n<ul>_x000D_n \t<\/p>\n<li>Le support bois vernis NERU: 36 cm X 5 cm<\/li>\n<p>_x000D_n \t<\/p>\n<li>Epaisseur du support bois de pins vernis: 1,8 cm<\/li>\n<p>_x000D_n \t<\/p>\n<li>4 Pat\u00e8res fa\u00e7on boutons rond de 4 cm de diam\u00e8tre offrant un \u00e9cartement du support de 5,5 cm<\/li>\n<p>_x000D_n<\/ul>\n<p>_x000D_nN&rsquo;h\u00e9sitez pas \u00e0 contacter le support commercial 1001 Pat\u00e8res pour obtenir une r\u00e9ponse \u00e0 toutes vos questions. Pour cela, vous disposez sur ce site d&rsquo;un formulaire \u00e0 remplir rapidement, via la page <a href=\"https:\/\/1001pateres.com\/contactez-nous\/\">Contact<\/a>.<\/p>\n","protected":false},"excerpt":{"rendered":"<p>Ce porte-manteaux\u00a0<strong>bois 3 crochets pin verni miel<\/strong>\u00a0comportant 3 pat\u00e8res de la marque <em><strong>NESU<\/strong><\/em> est en bois verni <em>couleur miel<\/em>. Il est \u00e0 poser dans l&rsquo;entr\u00e9e pour ne plus voir trainer ses affaires. Son\u00a0syst\u00e8me d&rsquo;accrochage est simple, viss\u00e9 au mur. Il\u00a0est de belle qualit\u00e9 en pin avec un verni miel qui peut rendre plus ou moins fonc\u00e9 en fonction du bois.<\/p>\n","protected":false},"featured_media":1972,"comment_status":"closed","ping_status":"open","template":"","meta":[],"product_cat":[20,32,30,17],"product_tag":[25],"class_list":["post-476","product","type-product","status-publish","has-post-thumbnail","hentry","product_cat-cuisine","product_cat-entree-sejour","product_cat-garage-cellier","product_cat-salle-de-bain","product_tag-crochet-patere-patere-design-patere-murale-patere-porte-pateres-porte-manteau-porte-serviette-porte-torchon-vestiaire","description-off"],"_links":{"self":[{"href":"https:\/\/roulettes.vaniseo.top\/index.php\/wp-json\/wp\/v2\/product\/476","targetHints":{"allow":["GET"]}}],"collection":[{"href":"https:\/\/roulettes.vaniseo.top\/index.php\/wp-json\/wp\/v2\/product"}],"about":[{"href":"https:\/\/roulettes.vaniseo.top\/index.php\/wp-json\/wp\/v2\/types\/product"}],"replies":[{"embeddable":true,"href":"https:\/\/roulettes.vaniseo.top\/index.php\/wp-json\/wp\/v2\/comments?post=476"}],"version-history":[{"count":0,"href":"https:\/\/roulettes.vaniseo.top\/index.php\/wp-json\/wp\/v2\/product\/476\/revisions"}],"wp:featuredmedia":[{"embeddable":true,"href":"https:\/\/roulettes.vaniseo.top\/index.php\/wp-json\/wp\/v2\/media\/1972"}],"wp:attachment":[{"href":"https:\/\/roulettes.vaniseo.top\/index.php\/wp-json\/wp\/v2\/media?parent=476"}],"wp:term":[{"taxonomy":"product_cat","embeddable":true,"href":"https:\/\/roulettes.vaniseo.top\/index.php\/wp-json\/wp\/v2\/product_cat?post=476"},{"taxonomy":"product_tag","embeddable":true,"href":"https:\/\/roulettes.vaniseo.top\/index.php\/wp-json\/wp\/v2\/product_tag?post=476"}],"curies":[{"name":"wp","href":"https:\/\/api.w.org\/{rel}","templated":true}]}}