{"id":477,"date":"2022-04-04T16:21:51","date_gmt":"2022-04-04T14:21:51","guid":{"rendered":"https:\/\/roulettes.vaniseo.top\/index.php\/produit\/patere-bois-de-pins-3-crochets-blancs\/"},"modified":"2022-04-04T17:21:18","modified_gmt":"2022-04-04T15:21:18","slug":"patere-bois-de-pins-3-crochets-blancs","status":"publish","type":"product","link":"https:\/\/roulettes.vaniseo.top\/index.php\/produit\/patere-bois-de-pins-3-crochets-blancs\/","title":{"rendered":"Pat\u00e8re bois de pins 3 crochets blancs"},"content":{"rendered":"<h3>Porte manteau bois mural et ses 3 boutons pat\u00e8res blancs<\/h3>\n<p>_x000D_nD\u00e9couvrez tout ce qu&rsquo;il faut savoir de cette <strong>pat\u00e8re bois de pins et ses 3 crochets blanc<\/strong>s. En effet, 1001 Pat\u00e8res vous propose aussi la <strong>simplicit\u00e9<\/strong> de cette ligne de design de la marque NESU, <strong>\u00e0 tout petit prix<\/strong>!_x000D_n_x000D_n<a href=\"https:\/\/1001pateres.com\/brand\/nesu\/\"><strong>Nesu<\/strong><\/a> propose principalement sur notre site des r\u00e9f\u00e9rences au design identique fait d&rsquo;un rectangle en bois et de 4 crochets de suspension._x000D_n_x000D_nIci, le design est diff\u00e9rent. Il reprend un style <strong>authentique<\/strong> et <strong>connu<\/strong> d&rsquo;un support rectangulaire laqu\u00e9 comportant 3 boutons ronds faisant offices de pat\u00e8res. L&rsquo;ensemble est en pin. Ainsi, l&rsquo;addition des formes, de la mati\u00e8re et la peinture laqu\u00e9e lui conf\u00e8rent ce <strong>design classique et passe partout<\/strong>._x000D_n_x000D_nEn d\u00e9finitive, si vous aussi \u00eates \u00e0 la recherche de <strong>discretion<\/strong> et <strong>d&rsquo;efficacit\u00e9<\/strong>, c&rsquo;est le mod\u00e8le de porte manteau bois mural \u00e0 retenir. <strong>Il ne marquera pas les v\u00eatements<\/strong>._x000D_n_x000D_n&nbsp;_x000D_n<\/p>\n<h3>Accrochage de la pat\u00e8re bois de pins<\/h3>\n<p>_x000D_nC\u00f4t\u00e9 accrochage, il\u00a0poss\u00e8de un syst\u00e8me simple, <strong>viss\u00e9 sur le mur<\/strong> \u00e0 l&rsquo;aide de 2 vis et chevilles fournies. Pensez \u00e0 vous munir donc d&rsquo;une perceuse!\u00a0Le porte-manteaux est <strong>de belle qualit\u00e9, en pin blanc<\/strong> avec un <strong>verni<\/strong> transparent fait pour durer.\u00a0<span style=\"line-height: 1.5\">Il\u00a0sait se rendre indispensable dans l&rsquo;entr\u00e9e pour ranger v\u00eatements et accessoires du quotidien.<\/span>_x000D_n_x000D_n<strong>Robuste, classique, discret, de qualit\u00e9<\/strong>, optez sans h\u00e9siter pour cette pat\u00e8re bois de pins \u00e0 3 crochets blancs. Pensez simplement \u00e0 v\u00e9rifier en amont les <strong>dimensions<\/strong> de la zone sur laquelle vous pensez l&rsquo;utiliser. Vous pourrez ensuite, les comparer \u00e0 celles de ce produit, disponibles ci dessous:_x000D_n<\/p>\n<ul>_x000D_n \t<\/p>\n<li>Le support 36 cm X 5 cm, \u00e9paisseur 1,8 cm<\/li>\n<p>_x000D_n \t<\/p>\n<li>Les pat\u00e8res boutons 4 cm, \u00e9cartement du support 5,5 cm<\/li>\n<p>_x000D_n<\/ul>\n","protected":false},"excerpt":{"rendered":"<p>Ce porte-manteaux\u00a0<strong>bois 3 crochets pin blanc<\/strong>\u00a0comportant 3 pat\u00e8res de la marque <em><strong>NESU<\/strong><\/em> est en bois verni blanc. Il est \u00e0 poser dans l&rsquo;entr\u00e9e pour ne plus voir trainer ses affaires. Son\u00a0syst\u00e8me d&rsquo;accrochage est simple, viss\u00e9 au mur. Il\u00a0est de belle qualit\u00e9 en pin blanc avec un verni transparent fait pour durer.<\/p>\n","protected":false},"featured_media":1973,"comment_status":"closed","ping_status":"open","template":"","meta":[],"product_cat":[20,32,30,17],"product_tag":[25],"class_list":["post-477","product","type-product","status-publish","has-post-thumbnail","hentry","product_cat-cuisine","product_cat-entree-sejour","product_cat-garage-cellier","product_cat-salle-de-bain","product_tag-crochet-patere-patere-design-patere-murale-patere-porte-pateres-porte-manteau-porte-serviette-porte-torchon-vestiaire","description-off"],"_links":{"self":[{"href":"https:\/\/roulettes.vaniseo.top\/index.php\/wp-json\/wp\/v2\/product\/477","targetHints":{"allow":["GET"]}}],"collection":[{"href":"https:\/\/roulettes.vaniseo.top\/index.php\/wp-json\/wp\/v2\/product"}],"about":[{"href":"https:\/\/roulettes.vaniseo.top\/index.php\/wp-json\/wp\/v2\/types\/product"}],"replies":[{"embeddable":true,"href":"https:\/\/roulettes.vaniseo.top\/index.php\/wp-json\/wp\/v2\/comments?post=477"}],"version-history":[{"count":0,"href":"https:\/\/roulettes.vaniseo.top\/index.php\/wp-json\/wp\/v2\/product\/477\/revisions"}],"wp:featuredmedia":[{"embeddable":true,"href":"https:\/\/roulettes.vaniseo.top\/index.php\/wp-json\/wp\/v2\/media\/1973"}],"wp:attachment":[{"href":"https:\/\/roulettes.vaniseo.top\/index.php\/wp-json\/wp\/v2\/media?parent=477"}],"wp:term":[{"taxonomy":"product_cat","embeddable":true,"href":"https:\/\/roulettes.vaniseo.top\/index.php\/wp-json\/wp\/v2\/product_cat?post=477"},{"taxonomy":"product_tag","embeddable":true,"href":"https:\/\/roulettes.vaniseo.top\/index.php\/wp-json\/wp\/v2\/product_tag?post=477"}],"curies":[{"name":"wp","href":"https:\/\/api.w.org\/{rel}","templated":true}]}}