{"id":478,"date":"2022-04-04T16:21:51","date_gmt":"2022-04-04T14:21:51","guid":{"rendered":"https:\/\/roulettes.vaniseo.top\/index.php\/produit\/patere-galet-acier-brillant-chanterelle-grand-modele-ferm-living\/"},"modified":"2022-04-04T17:21:18","modified_gmt":"2022-04-04T15:21:18","slug":"patere-galet-acier-brillant-chanterelle-grand-modele-ferm-living","status":"publish","type":"product","link":"https:\/\/roulettes.vaniseo.top\/index.php\/produit\/patere-galet-acier-brillant-chanterelle-grand-modele-ferm-living\/","title":{"rendered":"Pat\u00e8re galet acier brillant CHANTERELLE grand mod\u00e8le FERM LIVING"},"content":{"rendered":"<h3>Porte manteau acier design galet CHANTERELLE FERM LIVING<\/h3>\n<p>_x000D_n<strong>1001 Pat\u00e8res<\/strong> vous propose de d\u00e9couvrir ici toutes les <strong>informations<\/strong> sur la <strong>pat\u00e8re galet acier brillant<\/strong>. D\u00e9couvrez \u00e9galement nos meilleurs conseils d&rsquo;<strong>installation<\/strong> pour ce <strong>grand mod\u00e8le CHANTERELLE<\/strong> \u00a0de la marque\u00a0<a href=\"https:\/\/fermliving.com\/\" target=\"_blank\" rel=\"noopener\"><strong>FERM LIVING<\/strong><\/a>._x000D_n_x000D_nTout d&rsquo;abord, revenons rapidement sur la marque <a href=\"https:\/\/1001pateres.com\/brand\/ferm-living\/\">Ferm Living<\/a>. Celle-ci est danoise. Dans un <strong>style nordique moderne et design<\/strong>, la marque propose de nombreuses r\u00e9f\u00e9rences de pat\u00e8re unique. Chacune propose l&rsquo;utilisation d&rsquo;une <strong>mati\u00e8re noble<\/strong> offrant ainsi un certain <strong>raffinement<\/strong> \u00e0 votre int\u00e9rieur._x000D_n_x000D_nIci, il s&rsquo;agit du travail de l&rsquo;<strong>acier chrom\u00e9, brillant<\/strong> sous forme de <strong>galet<\/strong> pour\u00a0un usage de porte-manteau, porte-serviette, porte-chapeau. Mais retrouvez \u00e9galement l&rsquo;usage du verre souffl\u00e9, du marbre, du granit, du lapis lazuli etc&#8230;_x000D_n_x000D_nAinsi, avec ce porte manteau design acier vous aimerez\u00a0sa <strong>forme originale\u00a0et \u00e9pur\u00e9e<\/strong> au un <strong>toucher doux et pratique<\/strong>.\u00a0Aussi, l&rsquo;acier est de tr\u00e8s belle qualit\u00e9 et la grandeur du galet permet aux v\u00eatements d&rsquo;\u00e9viter de tomber au sol. Pour de plus fins accessoires \u00e0 suspendre, tournez vous vers le <a href=\"https:\/\/1001pateres.com\/produit\/patere-galet-lemon-petit-modele-acier-brillant-ferm-living\/\">petit mod\u00e8le LEMON<\/a>, tout \u00e0 fait en harmonie. Cette collection existe \u00e9galement en acier dor\u00e9 avec un <a href=\"https:\/\/1001pateres.com\/produit\/patere-galet-lemon-petit-modele-dore-ferm-living\/\">petit<\/a> et un <a href=\"https:\/\/1001pateres.com\/produit\/patere-galet-chanterelle-grand-modele-dore-ferm-living\/\">grand mod\u00e8le<\/a>._x000D_n_x000D_n&nbsp;_x000D_n<\/p>\n<h3>Installation pat\u00e8re galet acier brillant Chanterelle Ferm Living<\/h3>\n<p>_x000D_nCette pat\u00e8re galet acier brillant CHANTERELLE comporte <strong>une base avec une tige viss\u00e9e de l&rsquo;int\u00e9rieur<\/strong>\u00a0et un syst\u00e8me d&rsquo;accrochage avec <strong>sa vis et sa cheville incluse<\/strong>. L&rsquo;installation est donc simple, le r\u00e9sultat est d&rsquo;une parfaite finition avec la vis non visible une fois mont\u00e9e.\u00a0Ce mod\u00e8le n\u00e9cessite donc seulement l&rsquo;usage d&rsquo;une per\u00e7euse pour positionner la cheville._x000D_n_x000D_nEnfin, ce porte manteau design <strong>s&rsquo;adapte \u00e0 toutes les pi\u00e8ces<\/strong> et plus particuli\u00e8rement <strong>\u00e0 l&rsquo;entr\u00e9e<\/strong>. Il apporte une touche de <strong>modernit\u00e9<\/strong> \u00e0 votre univers, tout en <strong>optimisant le rangement<\/strong>. Pensez \u00e0 v\u00e9rifier ses <strong>dimensions<\/strong> avant toute installation:_x000D_n<\/p>\n<ul>_x000D_n \t<\/p>\n<li>Le galet dim 7 cm x 6 cm<\/li>\n<p>_x000D_n \t<\/p>\n<li>Ecartement du mur 3,2 cm<\/li>\n<p>_x000D_n<\/ul>\n","protected":false},"excerpt":{"rendered":"<p>Pat\u00e8re galet <strong>CHANTERELLE<\/strong> <em><strong>grand mod\u00e8le acier<\/strong> <\/em>brillant FERM LIVING. Jolie pat\u00e8re design en forme de galet pour un usage de porte-manteau, porte-serviette ou porte-chapeau.\u00a0Elle est originale et \u00e9pur\u00e9e avec une forme douce et pratique. Une fois pos\u00e9e au mur \u00e0 l&rsquo;aide d&rsquo;une perceuse, elle permet de r\u00e9sister \u00e0 un poids de 5 kg environ.<\/p>\n","protected":false},"featured_media":1974,"comment_status":"closed","ping_status":"open","template":"","meta":[],"product_cat":[19,32,21,22,17],"product_tag":[26],"class_list":["post-478","product","type-product","status-publish","has-post-thumbnail","hentry","product_cat-collectivite","product_cat-entree-sejour","product_cat-entreprise","product_cat-pro","product_cat-salle-de-bain","product_tag-crochet-patere-patere-design-patere-murale-patere-porte-pateres-porte-serviette-porte-torchon","description-off"],"_links":{"self":[{"href":"https:\/\/roulettes.vaniseo.top\/index.php\/wp-json\/wp\/v2\/product\/478","targetHints":{"allow":["GET"]}}],"collection":[{"href":"https:\/\/roulettes.vaniseo.top\/index.php\/wp-json\/wp\/v2\/product"}],"about":[{"href":"https:\/\/roulettes.vaniseo.top\/index.php\/wp-json\/wp\/v2\/types\/product"}],"replies":[{"embeddable":true,"href":"https:\/\/roulettes.vaniseo.top\/index.php\/wp-json\/wp\/v2\/comments?post=478"}],"version-history":[{"count":0,"href":"https:\/\/roulettes.vaniseo.top\/index.php\/wp-json\/wp\/v2\/product\/478\/revisions"}],"wp:featuredmedia":[{"embeddable":true,"href":"https:\/\/roulettes.vaniseo.top\/index.php\/wp-json\/wp\/v2\/media\/1974"}],"wp:attachment":[{"href":"https:\/\/roulettes.vaniseo.top\/index.php\/wp-json\/wp\/v2\/media?parent=478"}],"wp:term":[{"taxonomy":"product_cat","embeddable":true,"href":"https:\/\/roulettes.vaniseo.top\/index.php\/wp-json\/wp\/v2\/product_cat?post=478"},{"taxonomy":"product_tag","embeddable":true,"href":"https:\/\/roulettes.vaniseo.top\/index.php\/wp-json\/wp\/v2\/product_tag?post=478"}],"curies":[{"name":"wp","href":"https:\/\/api.w.org\/{rel}","templated":true}]}}