{"id":479,"date":"2022-04-04T16:21:51","date_gmt":"2022-04-04T14:21:51","guid":{"rendered":"https:\/\/roulettes.vaniseo.top\/index.php\/produit\/patere-acier-brillant-galet-lemon-petit-modele-ferm-living\/"},"modified":"2022-04-04T17:21:18","modified_gmt":"2022-04-04T15:21:18","slug":"patere-acier-brillant-galet-lemon-petit-modele-ferm-living","status":"publish","type":"product","link":"https:\/\/roulettes.vaniseo.top\/index.php\/produit\/patere-acier-brillant-galet-lemon-petit-modele-ferm-living\/","title":{"rendered":"Pat\u00e8re acier brillant galet LEMON petit mod\u00e8le FERM LIVING"},"content":{"rendered":"<h3>Porte manteau design galet LEMON acier chrom\u00e9 FERM LIVING<\/h3>\n<p>_x000D_n<strong>1001 Pat\u00e8res<\/strong> vous propose de d\u00e9couvrir ici ses meilleurs <strong>conseils d&rsquo;installation<\/strong> et l&rsquo;ensemble des informations techniques de cette <strong>pat\u00e8re acier brillant<\/strong> en forme de <strong>galet<\/strong>. Sp\u00e9cifiquement, \u00a0il s&rsquo;agit ici du <strong>petit mod\u00e8le LEMON<\/strong> de la marque\u00a0<a href=\"https:\/\/fermliving.com\/\" target=\"_blank\" rel=\"noopener\"><strong>FERM LIVING<\/strong><\/a>._x000D_n_x000D_nA noter que comme pour le <strong>mod\u00e8le LEMON en <a href=\"https:\/\/1001pateres.com\/produit\/patere-galet-lemon-petit-modele-dore-ferm-living\/\">acier dor\u00e9<\/a><\/strong>, celle-ci peut tout aussi bien faire usage de <strong>porte-manteau<\/strong>, <strong>porte-serviette<\/strong>, ou encore <strong>porte-chapeau<\/strong>._x000D_n_x000D_nTout d&rsquo;abord, pr\u00e9cisons qui est <a href=\"https:\/\/1001pateres.com\/brand\/ferm-living\/\">Ferm Living<\/a> et pourquoi nous avons s\u00e9lectionn\u00e9 leurs produits. Cette marque est <strong>danoise<\/strong> et offre une belle <strong>inspiration d\u00e9corative de style scandinave<\/strong>. Ainsi, elle valorise un design minimalisme utilisant de beaux mat\u00e9riaux bruts comme le <strong>granit<\/strong>, le <strong>marbre<\/strong>, ou encore le <strong>verre souffl\u00e9<\/strong>.\u00a0Ici, le mat\u00e9riau mis \u00e0 l&rsquo;honneur est l&rsquo;<strong>acier<\/strong>._x000D_n_x000D_nAussi, l&rsquo;acier est de tr\u00e8s belle qualit\u00e9 et la grandeur du galet permet aux v\u00eatements d&rsquo;\u00e9viter de tomber au sol. Le <strong>porte manteau design<\/strong> propose une\u00a0forme <strong>original<\/strong>\u00a0et <strong>\u00e9pur\u00e9<\/strong> avec un <strong>toucher doux et pratique<\/strong>._x000D_n_x000D_n&nbsp;_x000D_n<\/p>\n<h3>Nos conseils d&rsquo;installation pour cette pat\u00e8re acier brillant LEMON<\/h3>\n<p>_x000D_nEnsuite, cette <strong>pat\u00e8re galet LEMON<\/strong> petit mod\u00e8le acier brillant de la marque FERM LIVING comporte une base avec une <strong>tige viss\u00e9e de l&rsquo;int\u00e9rieur<\/strong>\u00a0et un syst\u00e8me d&rsquo;accrochage avec vis et cheville non visibles une fois mont\u00e9s. Ainsi, ce mod\u00e8le est facile \u00e0 poser mais n\u00e9cessite une perceuse pour placer la cheville._x000D_n_x000D_nEnfin, voici ses <strong>dimensions<\/strong>:_x000D_n<\/p>\n<ul>_x000D_n \t<\/p>\n<li>Le galet dim 6,5 cm x 5 cm<\/li>\n<p>_x000D_n \t<\/p>\n<li>Ecartement du mur 3,5 cm<\/li>\n<p>_x000D_n<\/ul>\n<p>_x000D_nC\u00f4t\u00e9 d\u00e9coration pour finir, 1001 Pat\u00e8res vous sugg\u00e8re de profiter de sa brillance et sa forme lisse pour <strong>minimiser la d\u00e9coration autour<\/strong>, et l&rsquo;installer de pr\u00e9f\u00e9rence sur des <strong>murs sombres<\/strong> ou dans un <strong>univers utilisant d\u00e9j\u00e0 l&rsquo;acier brillant<\/strong> ou chrom\u00e9._x000D_n_x000D_nN&rsquo;h\u00e9sitez pas \u00e0 nous contacter via le formulaire de contact en cas de question compl\u00e9mentaire ou pour un devis sp\u00e9cifique en cas de commande en nombre. Nous nous ferons un plaisir de vous r\u00e9pondre dans les meilleurs d\u00e9lais.<\/p>\n","protected":false},"excerpt":{"rendered":"<p>Pat\u00e8re galet <strong>LEMON<\/strong> petit mod\u00e8le <em><strong>acier brillant<\/strong><\/em> FERM LIVING. Jolie pat\u00e8re design en forme de galet pour un usage de porte-manteau, porte-serviette ou porte-chapeau.\u00a0Elle est originale et \u00e9pur\u00e9e avec une forme douce et pratique. Une fois pos\u00e9e au mur \u00e0 l&rsquo;aide d&rsquo;une perceuse, elle permet de r\u00e9sister \u00e0 un poids de 5 kg environ.<\/p>\n","protected":false},"featured_media":1976,"comment_status":"closed","ping_status":"open","template":"","meta":[],"product_cat":[19,32,21,22,17],"product_tag":[26],"class_list":["post-479","product","type-product","status-publish","has-post-thumbnail","hentry","product_cat-collectivite","product_cat-entree-sejour","product_cat-entreprise","product_cat-pro","product_cat-salle-de-bain","product_tag-crochet-patere-patere-design-patere-murale-patere-porte-pateres-porte-serviette-porte-torchon","description-off"],"_links":{"self":[{"href":"https:\/\/roulettes.vaniseo.top\/index.php\/wp-json\/wp\/v2\/product\/479","targetHints":{"allow":["GET"]}}],"collection":[{"href":"https:\/\/roulettes.vaniseo.top\/index.php\/wp-json\/wp\/v2\/product"}],"about":[{"href":"https:\/\/roulettes.vaniseo.top\/index.php\/wp-json\/wp\/v2\/types\/product"}],"replies":[{"embeddable":true,"href":"https:\/\/roulettes.vaniseo.top\/index.php\/wp-json\/wp\/v2\/comments?post=479"}],"version-history":[{"count":0,"href":"https:\/\/roulettes.vaniseo.top\/index.php\/wp-json\/wp\/v2\/product\/479\/revisions"}],"wp:featuredmedia":[{"embeddable":true,"href":"https:\/\/roulettes.vaniseo.top\/index.php\/wp-json\/wp\/v2\/media\/1976"}],"wp:attachment":[{"href":"https:\/\/roulettes.vaniseo.top\/index.php\/wp-json\/wp\/v2\/media?parent=479"}],"wp:term":[{"taxonomy":"product_cat","embeddable":true,"href":"https:\/\/roulettes.vaniseo.top\/index.php\/wp-json\/wp\/v2\/product_cat?post=479"},{"taxonomy":"product_tag","embeddable":true,"href":"https:\/\/roulettes.vaniseo.top\/index.php\/wp-json\/wp\/v2\/product_tag?post=479"}],"curies":[{"name":"wp","href":"https:\/\/api.w.org\/{rel}","templated":true}]}}