{"id":480,"date":"2022-04-04T16:21:51","date_gmt":"2022-04-04T14:21:51","guid":{"rendered":"https:\/\/roulettes.vaniseo.top\/index.php\/produit\/patere-bois-et-metal-vieillis-4-crochets-cantonniere\/"},"modified":"2022-04-04T17:21:19","modified_gmt":"2022-04-04T15:21:19","slug":"patere-bois-et-metal-vieillis-4-crochets-cantonniere","status":"publish","type":"product","link":"https:\/\/roulettes.vaniseo.top\/index.php\/produit\/patere-bois-et-metal-vieillis-4-crochets-cantonniere\/","title":{"rendered":"Patere bois et m\u00e9tal vieillis 4 crochets cantonni\u00e8re"},"content":{"rendered":"<h3>Porte manteau bois fa\u00e7on h\u00eatre vieilli et 4 crochets m\u00e9tal vieilli<\/h3>\n<p>_x000D_n1001 Pat\u00e8res, n\u00b01 de la vente de pat\u00e8res en France, vous propose quelques conseils et informations compl\u00e9mentaires au sujet cette <strong>patere bois et m\u00e9tal vieillis<\/strong> incluant <strong>4 crochets cantonni\u00e8re<\/strong>. Cette r\u00e9f\u00e9rence est de la marque <strong>NESU<\/strong>._x000D_n_x000D_n1001 Pat\u00e8res a choisi la marque <a href=\"https:\/\/1001pateres.com\/brand\/nesu\/\">NESU<\/a> pour une collection de <strong>pat\u00e8res<\/strong> aux designs semblables mais \u00e0 l&rsquo;<strong>imprim\u00e9 vari\u00e9<\/strong> pour toutes les pi\u00e8ces de la maison. Ainsi, NESU utilise toujours le principe du <strong>rectangle en bois ou m\u00e9tal imprim\u00e9<\/strong>. Sur celui-ci, vous trouvez la <strong>suspension de 4 crochets<\/strong> dans un style se mariant toujours avec l&rsquo;imprim\u00e9 du support. Ainsi, de la chambre de b\u00e9b\u00e9 avec des formes de nuage, aux images de motos vintages, <strong>il y en a pour touts les go\u00fbts<\/strong>._x000D_n_x000D_n&nbsp;_x000D_n<\/p>\n<h3>Comment utiliser la patere bois et m\u00e9tal vieillis cantonni\u00e8re?<\/h3>\n<p>_x000D_nComme ici par exemple avec ce porte manteau d&rsquo;inspiration\u00a0<strong>CANTONNIERE<\/strong>! Aux coloris et motifs d&rsquo;autrefois, le <strong>bois est\u00a0travaill\u00e9 fa\u00e7on h\u00eatre vieilli<\/strong>; les <strong>pat\u00e8res sont en m\u00e9tal vieilli.<\/strong> Vous choisirez ce porte manteau original pour sa <strong>belle qualit\u00e9<\/strong>, son <strong>bois d\u00e9cor\u00e9<\/strong> et ses <strong>crochets doubles<\/strong> pouvant servir de <strong>vestiaires<\/strong>._x000D_n_x000D_n1001 Pat\u00e8res vous conseille de l&rsquo;utiliser dans votre <strong>chambre<\/strong>, dans une <strong>cuisine<\/strong>, ou encore dans une <strong>buanderie<\/strong>. Bien s\u00fbr, elle trouvera aussi sa place dans une <strong>salle de bain<\/strong>._x000D_n_x000D_nAussi, son\u00a0<strong>syst\u00e8me d&rsquo;accrochage<\/strong> est <strong>simple<\/strong>, au dos du support. Sa jolie finition permet un r\u00e9sultat <strong>non visible<\/strong> une fois pos\u00e9 sur le mur. Pour ce faire 2 vis et chevilles sont fournis, pensez toutefois \u00e0 vous munir de votre perceuse._x000D_n_x000D_nEnfin, pensez \u00e0 comparer <strong>dimensions<\/strong> du produit et de votre pan de mur avant tout achat, via les indications ci dessous:_x000D_n<\/p>\n<ul>_x000D_n \t<\/p>\n<li>Le support 40,5 cm X 10,5 cm, \u00e9paisseur 2 cm<\/li>\n<p>_x000D_n \t<\/p>\n<li>Les pat\u00e8res hauteur 9,5 cm, \u00e9cartement du support 7 cm<\/li>\n<p>_x000D_n<\/ul>\n<p>_x000D_n1001 Pat\u00e8res reste \u00e0 votre \u00e9coute pour toutes questions compl\u00e9mentaires via la page <a href=\"https:\/\/1001pateres.com\/contactez-nous\/\">Contact<\/a>.<\/p>\n","protected":false},"excerpt":{"rendered":"<p>Ce porte-manteaux <strong>bois CANTONNIERE sur fond marron<\/strong>\u00a0comportant 4 pat\u00e8res de la marque <em><strong>NESU<\/strong><\/em> est en bois fa\u00e7on h\u00eatre et m\u00e9tal vieilli. Il est \u00e0 poser dans l&rsquo;entr\u00e9e pour ne plus voir trainer ses affaires. Son\u00a0syst\u00e8me d&rsquo;accrochage est simple, au dos du support et non visible une fois pos\u00e9e sur le mur. Il\u00a0est original et de belle qualit\u00e9 en bois d\u00e9cor\u00e9 pour le support et en m\u00e9tal vieilli pour les crochets double pat\u00e8res qui peuvent servir de vestiaires.<\/p>\n","protected":false},"featured_media":1978,"comment_status":"closed","ping_status":"open","template":"","meta":[],"product_cat":[32],"product_tag":[25],"class_list":["post-480","product","type-product","status-publish","has-post-thumbnail","hentry","product_cat-entree-sejour","product_tag-crochet-patere-patere-design-patere-murale-patere-porte-pateres-porte-manteau-porte-serviette-porte-torchon-vestiaire","description-off"],"_links":{"self":[{"href":"https:\/\/roulettes.vaniseo.top\/index.php\/wp-json\/wp\/v2\/product\/480","targetHints":{"allow":["GET"]}}],"collection":[{"href":"https:\/\/roulettes.vaniseo.top\/index.php\/wp-json\/wp\/v2\/product"}],"about":[{"href":"https:\/\/roulettes.vaniseo.top\/index.php\/wp-json\/wp\/v2\/types\/product"}],"replies":[{"embeddable":true,"href":"https:\/\/roulettes.vaniseo.top\/index.php\/wp-json\/wp\/v2\/comments?post=480"}],"version-history":[{"count":0,"href":"https:\/\/roulettes.vaniseo.top\/index.php\/wp-json\/wp\/v2\/product\/480\/revisions"}],"wp:featuredmedia":[{"embeddable":true,"href":"https:\/\/roulettes.vaniseo.top\/index.php\/wp-json\/wp\/v2\/media\/1978"}],"wp:attachment":[{"href":"https:\/\/roulettes.vaniseo.top\/index.php\/wp-json\/wp\/v2\/media?parent=480"}],"wp:term":[{"taxonomy":"product_cat","embeddable":true,"href":"https:\/\/roulettes.vaniseo.top\/index.php\/wp-json\/wp\/v2\/product_cat?post=480"},{"taxonomy":"product_tag","embeddable":true,"href":"https:\/\/roulettes.vaniseo.top\/index.php\/wp-json\/wp\/v2\/product_tag?post=480"}],"curies":[{"name":"wp","href":"https:\/\/api.w.org\/{rel}","templated":true}]}}