{"id":481,"date":"2022-04-04T16:21:51","date_gmt":"2022-04-04T14:21:51","guid":{"rendered":"https:\/\/roulettes.vaniseo.top\/index.php\/produit\/patere-bois-blanc-4-nuages-blancs-sur-fond-de-nuages-roses\/"},"modified":"2022-04-04T17:21:19","modified_gmt":"2022-04-04T15:21:19","slug":"patere-bois-blanc-4-nuages-blancs-sur-fond-de-nuages-roses","status":"publish","type":"product","link":"https:\/\/roulettes.vaniseo.top\/index.php\/produit\/patere-bois-blanc-4-nuages-blancs-sur-fond-de-nuages-roses\/","title":{"rendered":"Pat\u00e8re bois blanc 4 nuages blancs sur fond de nuages roses"},"content":{"rendered":"<h3>Porte manteau bois blanc imprim\u00e9 nuages roses avec 4 pat\u00e8res<\/h3>\n<p>_x000D_nD\u00e9couvrez avec 1001 Pat\u00e8res, toutes les informations concernant cette <strong>pat\u00e8re bois blanc avec un imprim\u00e9 de nuages roses<\/strong>. Celle ci comporte <strong>4 supports<\/strong> en forme de <strong>nuages blancs<\/strong>. Elle est issue de la collection design\u00e9e par la marque <a href=\"https:\/\/1001pateres.com\/brand\/nesu\/\">NESU<\/a>._x000D_n_x000D_nEn effet, <strong>NESU<\/strong> propose une collection de porte manteau en bois ou en m\u00e9tal avec 4 pat\u00e8res. Toujours en rectangle, ses r\u00e9f\u00e9rences sont pens\u00e9es pour <strong>diff\u00e9rentes pi\u00e8ces de la maison<\/strong>. Ainsi, du garage \u00e0 la chambre de b\u00e9b\u00e9, NESU vous propose des <strong>solutions de rangement originales et \u00e9l\u00e9gantes<\/strong>._x000D_n_x000D_nComme ici, cette pat\u00e8re bois blanc est d\u00e9di\u00e9e \u00e0 la chambre de votre <strong>petite fille<\/strong>. De couleurs rose et blanche, elle <strong>f\u00e9minisera avec douceur<\/strong> son espace. Vide, cette r\u00e9f\u00e9rence compl\u00e9tera une d\u00e9coration l\u00e9g\u00e8re. Utilis\u00e9e, elle permettra de suspendre et ranger v\u00eatements et accessoires._x000D_n<\/p>\n<h3>Pat\u00e8re bois blanc de 4 crochets en nuages blanc sur fond de nuages bleu<\/h3>\n<p>_x000D_n1001 Pat\u00e8res vous pr\u00e9sente ici le <strong>porte manteau bois blanc bleu <\/strong>avec ses <strong>4 crochets en forme de nuages blancs<\/strong>._x000D_n_x000D_nTout d&rsquo;abord, cette r\u00e9f\u00e9rence est issue de la <strong>collection du m\u00eame style<\/strong> de la marque <a href=\"https:\/\/1001pateres.com\/brand\/nesu\/\">NESU<\/a>. Cette derni\u00e8re dessine des pat\u00e8res pour toute la famille. Ainsi, quelque soit la pi\u00e8ce de la maison, vous trouverez toujours un esprit qui marche avec la d\u00e9coration en place. En effet, le concept est le m\u00eame: un <strong>support rectangulaire<\/strong> et des <strong>crochets originaux<\/strong> dessus. La constance des belles <strong>mati\u00e8res, coloris et imprim\u00e9s<\/strong> est la r\u00e8gle. Le choix d&rsquo;association est de ce fait, toujours imparable._x000D_n_x000D_nAinsi, cette pat\u00e8re bois \u00e0 l&rsquo;imprim\u00e9 blanc bleu, avec nuages blancs comme crochets est parfaite pour une <strong><a href=\"https:\/\/1001pateres.com\/categorie-produit\/chambre-enfant\/\">chambre d&rsquo;enfant<\/a><\/strong>. Elle permet de <strong>ranger serviettes, v\u00eatements et accessoires<\/strong> pour offrir davantage de clart\u00e9 \u00e0 votre int\u00e9rieur. Elle conviendra tr\u00e8s bien \u00e9galement \u00e0 une <strong>salle de jeux<\/strong>, et une <strong>salle de bain<\/strong>.\u00a0Cette r\u00e9f\u00e9rence est aussi disponible avec un fond:_x000D_n<\/p>\n<ul>_x000D_n \t<\/p>\n<li><a href=\"https:\/\/1001pateres.com\/produit\/patere-nuages-sur-fond-patchwork-rose-et-gris\/\">Patchwork rose et gris et 4 nuages gris<\/a><\/li>\n<p>_x000D_n \t<\/p>\n<li><a href=\"https:\/\/1001pateres.com\/produit\/patere-nuages-rose\/\">Blanc et nuages roses<\/a><\/li>\n<p>_x000D_n \t<\/p>\n<li><a href=\"https:\/\/1001pateres.com\/produit\/porte-manteaux-bois-blanc-nuages-bleu\/\">Nuages roses et bleus et 4 nuages blancs<\/a><\/li>\n<p>_x000D_n<\/ul>\n<p>_x000D_n&nbsp;_x000D_n<\/p>\n<h3>Comment accrocher au mur ce porte manteau bois blanc NESU?<\/h3>\n<p>_x000D_nAussi, 1001 Pat\u00e8res vous propose ce porte manteau bois blanc NESU pour son <strong>syst\u00e8me d&rsquo;accrochage simple et non visible une fois pos\u00e9e<\/strong> sur le mur. En effet, le support est au dos et n\u00e9cessite juste <strong>2 vis et chevilles incluses<\/strong>. Pensez \u00e0 vous munir de votre perceuse pour l&rsquo;accrocher au mur!_x000D_n_x000D_n<span style=\"line-height: 1.5\">Le <strong>contraste<\/strong> de ses couleurs blanche et bleue\u00a0<strong>dynamise<\/strong> une pi\u00e8ce. Cela permet par cons\u00e9quent une touche de modernit\u00e9 dans la chambre de votre enfant. <\/span>_x000D_n_x000D_n<span style=\"line-height: 1.5\">Enfin, ci- dessous, voyez ses dimensions et comparez-les avec celles du pan de mur o\u00f9 vous pr\u00e9voyez de l&rsquo;installer. Vous aurez ainsi toutes les cartes en main:<\/span>_x000D_n<\/p>\n<ul>_x000D_n \t<\/p>\n<li>Support bois blanc et imprim\u00e9 nuages bleus: 40,5 cm X 10,5 cm, \u00e9paisseur 2 cm<\/li>\n<p>_x000D_n \t<\/p>\n<li>Pat\u00e8re nuage blanc: 7 cm x 5,7 cm<\/li>\n<p>_x000D_n \t<\/p>\n<li>Ecartement du support: 5 cm<\/li>\n<p>_x000D_n<\/ul>\n<p>_x000D_n&nbsp;_x000D_n<\/p>\n<h3>Comment installer cette patere bois pour enfant?<\/h3>\n<p>_x000D_nCette pat\u00e8re bois pour enfant est \u00e0 poser partout dans la<strong> chambre d&rsquo;un b\u00e9b\u00e9 ou d&rsquo;une jeune fille<\/strong>. Comme toute pat\u00e8re, son objectif est avant tout de limiter le nombre d&rsquo;affaires qui trainent, tout en apportant un d\u00e9tail \u00e9l\u00e9gant de plus \u00e0 votre d\u00e9coration._x000D_n_x000D_nAussi, son\u00a0syst\u00e8me d&rsquo;accrochage est simple. Il se situe au dos du support et reste non visible une fois pos\u00e9 sur le mur. <span style=\"line-height: 1.5\">La fixation\u00a0au mur de la patere bois pour enfant avec nuages roses se fait avec 2 vis et chevilles fournies. Bien s\u00fbr de ce fait, s<\/span><span style=\"line-height: 1.5\">a pose n\u00e9cessite l&rsquo;usage d&rsquo;une perceuse.<\/span>_x000D_n_x000D_nC\u00f4t\u00e9 mati\u00e8re, le support imprim\u00e9 est en <strong>bois naturel<\/strong> et peint. En revanche, les nuages pat\u00e8res sont en <strong>bois blanc laqu\u00e9<\/strong>._x000D_n_x000D_nEnfin, pour finir, pensez \u00e0 v\u00e9rifier les dimensions de votre pan de mur et les comparer \u00e0 celle de ce produit:_x000D_n<\/p>\n<ul>_x000D_n \t<\/p>\n<li>Le support 40,5 cm X 10,5 cm, \u00e9paisseur 2 cm<\/li>\n<p>_x000D_n \t<\/p>\n<li>Les pat\u00e8res nuages 7 cm x 5,7 cm, \u00e9cartement du support 5 cm<\/li>\n<p>_x000D_n<\/ul>\n","protected":false},"excerpt":{"rendered":"<p>Ce porte-manteaux <strong>bois blanc NUAGES ROSES<\/strong>\u00a0comportant 4 pat\u00e8res de la marque <em><strong>NESU<\/strong><\/em> est en bois blanc. Il est \u00e0 poser partout dans la chambre d&rsquo;un enfant pour ne plus voir trainer ses affaires. Son\u00a0syst\u00e8me d&rsquo;accrochage est simple, au dos du support et non visible une fois pos\u00e9e sur le mur. Il\u00a0est original et de belle qualit\u00e9 en bois pour le support imprim\u00e9 et en bois blanc laqu\u00e9 pour les nuages pat\u00e8res.<\/p>\n","protected":false},"featured_media":1979,"comment_status":"closed","ping_status":"open","template":"","meta":[],"product_cat":[16],"product_tag":[25],"class_list":["post-481","product","type-product","status-publish","has-post-thumbnail","hentry","product_cat-chambre-enfant","product_tag-crochet-patere-patere-design-patere-murale-patere-porte-pateres-porte-manteau-porte-serviette-porte-torchon-vestiaire","description-off"],"_links":{"self":[{"href":"https:\/\/roulettes.vaniseo.top\/index.php\/wp-json\/wp\/v2\/product\/481","targetHints":{"allow":["GET"]}}],"collection":[{"href":"https:\/\/roulettes.vaniseo.top\/index.php\/wp-json\/wp\/v2\/product"}],"about":[{"href":"https:\/\/roulettes.vaniseo.top\/index.php\/wp-json\/wp\/v2\/types\/product"}],"replies":[{"embeddable":true,"href":"https:\/\/roulettes.vaniseo.top\/index.php\/wp-json\/wp\/v2\/comments?post=481"}],"version-history":[{"count":0,"href":"https:\/\/roulettes.vaniseo.top\/index.php\/wp-json\/wp\/v2\/product\/481\/revisions"}],"wp:featuredmedia":[{"embeddable":true,"href":"https:\/\/roulettes.vaniseo.top\/index.php\/wp-json\/wp\/v2\/media\/1979"}],"wp:attachment":[{"href":"https:\/\/roulettes.vaniseo.top\/index.php\/wp-json\/wp\/v2\/media?parent=481"}],"wp:term":[{"taxonomy":"product_cat","embeddable":true,"href":"https:\/\/roulettes.vaniseo.top\/index.php\/wp-json\/wp\/v2\/product_cat?post=481"},{"taxonomy":"product_tag","embeddable":true,"href":"https:\/\/roulettes.vaniseo.top\/index.php\/wp-json\/wp\/v2\/product_tag?post=481"}],"curies":[{"name":"wp","href":"https:\/\/api.w.org\/{rel}","templated":true}]}}