{"id":482,"date":"2022-04-04T16:21:51","date_gmt":"2022-04-04T14:21:51","guid":{"rendered":"https:\/\/roulettes.vaniseo.top\/index.php\/produit\/porte-manteau-bois-blanc-bleu-et-nuages-blancs\/"},"modified":"2022-04-04T17:21:20","modified_gmt":"2022-04-04T15:21:20","slug":"porte-manteau-bois-blanc-bleu-et-nuages-blancs","status":"publish","type":"product","link":"https:\/\/roulettes.vaniseo.top\/index.php\/produit\/porte-manteau-bois-blanc-bleu-et-nuages-blancs\/","title":{"rendered":"Porte manteau bois blanc bleu et nuages blancs"},"content":{"rendered":"<h3>Pat\u00e8re bois blanc de 4 crochets en nuages blanc sur fond de nuages bleu<\/h3>\n<p>_x000D_n1001 Pat\u00e8res vous pr\u00e9sente ici le <strong>porte manteau bois blanc bleu <\/strong>avec ses <strong>4 crochets en forme de nuages blancs<\/strong>._x000D_n_x000D_nTout d&rsquo;abord, cette r\u00e9f\u00e9rence est issue de la <strong>collection du m\u00eame style<\/strong> de la marque <a href=\"https:\/\/1001pateres.com\/brand\/nesu\/\">NESU<\/a>. Cette derni\u00e8re dessine des pat\u00e8res pour toute la famille. Ainsi, quelque soit la pi\u00e8ce de la maison, vous trouverez toujours un esprit qui marche avec la d\u00e9coration en place. En effet, le concept est le m\u00eame: un <strong>support rectangulaire<\/strong> et des <strong>crochets originaux<\/strong> dessus. La constance des belles <strong>mati\u00e8res, coloris et imprim\u00e9s<\/strong> est la r\u00e8gle. Le choix d&rsquo;association est de ce fait, toujours imparable._x000D_n_x000D_nAinsi, cette pat\u00e8re bois \u00e0 l&rsquo;imprim\u00e9 blanc bleu, avec nuages blancs comme crochets est parfaite pour une <strong><a href=\"https:\/\/1001pateres.com\/categorie-produit\/chambre-enfant\/\">chambre d&rsquo;enfant<\/a><\/strong>. Elle permet de <strong>ranger serviettes, v\u00eatements et accessoires<\/strong> pour offrir davantage de clart\u00e9 \u00e0 votre int\u00e9rieur. Elle conviendra tr\u00e8s bien \u00e9galement \u00e0 une <strong>salle de jeux<\/strong>, et une <strong>salle de bain<\/strong>.\u00a0Cette r\u00e9f\u00e9rence est aussi disponible avec un fond:_x000D_n<\/p>\n<ul>_x000D_n \t<\/p>\n<li><a href=\"https:\/\/1001pateres.com\/produit\/patere-nuages-sur-fond-patchwork-rose-et-gris\/\">Patchwork rose et gris et 4 nuages gris<\/a><\/li>\n<p>_x000D_n \t<\/p>\n<li><a href=\"https:\/\/1001pateres.com\/produit\/patere-nuages-rose\/\">Blanc et nuages roses<\/a><\/li>\n<p>_x000D_n \t<\/p>\n<li><a href=\"https:\/\/1001pateres.com\/produit\/porte-manteaux-bois-blanc-nuages-roses\/\">Nuages roses et blancs et 4 nuages blancs<\/a><\/li>\n<p>_x000D_n<\/ul>\n<p>_x000D_n&nbsp;_x000D_n<\/p>\n<h3>Comment accrocher au mur ce porte manteau bois blanc NESU?<\/h3>\n<p>_x000D_nAussi, 1001 Pat\u00e8res vous propose ce porte manteau bois blanc NESU pour son <strong>syst\u00e8me d&rsquo;accrochage simple et non visible une fois pos\u00e9e<\/strong> sur le mur. En effet, le support est au dos et n\u00e9cessite juste <strong>2 vis et chevilles incluses<\/strong>. Pensez \u00e0 vous munir de votre perceuse pour l&rsquo;accrocher au mur!_x000D_n_x000D_n<span style=\"line-height: 1.5\">Le <strong>contraste<\/strong> de ses couleurs blanche et bleue\u00a0<strong>dynamise<\/strong> une pi\u00e8ce. Cela permet par cons\u00e9quent une touche de modernit\u00e9 dans la chambre de votre enfant. <\/span>_x000D_n_x000D_n<span style=\"line-height: 1.5\">Enfin, ci- dessous, voyez ses dimensions et comparez-les avec celles du pan de mur o\u00f9 vous pr\u00e9voyez de l&rsquo;installer. Vous aurez ainsi toutes les cartes en main:<\/span>_x000D_n<\/p>\n<ul>_x000D_n \t<\/p>\n<li>Support bois blanc et imprim\u00e9 nuages bleus: 40,5 cm X 10,5 cm, \u00e9paisseur 2 cm<\/li>\n<p>_x000D_n \t<\/p>\n<li>Pat\u00e8re nuage blanc: 7 cm x 5,7 cm<\/li>\n<p>_x000D_n \t<\/p>\n<li>Ecartement du support: 5 cm<\/li>\n<p>_x000D_n<\/ul>\n","protected":false},"excerpt":{"rendered":"<p>Ce porte-manteaux <strong>bois blanc NUAGES BLEU<\/strong>\u00a0comportant 4 pat\u00e8res de la marque <em><strong>NESU<\/strong><\/em> est en bois blanc. Il est \u00e0 poser partout dans la chambre d&rsquo;un enfant pour ne plus voir trainer ses affaires. Son\u00a0syst\u00e8me d&rsquo;accrochage est simple, au dos du support et non visible une fois pos\u00e9e sur le mur. Il\u00a0est original et de belle qualit\u00e9 en bois pour le support imprim\u00e9 et en bois blanc laqu\u00e9 pour les nuages pat\u00e8res.<\/p>\n","protected":false},"featured_media":1980,"comment_status":"closed","ping_status":"open","template":"","meta":[],"product_cat":[16],"product_tag":[25],"class_list":["post-482","product","type-product","status-publish","has-post-thumbnail","hentry","product_cat-chambre-enfant","product_tag-crochet-patere-patere-design-patere-murale-patere-porte-pateres-porte-manteau-porte-serviette-porte-torchon-vestiaire","description-off"],"_links":{"self":[{"href":"https:\/\/roulettes.vaniseo.top\/index.php\/wp-json\/wp\/v2\/product\/482","targetHints":{"allow":["GET"]}}],"collection":[{"href":"https:\/\/roulettes.vaniseo.top\/index.php\/wp-json\/wp\/v2\/product"}],"about":[{"href":"https:\/\/roulettes.vaniseo.top\/index.php\/wp-json\/wp\/v2\/types\/product"}],"replies":[{"embeddable":true,"href":"https:\/\/roulettes.vaniseo.top\/index.php\/wp-json\/wp\/v2\/comments?post=482"}],"version-history":[{"count":0,"href":"https:\/\/roulettes.vaniseo.top\/index.php\/wp-json\/wp\/v2\/product\/482\/revisions"}],"wp:featuredmedia":[{"embeddable":true,"href":"https:\/\/roulettes.vaniseo.top\/index.php\/wp-json\/wp\/v2\/media\/1980"}],"wp:attachment":[{"href":"https:\/\/roulettes.vaniseo.top\/index.php\/wp-json\/wp\/v2\/media?parent=482"}],"wp:term":[{"taxonomy":"product_cat","embeddable":true,"href":"https:\/\/roulettes.vaniseo.top\/index.php\/wp-json\/wp\/v2\/product_cat?post=482"},{"taxonomy":"product_tag","embeddable":true,"href":"https:\/\/roulettes.vaniseo.top\/index.php\/wp-json\/wp\/v2\/product_tag?post=482"}],"curies":[{"name":"wp","href":"https:\/\/api.w.org\/{rel}","templated":true}]}}