{"id":484,"date":"2022-04-04T16:21:51","date_gmt":"2022-04-04T14:21:51","guid":{"rendered":"https:\/\/roulettes.vaniseo.top\/index.php\/produit\/patere-acier-dore-galet-lemon-petit-modele-ferm-living\/"},"modified":"2022-04-04T17:21:20","modified_gmt":"2022-04-04T15:21:20","slug":"patere-acier-dore-galet-lemon-petit-modele-ferm-living","status":"publish","type":"product","link":"https:\/\/roulettes.vaniseo.top\/index.php\/produit\/patere-acier-dore-galet-lemon-petit-modele-ferm-living\/","title":{"rendered":"Pat\u00e8re acier dor\u00e9 galet LEMON petit mod\u00e8le FERM LIVING"},"content":{"rendered":"<h3>Porte manteau design galet LEMON FERM LIVING<\/h3>\n<p>_x000D_n1001 Pat\u00e8res vous pr\u00e9sente ci dessous l&rsquo;ensemble des informations techniques et quelques conseils d&rsquo;installation de la <strong>pat\u00e8re acier dor\u00e9<\/strong> en forme de <strong>galet<\/strong>. Il s&rsquo;agit du <strong>petit mod\u00e8le LEMON<\/strong> de la marque <strong><a href=\"https:\/\/fermliving.com\/\" target=\"_blank\" rel=\"noopener\">FERM LIVING<\/a><\/strong>._x000D_n_x000D_nComme toutes les pat\u00e8res pr\u00e9sent\u00e9es sur ce site, vous pourrez avoir avec elle, un usage de <strong>porte-manteau<\/strong>, <strong>porte-serviette<\/strong>, ou encore <strong>porte-chapeau<\/strong>._x000D_n_x000D_nCommen\u00e7ons par rappeler pourquoi nous avons choisi les produits de la marque Ferm Living \u00e0 vendre sur ce site. Tout d&rsquo;abord, <a href=\"https:\/\/1001pateres.com\/brand\/ferm-living\/\">Ferm Living<\/a> est une <strong>marque danoise<\/strong> proposant un <strong>design vraiment moderne et minimaliste<\/strong>. Retrouvez sur notre site, une s\u00e9lection de leurs plus belles pi\u00e8ces valorisant de <strong>splendides mati\u00e8res brutes<\/strong> comme le <strong>granit<\/strong>, l&rsquo;<strong>acier,<\/strong> le<strong> verre souffl\u00e9<\/strong>, le <strong>laiton<\/strong> ou encore le <strong>marbre<\/strong>._x000D_n_x000D_nIci, sp\u00e9cifiquement, il s&rsquo;agit du mod\u00e8le <strong>LEMON<\/strong>, de la petite version. D&rsquo;abord, sa <strong>forme<\/strong> est <strong>originale<\/strong>\u00a0et <strong>\u00e9pur\u00e9e<\/strong> avec un <strong>toucher doux et pratique<\/strong> comme un galet. Pour lui donner une touche <strong>luxueuse<\/strong>, ce galet est propos\u00e9 en <strong>acier dor\u00e9<\/strong>. Ainsi, vous aimerez cette pat\u00e8re acier dor\u00e9 pour offrir une <strong>touche de luxe contemporain<\/strong> \u00e0 votre int\u00e9rieur, mais aussi pour offrir de la <strong>luminosit\u00e9<\/strong>._x000D_n_x000D_nPar ailleurs, m\u00eame s&rsquo;il s&rsquo;agit du petit mod\u00e8le, celui-ci sera <strong>suffisamment grand pour pouvoir accueillir v\u00eatements<\/strong> ou <strong>accessoires<\/strong> \u00e0 suspendre._x000D_n_x000D_nAinsi, avec ce <strong>porte manteau design galet<\/strong>, vous offrez non seulement <strong>beaucoup de style \u00e0 votre int\u00e9rieur<\/strong> mais en plus une <strong>solution de rangement efficace et de belle qualit\u00e9<\/strong>._x000D_n_x000D_n&nbsp;_x000D_n<\/p>\n<h3>Pat\u00e8re acier dor\u00e9 galet LEMON Ferm Living : nos conseils<\/h3>\n<p>_x000D_nCette pat\u00e8re acier dor\u00e9 galet LEMON FERM LIVING comporte une<strong> base avec une tige viss\u00e9e de l&rsquo;int\u00e9rieur<\/strong>\u00a0et un syst\u00e8me d&rsquo;accrochage avec sa vis et sa cheville. Bien s\u00fbr, pour une finition parfaite, la vis est invisible une fois install\u00e9e. Ce mod\u00e8le est facile \u00e0 poser mais n\u00e9cessite une per\u00e7euse pour positionner la cheville. Ses dimensions enfin, sont de:_x000D_n<\/p>\n<ul>_x000D_n \t<\/p>\n<li>Le galet dim 6,5 cm x 5 cm<\/li>\n<p>_x000D_n \t<\/p>\n<li>Ecartement du mur 3,5 cm<\/li>\n<p>_x000D_n<\/ul>\n<p>_x000D_nEnfin, 1001 Pat\u00e8res vous conseille v\u00e9ritablement ce type de pat\u00e8re pour parfaire une <strong>d\u00e9coration chic et moderne<\/strong>. La grande tendance est de <strong>coupler des murs fonc\u00e9s, avec des objets de d\u00e9coration dor\u00e9s<\/strong> pour un style <strong>scandinave prestigieux<\/strong>. Bien s\u00fbr, ce porte manteau design galet s&rsquo;adapte \u00e0 toutes les pi\u00e8ces. Notre coup de coeur est une installation \u00a0<strong>sur un mur noir<\/strong>, sous forme d&rsquo;<strong>accumulation<\/strong> de cette m\u00eame r\u00e9f\u00e9rence par exemple en <strong>forme de cercle ou spirale<\/strong>. Vide, l<strong>&lsquo;effet<\/strong> est <strong>hypnotique<\/strong>, partiellement utilis\u00e9, il reste <strong>lumineux<\/strong>!<\/p>\n","protected":false},"excerpt":{"rendered":"<p>Pat\u00e8re galet <strong>LEMON<\/strong> petit mod\u00e8le <em><strong>acier dor\u00e9<\/strong><\/em>\u00a0FERM LIVING. Jolie pat\u00e8re design en forme de galet pour un usage de porte-manteau, porte-serviette ou porte-chapeau.\u00a0Elle est originale et \u00e9pur\u00e9e avec une forme douce et pratique. Une fois pos\u00e9e au mur \u00e0 l&rsquo;aide d&rsquo;une perceuse, elle permet de r\u00e9sister \u00e0 un poids de 5 kg environ.<\/p>\n","protected":false},"featured_media":1983,"comment_status":"closed","ping_status":"open","template":"","meta":[],"product_cat":[19,32,21,22,17],"product_tag":[26],"class_list":["post-484","product","type-product","status-publish","has-post-thumbnail","hentry","product_cat-collectivite","product_cat-entree-sejour","product_cat-entreprise","product_cat-pro","product_cat-salle-de-bain","product_tag-crochet-patere-patere-design-patere-murale-patere-porte-pateres-porte-serviette-porte-torchon","description-off"],"_links":{"self":[{"href":"https:\/\/roulettes.vaniseo.top\/index.php\/wp-json\/wp\/v2\/product\/484","targetHints":{"allow":["GET"]}}],"collection":[{"href":"https:\/\/roulettes.vaniseo.top\/index.php\/wp-json\/wp\/v2\/product"}],"about":[{"href":"https:\/\/roulettes.vaniseo.top\/index.php\/wp-json\/wp\/v2\/types\/product"}],"replies":[{"embeddable":true,"href":"https:\/\/roulettes.vaniseo.top\/index.php\/wp-json\/wp\/v2\/comments?post=484"}],"version-history":[{"count":0,"href":"https:\/\/roulettes.vaniseo.top\/index.php\/wp-json\/wp\/v2\/product\/484\/revisions"}],"wp:featuredmedia":[{"embeddable":true,"href":"https:\/\/roulettes.vaniseo.top\/index.php\/wp-json\/wp\/v2\/media\/1983"}],"wp:attachment":[{"href":"https:\/\/roulettes.vaniseo.top\/index.php\/wp-json\/wp\/v2\/media?parent=484"}],"wp:term":[{"taxonomy":"product_cat","embeddable":true,"href":"https:\/\/roulettes.vaniseo.top\/index.php\/wp-json\/wp\/v2\/product_cat?post=484"},{"taxonomy":"product_tag","embeddable":true,"href":"https:\/\/roulettes.vaniseo.top\/index.php\/wp-json\/wp\/v2\/product_tag?post=484"}],"curies":[{"name":"wp","href":"https:\/\/api.w.org\/{rel}","templated":true}]}}