{"id":485,"date":"2022-04-04T16:21:51","date_gmt":"2022-04-04T14:21:51","guid":{"rendered":"https:\/\/roulettes.vaniseo.top\/index.php\/produit\/patere-bois-vieilli-sur-fond-patchwork\/"},"modified":"2022-04-04T17:21:21","modified_gmt":"2022-04-04T15:21:21","slug":"patere-bois-vieilli-sur-fond-patchwork","status":"publish","type":"product","link":"https:\/\/roulettes.vaniseo.top\/index.php\/produit\/patere-bois-vieilli-sur-fond-patchwork\/","title":{"rendered":"Pat\u00e8re bois vieilli sur fond patchwork"},"content":{"rendered":"<h3>Porte manteau bois fa\u00e7on noyer 4 crochets m\u00e9tal vieilli<\/h3>\n<p>_x000D_n1001 Pat\u00e8res vous pr\u00e9sente ici sa <strong>pat\u00e8re bois avec un fond imprim\u00e9\u00a0patchwork et 4 crochets m\u00e9tal vieilli<\/strong>._x000D_n_x000D_nCe <strong>porte manteau bois<\/strong> fa\u00e7on <strong>noyer<\/strong> est issu de la marque <a href=\"https:\/\/1001pateres.com\/brand\/nesu\/\">NESU<\/a>. Sur ce site, retrouvez <strong>plus de 40 r\u00e9f\u00e9rences<\/strong> de la marque. A chaque fois, vous retrouverez un <strong>esprit \u00e9l\u00e9gant<\/strong> s&rsquo;adaptant \u00e0 diff\u00e9rentes pi\u00e8ces de la maison. Le concept de la collection est d&rsquo;utiliser un <strong>support rectangulaire<\/strong> le plus souvent en bois, et d&rsquo;y installer <strong>4 crochets<\/strong>. Le plus est la <strong>combinaison des mati\u00e8res, des couleurs, et des imprim\u00e9s<\/strong>. Toujours savamment design\u00e9, vous ne commettez jamais de fausse note avec NESU!_x000D_n_x000D_nIci, l&rsquo;association du noyer et du m\u00e9tal apporte une touche <strong>vintage<\/strong>. Le support est fa\u00e7onn\u00e9 avec un <strong>bois vieilli<\/strong> et un imprim\u00e9 patchwork aux <strong>couleurs sombres et douces<\/strong>. Les motifs de l&rsquo;imprim\u00e9 sont \u00e9galement d&rsquo;un style ancien. Quand aux <strong>crochets doubles<\/strong>, leurs formes sont aussi d&rsquo;une autre \u00e9poque, vraiment \u00e9l\u00e9gantes, en <strong>m\u00e9tal vieilli<\/strong>._x000D_n_x000D_n&nbsp;_x000D_n<\/p>\n<h3>Astuces d&rsquo;installation pour pat\u00e8re bois vieilli NESU<\/h3>\n<p>_x000D_nPar ailleurs, un style ancien et \u00e9l\u00e9gant comme cette r\u00e9f\u00e9rence de pat\u00e8re <strong>NESU<\/strong> s&rsquo;adapte parfaitement \u00e0 un <a href=\"https:\/\/1001pateres.com\/categorie-produit\/entree-sejour\/\">s\u00e9jour<\/a>, une <a href=\"https:\/\/1001pateres.com\/categorie-produit\/cuisine\/\">cuisine<\/a>, ou une <a href=\"https:\/\/1001pateres.com\/categorie-produit\/chambre-adulte\/\">chambre<\/a>. Bien s\u00fbr, l&rsquo;entr\u00e9e l&rsquo;int\u00e8grera aussi sans aucun probl\u00e8me. Pour ce faire, vous utiliserez les <strong>2\u00a0vis et chevilles incluses<\/strong>. Vous aimerez constater que le <strong>support<\/strong> d&rsquo;installation se trouve au dos du support et est<strong> non visible<\/strong> une fois pos\u00e9 sur le mur. Toutefois, s<span style=\"line-height: 1.5\">a pose n\u00e9cessite l&rsquo;usage d&rsquo;une perceuse.<\/span>_x000D_n_x000D_n<span style=\"line-height: 1.5\">Il\u00a0permet ainsi une <strong>touche d&rsquo;\u00e9l\u00e9gance vintage<\/strong> quelque soit la pi\u00e8ce o\u00f9 vous visez son installation. <\/span>_x000D_n_x000D_n<span style=\"line-height: 1.5\">Pour finir en revanche, pensez \u00e0 v\u00e9rifier les <strong>dimensions<\/strong> du pan de mur o\u00f9 vous pr\u00e9voyez son accroche. Vous pourrez ainsi les comparer avec celle de cette pat\u00e8re bois vieilli:<\/span>_x000D_n<\/p>\n<ul>_x000D_n \t<\/p>\n<li>Support bois et imprim\u00e9 patchwork vieillis: 40,5 cm X 10,5 cm, \u00e9paisseur 2 cm<\/li>\n<p>_x000D_n \t<\/p>\n<li>Crochet double m\u00e9tal vieilli: hauteur 13 cm,<\/li>\n<p>_x000D_n \t<\/p>\n<li>Ecartement du support total: 6 cm<\/li>\n<p>_x000D_n<\/ul>\n","protected":false},"excerpt":{"rendered":"<p>Ce porte-manteaux <strong>bois PATCHWORK sur fond marron<\/strong>\u00a0comportant 4 pat\u00e8res de la marque <em><strong>NESU<\/strong><\/em> est en bois fa\u00e7on noyer et m\u00e9tal vieilli. Il est \u00e0 poser dans l&rsquo;entr\u00e9e pour ne plus voir trainer ses affaires. Son\u00a0syst\u00e8me d&rsquo;accrochage est simple, au dos du support et non visible une fois pos\u00e9e sur le mur. Il\u00a0est original et de belle qualit\u00e9 en bois d\u00e9cor\u00e9 pour le support et en m\u00e9tal vieilli pour les crochets double pat\u00e8res qui peuvent servir de vestiaires.<\/p>\n","protected":false},"featured_media":1985,"comment_status":"closed","ping_status":"open","template":"","meta":[],"product_cat":[29,32],"product_tag":[25],"class_list":["post-485","product","type-product","status-publish","has-post-thumbnail","hentry","product_cat-chambre-adulte","product_cat-entree-sejour","product_tag-crochet-patere-patere-design-patere-murale-patere-porte-pateres-porte-manteau-porte-serviette-porte-torchon-vestiaire","description-off"],"_links":{"self":[{"href":"https:\/\/roulettes.vaniseo.top\/index.php\/wp-json\/wp\/v2\/product\/485","targetHints":{"allow":["GET"]}}],"collection":[{"href":"https:\/\/roulettes.vaniseo.top\/index.php\/wp-json\/wp\/v2\/product"}],"about":[{"href":"https:\/\/roulettes.vaniseo.top\/index.php\/wp-json\/wp\/v2\/types\/product"}],"replies":[{"embeddable":true,"href":"https:\/\/roulettes.vaniseo.top\/index.php\/wp-json\/wp\/v2\/comments?post=485"}],"version-history":[{"count":0,"href":"https:\/\/roulettes.vaniseo.top\/index.php\/wp-json\/wp\/v2\/product\/485\/revisions"}],"wp:featuredmedia":[{"embeddable":true,"href":"https:\/\/roulettes.vaniseo.top\/index.php\/wp-json\/wp\/v2\/media\/1985"}],"wp:attachment":[{"href":"https:\/\/roulettes.vaniseo.top\/index.php\/wp-json\/wp\/v2\/media?parent=485"}],"wp:term":[{"taxonomy":"product_cat","embeddable":true,"href":"https:\/\/roulettes.vaniseo.top\/index.php\/wp-json\/wp\/v2\/product_cat?post=485"},{"taxonomy":"product_tag","embeddable":true,"href":"https:\/\/roulettes.vaniseo.top\/index.php\/wp-json\/wp\/v2\/product_tag?post=485"}],"curies":[{"name":"wp","href":"https:\/\/api.w.org\/{rel}","templated":true}]}}