{"id":486,"date":"2022-04-04T16:21:51","date_gmt":"2022-04-04T14:21:51","guid":{"rendered":"https:\/\/roulettes.vaniseo.top\/index.php\/produit\/patere-en-bois-a-4-crochets-dores-sur-fond-feuilles-dorees\/"},"modified":"2022-04-04T17:21:21","modified_gmt":"2022-04-04T15:21:21","slug":"patere-en-bois-a-4-crochets-dores-sur-fond-feuilles-dorees","status":"publish","type":"product","link":"https:\/\/roulettes.vaniseo.top\/index.php\/produit\/patere-en-bois-a-4-crochets-dores-sur-fond-feuilles-dorees\/","title":{"rendered":"Pat\u00e8re en bois \u00e0 4 crochets dor\u00e9s sur fond feuilles dor\u00e9es"},"content":{"rendered":"<h3>Porte manteau mural bois \u00e0 pat\u00e8res dor\u00e9es<\/h3>\n<p>_x000D_n1001 Pat\u00e8res vous propose de d\u00e9couvrir ici toutes les informations et caract\u00e9ristiques au sujet de cette <strong>pat\u00e8re en bois \u00e0 4 crochets dor\u00e9s sur fond imprim\u00e9 de feuilles dor\u00e9es<\/strong>._x000D_n_x000D_nCette r\u00e9f\u00e9rence de porte manteau mural est ici de la collection de la marque <a href=\"https:\/\/1001pateres.com\/brand\/nesu\/\">NESU<\/a>. Cette marque est l&rsquo;une des plus mises en avant sur notre site. Son concept est <strong>simple<\/strong> et <strong>efficace<\/strong>. Il s&rsquo;agit de <strong>combiner mati\u00e8res brutes et coloris \u00e9l\u00e9gants<\/strong> pour toutes les pi\u00e8ces de la maison. L\u00e0 par exemple, cette r\u00e9f\u00e9rence propose un design de pat\u00e8re en bois avec\u00a0<strong>4 crochets dor\u00e9s en m\u00e9tal<\/strong> sur un <strong>support en bois noir<\/strong> et \u00e0 l&rsquo;<strong>imprim\u00e9 feuilles dor\u00e9es<\/strong>._x000D_n_x000D_n&nbsp;_x000D_n<\/p>\n<h3>Conseils d&rsquo;accrochage pour cette pat\u00e8re en bois NESU<\/h3>\n<p>_x000D_n1001 Pat\u00e8res vous recommande ce <strong>porte manteau mural bois \u00e0 pat\u00e8res dor\u00e9es<\/strong> pour votre\u00a0<a href=\"https:\/\/1001pateres.com\/categorie-produit\/entree-sejour\/\">entr\u00e9e<\/a> ou encore pour votre <a href=\"https:\/\/1001pateres.com\/categorie-produit\/chambre-adulte\/\">chambre d&rsquo;adulte<\/a>. Tr\u00e8s \u00e9l\u00e9gant, il compl\u00e8te une <strong>d\u00e9coration raffin\u00e9e et chic<\/strong>. Dans un univers dor\u00e9 et noir, c&rsquo;est la pat\u00e8re \u00e0 choisir!_x000D_n_x000D_nPar ailleurs,\u00a0son\u00a0syst\u00e8me d&rsquo;accrochage est simple. Il est situ\u00e9 au dos du support et non visible une fois pos\u00e9 sur le mur.\u00a0<span style=\"line-height: 1.5\">La pat\u00e8re en bois \u00e0 4 crochets dor\u00e9s sur fond feuilles dor\u00e9es se fixe au mur avec <strong>2 vis et chevilles fournis<\/strong>. Sa pose n\u00e9cessite l&rsquo;usage d&rsquo;une <strong>perceuse<\/strong>.<\/span>_x000D_n_x000D_nLe porte manteau est\u00a0original et de belle qualit\u00e9. Il est en bois d\u00e9cor\u00e9 pour le support et en m\u00e9tal dor\u00e9 pour les crochets doubles.\u00a0<span style=\"line-height: 1.5\">Il\u00a0permet sans aucune fausse note, d&rsquo;offrir une <strong>touche de luxe \u00e0 votre maison<\/strong>.<\/span>_x000D_n_x000D_nPour finir, pensez \u00e0 v\u00e9rifier les <strong>dimensions<\/strong> du pan de mur o\u00f9 vous le fixez et les comparez \u00e0 celles de cette r\u00e9f\u00e9rence:_x000D_n<\/p>\n<ul>_x000D_n \t<\/p>\n<li>Support en bois noir: 40,5 cm X 10,5 cm, \u00e9paisseur 2 cm<\/li>\n<p>_x000D_n \t<\/p>\n<li>Pat\u00e8res dor\u00e9es: hauteur 13 cm<\/li>\n<p>_x000D_n \t<\/p>\n<li>Ecartement du support: 5 cm<\/li>\n<p>_x000D_n<\/ul>\n<p>_x000D_nContactez nous pour davantage d&rsquo;informations au sujet de nos pat\u00e8res, via la page <a href=\"https:\/\/1001pateres.com\/contactez-nous\/\">Contact<\/a>.<\/p>\n","protected":false},"excerpt":{"rendered":"<p>Ce porte-manteaux <strong>bois FEUILLES sur fond dor\u00e9<\/strong>\u00a0comportant 4 pat\u00e8res de la marque <em><strong>NESU<\/strong><\/em> est en bois noir et m\u00e9tal dor\u00e9. Il est \u00e0 poser dans l&rsquo;entr\u00e9e pour ne plus voir trainer ses affaires. Son\u00a0syst\u00e8me d&rsquo;accrochage est simple, au dos du support et non visible une fois pos\u00e9e sur le mur. Il\u00a0est original et de belle qualit\u00e9 en bois d\u00e9cor\u00e9 pour le support et en m\u00e9tal dor\u00e9 pour les crochets double pat\u00e8res qui peuvent servir de vestiaires.<\/p>\n","protected":false},"featured_media":1986,"comment_status":"closed","ping_status":"open","template":"","meta":[],"product_cat":[32,17],"product_tag":[25],"class_list":["post-486","product","type-product","status-publish","has-post-thumbnail","hentry","product_cat-entree-sejour","product_cat-salle-de-bain","product_tag-crochet-patere-patere-design-patere-murale-patere-porte-pateres-porte-manteau-porte-serviette-porte-torchon-vestiaire","description-off"],"_links":{"self":[{"href":"https:\/\/roulettes.vaniseo.top\/index.php\/wp-json\/wp\/v2\/product\/486","targetHints":{"allow":["GET"]}}],"collection":[{"href":"https:\/\/roulettes.vaniseo.top\/index.php\/wp-json\/wp\/v2\/product"}],"about":[{"href":"https:\/\/roulettes.vaniseo.top\/index.php\/wp-json\/wp\/v2\/types\/product"}],"replies":[{"embeddable":true,"href":"https:\/\/roulettes.vaniseo.top\/index.php\/wp-json\/wp\/v2\/comments?post=486"}],"version-history":[{"count":0,"href":"https:\/\/roulettes.vaniseo.top\/index.php\/wp-json\/wp\/v2\/product\/486\/revisions"}],"wp:featuredmedia":[{"embeddable":true,"href":"https:\/\/roulettes.vaniseo.top\/index.php\/wp-json\/wp\/v2\/media\/1986"}],"wp:attachment":[{"href":"https:\/\/roulettes.vaniseo.top\/index.php\/wp-json\/wp\/v2\/media?parent=486"}],"wp:term":[{"taxonomy":"product_cat","embeddable":true,"href":"https:\/\/roulettes.vaniseo.top\/index.php\/wp-json\/wp\/v2\/product_cat?post=486"},{"taxonomy":"product_tag","embeddable":true,"href":"https:\/\/roulettes.vaniseo.top\/index.php\/wp-json\/wp\/v2\/product_tag?post=486"}],"curies":[{"name":"wp","href":"https:\/\/api.w.org\/{rel}","templated":true}]}}