{"id":487,"date":"2022-04-04T16:21:51","date_gmt":"2022-04-04T14:21:51","guid":{"rendered":"https:\/\/roulettes.vaniseo.top\/index.php\/produit\/patere-nuage-sur-fond-patchwork-rose-et-gris\/"},"modified":"2022-04-04T17:21:22","modified_gmt":"2022-04-04T15:21:22","slug":"patere-nuage-sur-fond-patchwork-rose-et-gris","status":"publish","type":"product","link":"https:\/\/roulettes.vaniseo.top\/index.php\/produit\/patere-nuage-sur-fond-patchwork-rose-et-gris\/","title":{"rendered":"Pat\u00e8re nuage sur fond patchwork rose et gris"},"content":{"rendered":"<h3>Porte manteau nuage gris en bois sur fond de patchwork rose et gris<\/h3>\n<p>_x000D_nProfitez chez <strong>1001 Pat\u00e8res<\/strong> de la douceur de cette <strong>pat\u00e8re nuage sur fond de patchwork rose et gris<\/strong>._x000D_n_x000D_n<a href=\"https:\/\/1001pateres.com\/brand\/nesu\/\">NESU<\/a> est la marque choisie par 1001 Pat\u00e8res pour vous proposer un <strong>porte manteau nuage doux et \u00e9l\u00e9gant<\/strong>. En effet, le design de leurs r\u00e9f\u00e9rences de pat\u00e8res est bas\u00e9 sur un <strong>concept efficace<\/strong>. Ce dernier offre non seulement un <strong>support mural \u00e0 forme classique<\/strong> mais <strong>plusieurs crochets<\/strong> dessus. Le plus de ces r\u00e9f\u00e9rences est l&rsquo;association de <strong>mati\u00e8res<\/strong> ou d&rsquo;<strong>imprim\u00e9s<\/strong>._x000D_n_x000D_nIci par exemple, le <strong>support est en bois<\/strong> avec un <strong>imprim\u00e9 patchwork enfantin gris et rose<\/strong>. Les crochets eux, sont en <strong>bois gris laqu\u00e9<\/strong>. Ainsi, le rose et le gris inspirent paisibilit\u00e9; le bois lui, r\u00e9confort et qualit\u00e9._x000D_n_x000D_nCette r\u00e9f\u00e9rence est aussi disponible avec un fond:_x000D_n<\/p>\n<ul>_x000D_n \t<\/p>\n<li><a href=\"https:\/\/1001pateres.com\/produit\/patere-nuages-rose\/\">Blanc et 4 nuages roses<\/a><\/li>\n<p>_x000D_n \t<\/p>\n<li><a href=\"https:\/\/1001pateres.com\/produit\/porte-manteaux-bois-blanc-nuages-bleu\/\">Nuages bleus et blancs et 4 nuages blancs<\/a><\/li>\n<p>_x000D_n \t<\/p>\n<li><a href=\"https:\/\/1001pateres.com\/produit\/porte-manteaux-bois-blanc-nuages-roses\/\">Nuages roses et blancs et 4 nuages blancs<\/a><\/li>\n<p>_x000D_n<\/ul>\n<p>_x000D_n&nbsp;_x000D_n<\/p>\n<h3>Installation d&rsquo;une pat\u00e8re nuage NESU<\/h3>\n<p>_x000D_nPar ailleurs, voici quelques conseils d&rsquo;installation pour cette <strong>pat\u00e8re nuage NESU<\/strong>\u00a0comportant <strong>4 crochets<\/strong>. Celle-ci est \u00e0 fixer au mur dans la <a href=\"https:\/\/1001pateres.com\/categorie-produit\/chambre-enfant\/\">chambre d&rsquo;un enfant<\/a> ou dans la <a href=\"https:\/\/1001pateres.com\/categorie-produit\/salle-de-bain\/\">salle de bain<\/a> pour am\u00e9liorer le rangement de ses serviettes, v\u00eatements et accessoires._x000D_n_x000D_nAussi, son\u00a0syst\u00e8me d&rsquo;accrochage est simple. Au dos du support, vous trouverez les<strong> espaces de fixation<\/strong> pour vis et chevilles incluses. Ceux-ci sont <strong>non visibles<\/strong> une fois pos\u00e9 sur le mur. <span style=\"line-height: 1.5\">Son installation n\u00e9cessite donc l&rsquo;usage d&rsquo;une perceuse.<\/span>_x000D_n_x000D_nVous retiendrez sans aucun doute cette r\u00e9f\u00e9rence de porte manteau pour son <strong>\u00e9l\u00e9gance<\/strong> et son <strong>originalit\u00e9<\/strong>. Compl\u00e9tez votre d\u00e9coration rose et grise, par cette belle qualit\u00e9 de pat\u00e8re nuage._x000D_n_x000D_nPour finir, pensez \u00e0 v\u00e9rifier la dimension du pan de mur o\u00f9 vous pr\u00e9voyez de l&rsquo;installer afin de les comparer \u00e0 celle de cette r\u00e9f\u00e9rence de porte manteau:_x000D_n<\/p>\n<ul>_x000D_n \t<\/p>\n<li>Support: 40,5 cm X 10,5 cm, \u00e9paisseur 2 cm<\/li>\n<p>_x000D_n \t<\/p>\n<li>Une pat\u00e8re nuage: 7 cm x 5,7 cm<\/li>\n<p>_x000D_n \t<\/p>\n<li>Ecartement du support par rapport au mur: 5 cm<\/li>\n<p>_x000D_n<\/ul>\n<p>_x000D_nN&rsquo;h\u00e9sitez pas \u00e0 nous contacter pour toute question compl\u00e9mentaire via la page <a href=\"https:\/\/1001pateres.com\/contactez-nous\/\">Contact<\/a>.<\/p>\n","protected":false},"excerpt":{"rendered":"<p>Ce porte-manteaux <strong>bois NUAGES gris<\/strong>\u00a0comportant 4 pat\u00e8res de la marque <em><strong>NESU<\/strong><\/em> est en bois. Il est \u00e0 poser partout dans la chambre d&rsquo;un enfant pour ne plus voir trainer ses affaires. Son\u00a0syst\u00e8me d&rsquo;accrochage est simple, au dos du support et non visible une fois pos\u00e9e sur le mur. Il\u00a0est original et de belle qualit\u00e9 en bois pour le support imprim\u00e9 patchwork rose et gris et en bois gris laqu\u00e9 pour les nuages pat\u00e8res.<\/p>\n","protected":false},"featured_media":777,"comment_status":"closed","ping_status":"open","template":"","meta":[],"product_cat":[16],"product_tag":[25],"class_list":["post-487","product","type-product","status-publish","has-post-thumbnail","hentry","product_cat-chambre-enfant","product_tag-crochet-patere-patere-design-patere-murale-patere-porte-pateres-porte-manteau-porte-serviette-porte-torchon-vestiaire","description-off"],"_links":{"self":[{"href":"https:\/\/roulettes.vaniseo.top\/index.php\/wp-json\/wp\/v2\/product\/487","targetHints":{"allow":["GET"]}}],"collection":[{"href":"https:\/\/roulettes.vaniseo.top\/index.php\/wp-json\/wp\/v2\/product"}],"about":[{"href":"https:\/\/roulettes.vaniseo.top\/index.php\/wp-json\/wp\/v2\/types\/product"}],"replies":[{"embeddable":true,"href":"https:\/\/roulettes.vaniseo.top\/index.php\/wp-json\/wp\/v2\/comments?post=487"}],"version-history":[{"count":0,"href":"https:\/\/roulettes.vaniseo.top\/index.php\/wp-json\/wp\/v2\/product\/487\/revisions"}],"wp:featuredmedia":[{"embeddable":true,"href":"https:\/\/roulettes.vaniseo.top\/index.php\/wp-json\/wp\/v2\/media\/777"}],"wp:attachment":[{"href":"https:\/\/roulettes.vaniseo.top\/index.php\/wp-json\/wp\/v2\/media?parent=487"}],"wp:term":[{"taxonomy":"product_cat","embeddable":true,"href":"https:\/\/roulettes.vaniseo.top\/index.php\/wp-json\/wp\/v2\/product_cat?post=487"},{"taxonomy":"product_tag","embeddable":true,"href":"https:\/\/roulettes.vaniseo.top\/index.php\/wp-json\/wp\/v2\/product_tag?post=487"}],"curies":[{"name":"wp","href":"https:\/\/api.w.org\/{rel}","templated":true}]}}