{"id":488,"date":"2022-04-04T16:21:51","date_gmt":"2022-04-04T14:21:51","guid":{"rendered":"https:\/\/roulettes.vaniseo.top\/index.php\/produit\/porte-manteau-bois-4-crochets-laiton-vieilli\/"},"modified":"2022-04-04T17:21:22","modified_gmt":"2022-04-04T15:21:22","slug":"porte-manteau-bois-4-crochets-laiton-vieilli","status":"publish","type":"product","link":"https:\/\/roulettes.vaniseo.top\/index.php\/produit\/porte-manteau-bois-4-crochets-laiton-vieilli\/","title":{"rendered":"Porte manteau bois 4 crochets laiton vieilli"},"content":{"rendered":"<h3>Pat\u00e8re murale bois h\u00eatre 4 crochets laiton vieilli<\/h3>\n<p>_x000D_n<strong>1001 Pat\u00e8res<\/strong> vous pr\u00e9sente ici un <strong>porte manteau bois<\/strong> disposant de <strong>4 crochets en laiton vieilli<\/strong>._x000D_n_x000D_nCette r\u00e9f\u00e9rence est extraite de la collection de <strong>pat\u00e8res murales<\/strong> de la marque <a href=\"https:\/\/1001pateres.com\/brand\/nesu\/\">NESU<\/a>. Celle-ci est l&rsquo;une des marques les plus pr\u00e9sentes sur notre <strong>site de vente en ligne de pat\u00e8res<\/strong>. En effet, avec un concept simple et efficace, elle propose un support rectangulaire et quelques crochets dessus pour mieux ranger ses affaires. La particularit\u00e9 de NESU est le <strong>choix stylis\u00e9 de combinaison de mati\u00e8res et de couleurs<\/strong>. Parfois avec des <strong>imprim\u00e9s en patchwork<\/strong>, parfois avec des <strong>mat\u00e9riaux bruts<\/strong> comme le bois et le laiton ici._x000D_n_x000D_nAinsi, ce porte manteau bois \u00e0 4 crochets de laiton vieilli ici, vous permet de d\u00e9velopper une ambiance, un <strong>style d\u00e9coratif<\/strong> dit <strong>rustique<\/strong>. Il s&rsquo;int\u00e8gre tr\u00e8s bien dans de nombreuses pi\u00e8ces de la maison comme l&rsquo;<a href=\"https:\/\/1001pateres.com\/categorie-produit\/entree-sejour\/\">entr\u00e9e<\/a>, la <a href=\"https:\/\/1001pateres.com\/categorie-produit\/cuisine\/\">cuisine<\/a>, ou encore la chambre ou la <a href=\"https:\/\/1001pateres.com\/categorie-produit\/salle-de-bain\/\">salle de bain<\/a>._x000D_n_x000D_n&nbsp;_x000D_n<\/p>\n<h2>Suspendre un porte manteau bois NESU au mur<\/h2>\n<p>_x000D_nPar ailleurs, voici quelques conseils d&rsquo;installation. Vous pouvez valoriser le bois dans votre int\u00e9rieur en utilisant cette pat\u00e8re murale NESU <strong>sur un pan de mur clair<\/strong>. Le <strong>contraste<\/strong> entre la couleur claire de votre mur et ce <strong>support en bois de h\u00eatre<\/strong> est une bonne astuce!_x000D_n_x000D_nAussi, son\u00a0syst\u00e8me d&rsquo;accrochage est simple, les <strong>fixations au dos sont non visibles<\/strong> une fois pos\u00e9e sur le mur. \u00a0La f<span style=\"line-height: 1.5\">ixation\u00a0au mur de ce porte manteaux bois h\u00eatre se fait \u00e0 l&rsquo;aide de <strong>2 vis et chevilles incluses<\/strong>. Sa pose n\u00e9cessite bien s\u00fbr l&rsquo;usage d&rsquo;une <strong>perceuse<\/strong>.<\/span>_x000D_n_x000D_nInd\u00e9niablement, ce porte-manteaux est\u00a0original et de belle qualit\u00e9 gr\u00e2ce \u00e0 son laiton vieilli et son bois de h\u00eatre.\u00a0<span style=\"line-height: 1.5\">Il\u00a0permet ainsi une <strong>touche <em>campagne<\/em><\/strong> \u00e0 votre espace.<\/span>_x000D_n<\/p>\n<h4>Dimensions de la pat\u00e8re murale bois NESU<\/h4>\n<p>_x000D_n<\/p>\n<ul>_x000D_n \t<\/p>\n<li>Support: 40 cm X 7 cm<\/li>\n<p>_x000D_n \t<\/p>\n<li>Crochet: 7,5 cm<\/li>\n<p>_x000D_n \t<\/p>\n<li>Ecartement du mur: 5 cm<\/li>\n<p>_x000D_n<\/ul>\n","protected":false},"excerpt":{"rendered":"<p>Ce porte-manteaux rustique pour l&rsquo;<strong>ENTREE<\/strong> comportant 4 pat\u00e8res crochets de la marque <em><strong>NESU<\/strong><\/em> est en bois fa\u00e7on h\u00eatre avec les crochets en laiton vieilli. Il est \u00e0 poser partout dans la maison pour ne plus voir trainer ses affaires.\u00a0Son\u00a0syst\u00e8me d&rsquo;accrochage est simple, Les fixations au dos sont non visibles une fois pos\u00e9e sur le mur. Il est\u00a0original et de belle qualit\u00e9, en laiton vieilli et en bois fa\u00e7on h\u00eatre.<\/p>\n","protected":false},"featured_media":1988,"comment_status":"closed","ping_status":"open","template":"","meta":[],"product_cat":[29,20,32,17],"product_tag":[25],"class_list":["post-488","product","type-product","status-publish","has-post-thumbnail","hentry","product_cat-chambre-adulte","product_cat-cuisine","product_cat-entree-sejour","product_cat-salle-de-bain","product_tag-crochet-patere-patere-design-patere-murale-patere-porte-pateres-porte-manteau-porte-serviette-porte-torchon-vestiaire","description-off"],"_links":{"self":[{"href":"https:\/\/roulettes.vaniseo.top\/index.php\/wp-json\/wp\/v2\/product\/488","targetHints":{"allow":["GET"]}}],"collection":[{"href":"https:\/\/roulettes.vaniseo.top\/index.php\/wp-json\/wp\/v2\/product"}],"about":[{"href":"https:\/\/roulettes.vaniseo.top\/index.php\/wp-json\/wp\/v2\/types\/product"}],"replies":[{"embeddable":true,"href":"https:\/\/roulettes.vaniseo.top\/index.php\/wp-json\/wp\/v2\/comments?post=488"}],"version-history":[{"count":0,"href":"https:\/\/roulettes.vaniseo.top\/index.php\/wp-json\/wp\/v2\/product\/488\/revisions"}],"wp:featuredmedia":[{"embeddable":true,"href":"https:\/\/roulettes.vaniseo.top\/index.php\/wp-json\/wp\/v2\/media\/1988"}],"wp:attachment":[{"href":"https:\/\/roulettes.vaniseo.top\/index.php\/wp-json\/wp\/v2\/media?parent=488"}],"wp:term":[{"taxonomy":"product_cat","embeddable":true,"href":"https:\/\/roulettes.vaniseo.top\/index.php\/wp-json\/wp\/v2\/product_cat?post=488"},{"taxonomy":"product_tag","embeddable":true,"href":"https:\/\/roulettes.vaniseo.top\/index.php\/wp-json\/wp\/v2\/product_tag?post=488"}],"curies":[{"name":"wp","href":"https:\/\/api.w.org\/{rel}","templated":true}]}}