{"id":489,"date":"2022-04-04T16:21:51","date_gmt":"2022-04-04T14:21:51","guid":{"rendered":"https:\/\/roulettes.vaniseo.top\/index.php\/produit\/patere-laiton-vieilli-sur-support-imprime-patchwork-indien-en-bois\/"},"modified":"2022-04-04T17:21:22","modified_gmt":"2022-04-04T15:21:22","slug":"patere-laiton-vieilli-sur-support-imprime-patchwork-indien-en-bois","status":"publish","type":"product","link":"https:\/\/roulettes.vaniseo.top\/index.php\/produit\/patere-laiton-vieilli-sur-support-imprime-patchwork-indien-en-bois\/","title":{"rendered":"Pat\u00e8re laiton vieilli sur support imprim\u00e9 patchwork indien en bois"},"content":{"rendered":"<h3>Porte manteau bois fa\u00e7on h\u00eatre avec 4 pat\u00e8res en laiton vieilli<\/h3>\n<p>_x000D_n1001 Pat\u00e8res vous propose ce <strong>porte manteau en bois avec pat\u00e8re en laiton vieilli<\/strong>. Ces 4 crochets reposent sur un support en bois i<strong>mprim\u00e9 fa\u00e7on patchwork indien<\/strong>._x000D_n_x000D_nCette r\u00e9f\u00e9rence est extraite de la collection compl\u00e8te dans le m\u00eame esprit de la marque <a href=\"https:\/\/1001pateres.com\/brand\/nesu\/\">NESU<\/a>. Cette marque est l&rsquo;une des pr\u00e9f\u00e9r\u00e9es chez 1001 Pat\u00e8res. Elle suit toujours cet esprit d&rsquo;un <strong>support bois<\/strong> et de <strong>plusieurs crochets de qualit\u00e9<\/strong> en surface. \u00a0A vous de choisir quel imprim\u00e9 vous pr\u00e9f\u00e9rez._x000D_n_x000D_nIci, il s&rsquo;agit du <strong>style patchwork indien<\/strong>, o\u00f9 chaque crochet a son imprim\u00e9. Tous restent dans des <strong>coloris chauds avec des rayures vari\u00e9es<\/strong>. Pr\u00e9cis\u00e9ment, cette pat\u00e8re<strong> laiton vieilli<\/strong> dispose d&rsquo;un <strong>support en bois fa\u00e7on h\u00eatre robuste<\/strong>, et \u00e0 la fois un peu <strong>rustique<\/strong>. \u00a0Elle\u00a0est \u00e0 poser dans l&rsquo;entr\u00e9e pour ne plus voir trainer ses affaires, dans une chambre ou un bureau o\u00f9 les coloris se marient bien tous ensemble._x000D_n_x000D_n&nbsp;_x000D_n<\/p>\n<h3>D\u00e9tails techniques pour bien installer sa pat\u00e8re<\/h3>\n<p>_x000D_nL&rsquo;\u00e9cartement du support n&rsquo;est que de <strong>3 cm<\/strong>. Celle-ci sera donc parfaite pour des <strong>vestes<\/strong>, des <strong>foulards<\/strong> etc.._x000D_n_x000D_nD&rsquo;ailleurs c\u00f4t\u00e9 installation, voici nos pr\u00e9conisations._x000D_n_x000D_nLe syst\u00e8me d&rsquo;accrochage est tr\u00e8s simple puisqu&rsquo;il se fait par le <strong>dos du support<\/strong>. Une fois pos\u00e9e sur le mur, celui-ci est compl\u00e8tement <strong>invisible<\/strong>. Cette finition est tr\u00e8s appr\u00e9ciable et valorise l&rsquo;objet en lui m\u00eame. Vous n&rsquo;aurez besoin que de ses <strong>2 vis et chevilles<\/strong> pour l&rsquo;installer. Bien s\u00fbr, l&rsquo;usage d&rsquo;une perceuse sera demand\u00e9._x000D_n_x000D_nVous l&rsquo;aurez compris, ce porte manteau est\u00a0<strong>original<\/strong> et <strong>de belle qualit\u00e9<\/strong>. Son<strong> bois d\u00e9cor\u00e9 c\u00f4t\u00e9 support<\/strong> et son <strong>laiton<\/strong> vieilli c\u00f4t\u00e9 crochets, forment une <strong>association contemporaine et efficace<\/strong> pour peaufiner une<strong> d\u00e9coration d&rsquo;int\u00e9rieur<\/strong>. Bien s\u00fbr, ne limitez pas l&rsquo;usage \u00e0 votre espace priv\u00e9, ce porte manteau bois fa\u00e7on h\u00eatre ira tr\u00e8s bien aussi pour des <strong>vestiaires<\/strong>._x000D_n_x000D_nEnfin, voici ses <strong>dimensions<\/strong>:_x000D_n<\/p>\n<ul>_x000D_n \t<\/p>\n<li><strong>Le support 40,5 cm X 10,5 cm, \u00e9paisseur 2 cm<\/strong><\/li>\n<p>_x000D_n \t<\/p>\n<li><strong>Les pat\u00e8res hauteur 7,5 cm<\/strong><\/li>\n<p>_x000D_n \t<\/p>\n<li><strong>Ecartement du support 3 cm<\/strong><\/li>\n<p>_x000D_n<\/ul>\n","protected":false},"excerpt":{"rendered":"<p>Ce porte-manteaux <strong>bois PATCHWORK indien sur fond marron<\/strong>\u00a0comportant 4 pat\u00e8res de la marque <em><strong>NESU<\/strong><\/em> est en bois fa\u00e7on noyer et laiton vieilli. Il est \u00e0 poser dans l&rsquo;entr\u00e9e pour ne plus voir trainer ses affaires. Son\u00a0syst\u00e8me d&rsquo;accrochage est simple, au dos du support et non visible une fois pos\u00e9e sur le mur. Il\u00a0est original et de belle qualit\u00e9 en bois d\u00e9cor\u00e9 pour le support et en laiton vieilli pour les crochets pat\u00e8res qui peuvent servir de vestiaires.<\/p>\n","protected":false},"featured_media":1989,"comment_status":"closed","ping_status":"open","template":"","meta":[],"product_cat":[32],"product_tag":[25],"class_list":["post-489","product","type-product","status-publish","has-post-thumbnail","hentry","product_cat-entree-sejour","product_tag-crochet-patere-patere-design-patere-murale-patere-porte-pateres-porte-manteau-porte-serviette-porte-torchon-vestiaire","description-off"],"_links":{"self":[{"href":"https:\/\/roulettes.vaniseo.top\/index.php\/wp-json\/wp\/v2\/product\/489","targetHints":{"allow":["GET"]}}],"collection":[{"href":"https:\/\/roulettes.vaniseo.top\/index.php\/wp-json\/wp\/v2\/product"}],"about":[{"href":"https:\/\/roulettes.vaniseo.top\/index.php\/wp-json\/wp\/v2\/types\/product"}],"replies":[{"embeddable":true,"href":"https:\/\/roulettes.vaniseo.top\/index.php\/wp-json\/wp\/v2\/comments?post=489"}],"version-history":[{"count":0,"href":"https:\/\/roulettes.vaniseo.top\/index.php\/wp-json\/wp\/v2\/product\/489\/revisions"}],"wp:featuredmedia":[{"embeddable":true,"href":"https:\/\/roulettes.vaniseo.top\/index.php\/wp-json\/wp\/v2\/media\/1989"}],"wp:attachment":[{"href":"https:\/\/roulettes.vaniseo.top\/index.php\/wp-json\/wp\/v2\/media?parent=489"}],"wp:term":[{"taxonomy":"product_cat","embeddable":true,"href":"https:\/\/roulettes.vaniseo.top\/index.php\/wp-json\/wp\/v2\/product_cat?post=489"},{"taxonomy":"product_tag","embeddable":true,"href":"https:\/\/roulettes.vaniseo.top\/index.php\/wp-json\/wp\/v2\/product_tag?post=489"}],"curies":[{"name":"wp","href":"https:\/\/api.w.org\/{rel}","templated":true}]}}