{"id":490,"date":"2022-04-04T16:21:51","date_gmt":"2022-04-04T14:21:51","guid":{"rendered":"https:\/\/roulettes.vaniseo.top\/index.php\/produit\/patere-murale-3-buddy-hooks-color-umbra\/"},"modified":"2022-04-04T17:21:22","modified_gmt":"2022-04-04T15:21:22","slug":"patere-murale-3-buddy-hooks-color-umbra","status":"publish","type":"product","link":"https:\/\/roulettes.vaniseo.top\/index.php\/produit\/patere-murale-3-buddy-hooks-color-umbra\/","title":{"rendered":"Pat\u00e8re murale 3 BUDDY HOOKS color UMBRA"},"content":{"rendered":"<h3>Porte manteau design BUDDY HOOKS color en lot de 3<\/h3>\n<p>_x000D_n1001 Pat\u00e8res vous propose de d\u00e9couvrir ici une <strong>pat\u00e8re murale<\/strong>\u00a0<strong>3\u00a0BUDDY HOOKS color<\/strong>, de\u00a0la marque <a href=\"https:\/\/eu.umbra.com\/\" target=\"_blank\" rel=\"noopener noreferrer\"><strong>Umbra<\/strong><\/a>._x000D_n_x000D_nSp\u00e9cifiquement, la marque canadienne <a href=\"https:\/\/1001pateres.com\/brand\/umbra\">Umbra<\/a> est tr\u00e8s pr\u00e9sente sur notre site. Elle propose notamment des collections \u00e0 pat\u00e8res d\u00e9ployantes, c&rsquo;est le cas de <a href=\"https:\/\/1001pateres.com\/produit\/porte-manteaux-sticks-umbra-noir\/\">Sticks<\/a> ou celles en support <a href=\"https:\/\/1001pateres.com\/produit\/porte-manteaux-8-pateres-metal-umbra-en-bois\/\">m\u00e9tal<\/a> et <a href=\"https:\/\/1001pateres.com\/produit\/porte-manteaux-3-pateres-bois-flotte-et-metal-umbra\/\">bois<\/a>._x000D_n_x000D_n&nbsp;_x000D_n<\/p>\n<h4>Umbra buddy hooks<\/h4>\n<p>_x000D_nIci, c&rsquo;est un set de 3 petits hommes escaladant un mur aux couleurs <strong>jaune, vert et rouge<\/strong>. Cette collection Buddy Hooks propose aussi des sets <a href=\"https:\/\/1001pateres.com\/produit\/set-de-3-pateres-buddy-hooks-pastel-umbra\/\">pastel<\/a>, <a href=\"https:\/\/1001pateres.com\/produit\/set-de-3-pateres-buddy-hooks-blanc-umbra\/\">blanc<\/a>, et aux <a href=\"https:\/\/1001pateres.com\/produit\/set-de-3-pateres-buddy-hooks-nuances-de-gris-umbra\/\">nuances grises<\/a>._x000D_n_x000D_nCe porte manteau design\u00a0BUDDY HOOKS color\u00a0est \u00e0 poser partout dans la maison pour \u00e0 la fois <strong>ranger et d\u00e9corer<\/strong>. Dans la chambre ou dans l&rsquo;entr\u00e9e, offrez <strong>clart\u00e9 et style<\/strong> \u00e0 votre int\u00e9rieur._x000D_n_x000D_n&nbsp;_x000D_n<\/p>\n<h3>Installation du porte manteau design Buddy Hooks<\/h3>\n<p>_x000D_nAussi, chaque pat\u00e8re murale est en <strong>plastique dur<\/strong> au <strong>toucher doux<\/strong> avec des <strong>fixations non visibles<\/strong>.\u00a0Chaque personnage permet de supporter un <strong>poids de 2,3 kg<\/strong>._x000D_n_x000D_nCe mod\u00e8le de 3 couleurs rouge, vert et jaune comporte\u00a0un syst\u00e8me d&rsquo;accrochage avec vis et chevilles. Il poss\u00e8de vraiment de tr\u00e8s belles finitions. Ainsi, <span style=\"line-height: 1.5\">pour les fixer<\/span><span style=\"line-height: 1.5\"> au mur, les <strong>vis et chevilles sont fournies<\/strong>. La pose n\u00e9cessite seulement l&rsquo;usage de votre perceuse.<\/span>_x000D_n_x000D_nInd\u00e9niablement vous aimerez ces pat\u00e8res\u00a0pour leur <strong>originalit\u00e9<\/strong> et pour leur belle <strong>qualit\u00e9<\/strong>. Elles peuvent <strong>se fixer en ligne ou en d\u00e9cal\u00e9<\/strong>. Osez vous amuser avec ces petits bonshommes pour valoriser votre int\u00e9rieur et son rangement._x000D_n_x000D_n<span style=\"line-height: 1.5\">Cette touche de <strong>modernit\u00e9<\/strong> dans votre maison ne limitera pas pour autant leur <strong>utilit\u00e9<\/strong> pour y accrocher v\u00eatements et accessoires.<\/span>_x000D_n_x000D_n&nbsp;_x000D_n<\/p>\n<h4><strong>Dimensions de chaque pat\u00e8re murale 3 Buddy Hooks<\/strong><\/h4>\n<p>_x000D_nAnticipez leur installation en v\u00e9rifiant d\u00e8s maintenant la faisabilit\u00e9 sur le pan de mur que vous pr\u00e9voyez, gr\u00e2ce aux <strong>dimensions<\/strong> de cette pat\u00e8re murale:_x000D_n<\/p>\n<ul>_x000D_n \t<\/p>\n<li>Dimension d&rsquo;un Buddy Hooks: 17 X 9 cm<\/li>\n<p>_x000D_n \t<\/p>\n<li>Ecartement du mur: 8 cm<\/li>\n<p>_x000D_n<\/ul>\n<p>_x000D_nContactez nous pour davantage d&rsquo;informations compl\u00e9mentaires, via la page <a href=\"https:\/\/1001pateres.com\/contactez-nous\/\">Contact<\/a>.<\/p>\n","protected":false},"excerpt":{"rendered":"<p>Ce set de 3 pat\u00e8res mod\u00e8le <strong>BUDDY HOOKS color<\/strong> de la marque <em><strong>UMBRA<\/strong> <\/em>est \u00e0 poser partout dans la maison pour ne plus voir trainer ses affaires, dans la chambre ou dans l&rsquo;entr\u00e9e.\u00a0Chaque pat\u00e8re personnage verte, rouge ou jaune est en plastique dur au toucher doux avec des fixations non visibles. Chaque personnage permet de supporter un poids de 2,3 kg. Ces\u00a0pat\u00e8res\u00a0sont originales et de belle qualit\u00e9 et peuvent se fixer en ligne ou d\u00e9cal\u00e9es comme l&rsquo;on souhaite pour changer sa d\u00e9coration.\u00a0<span style=\"line-height: 1.5\">Elles permettent une touche de modernit\u00e9 dans votre maison tout en restant tr\u00e8s pratiques pour y accrocher des v\u00eatements ou des serviettes.<\/span><\/p>\n","protected":false},"featured_media":1990,"comment_status":"closed","ping_status":"open","template":"","meta":[],"product_cat":[29,16,32,17],"product_tag":[25],"class_list":["post-490","product","type-product","status-publish","has-post-thumbnail","hentry","product_cat-chambre-adulte","product_cat-chambre-enfant","product_cat-entree-sejour","product_cat-salle-de-bain","product_tag-crochet-patere-patere-design-patere-murale-patere-porte-pateres-porte-manteau-porte-serviette-porte-torchon-vestiaire","description-off"],"_links":{"self":[{"href":"https:\/\/roulettes.vaniseo.top\/index.php\/wp-json\/wp\/v2\/product\/490","targetHints":{"allow":["GET"]}}],"collection":[{"href":"https:\/\/roulettes.vaniseo.top\/index.php\/wp-json\/wp\/v2\/product"}],"about":[{"href":"https:\/\/roulettes.vaniseo.top\/index.php\/wp-json\/wp\/v2\/types\/product"}],"replies":[{"embeddable":true,"href":"https:\/\/roulettes.vaniseo.top\/index.php\/wp-json\/wp\/v2\/comments?post=490"}],"version-history":[{"count":0,"href":"https:\/\/roulettes.vaniseo.top\/index.php\/wp-json\/wp\/v2\/product\/490\/revisions"}],"wp:featuredmedia":[{"embeddable":true,"href":"https:\/\/roulettes.vaniseo.top\/index.php\/wp-json\/wp\/v2\/media\/1990"}],"wp:attachment":[{"href":"https:\/\/roulettes.vaniseo.top\/index.php\/wp-json\/wp\/v2\/media?parent=490"}],"wp:term":[{"taxonomy":"product_cat","embeddable":true,"href":"https:\/\/roulettes.vaniseo.top\/index.php\/wp-json\/wp\/v2\/product_cat?post=490"},{"taxonomy":"product_tag","embeddable":true,"href":"https:\/\/roulettes.vaniseo.top\/index.php\/wp-json\/wp\/v2\/product_tag?post=490"}],"curies":[{"name":"wp","href":"https:\/\/api.w.org\/{rel}","templated":true}]}}