{"id":491,"date":"2022-04-04T16:21:51","date_gmt":"2022-04-04T14:21:51","guid":{"rendered":"https:\/\/roulettes.vaniseo.top\/index.php\/produit\/pateres-murales-set-de-3-buddy-hooks-pastel-umbra\/"},"modified":"2022-04-04T17:21:23","modified_gmt":"2022-04-04T15:21:23","slug":"pateres-murales-set-de-3-buddy-hooks-pastel-umbra","status":"publish","type":"product","link":"https:\/\/roulettes.vaniseo.top\/index.php\/produit\/pateres-murales-set-de-3-buddy-hooks-pastel-umbra\/","title":{"rendered":"Pat\u00e8res murales : set de 3 BUDDY HOOKS pastel UMBRA"},"content":{"rendered":"<h3>Porte-manteau Umbra<\/h3>\n<p>_x000D_n1001 Pat\u00e8res a choisi pour vous, ce porte-manteau <a href=\"https:\/\/eu.umbra.com\" target=\"_blank\" rel=\"noopener noreferrer\">UMBRA<\/a>\u00a0contenant un set de 3 pat\u00e8res murales\u00a0<strong>BUDDY HOOKS de couleurs pastel<\/strong>._x000D_n_x000D_n<a href=\"https:\/\/1001pateres.com\/brand\/umbra\/\">Umbra<\/a> est une marque en vente chez 1001 Pat\u00e8res au travers de <strong>3 grandes collections<\/strong>:_x000D_n<\/p>\n<ol>_x000D_n \t<\/p>\n<li><strong>Buddy Hooks<\/strong> aux coloris <a href=\"https:\/\/1001pateres.com\/produit\/set-de-3-pateres-buddy-hooks-blanc-umbra\/\">blanc<\/a>, <a href=\"https:\/\/1001pateres.com\/produit\/set-de-3-pateres-buddy-hooks-color-umbra\/\">color<\/a>, pastel comme ici, et en <a href=\"https:\/\/1001pateres.com\/produit\/set-de-3-pateres-buddy-hooks-nuances-de-gris-umbra\/\">nuances de gris<\/a><\/li>\n<p>_x000D_n \t<\/p>\n<li>Retrouvez aussi sur ce site, les rectangles en <a href=\"https:\/\/1001pateres.com\/produit\/porte-manteaux-3-pateres-bois-flotte-et-metal-umbra\/\">bois flott\u00e9<\/a> avec <strong>pat\u00e8res d\u00e9ployantes<\/strong><\/li>\n<p>_x000D_n \t<\/p>\n<li>Et la collection <strong><a href=\"https:\/\/1001pateres.com\/produit\/porte-manteaux-sticks-umbra-gris\/\">Sticks<\/a><\/strong> sur le m\u00eame principe.<\/li>\n<p>_x000D_n<\/ol>\n<p>_x000D_n<\/p>\n<h3><\/h3>\n<p>_x000D_n<\/p>\n<h3>3 Pat\u00e8res murales BUDDY HOOKS pastel<\/h3>\n<p>_x000D_nAinsi, en ce qui concerne ce set de <strong>3 pat\u00e8res murales<\/strong>, mod\u00e8le BUDDY HOOKS, il s&rsquo;agit de <strong>3 personnages<\/strong> sans visage ni autre d\u00e9tail escaladant le mur de votre choix. Ce porte manteau Umbra \u00e9tant de <strong>couleurs pastel blanche, verte et bleue<\/strong> modernes est un <strong>passe-partout<\/strong>._x000D_n_x000D_nDe ce fait, il sera id\u00e9al pour apporter une touche de <strong>d\u00e9tail original et design<\/strong> dans votre maison, tout en permettant de mieux ranger les affaires de chacun. Dans une chambre, dans l&rsquo;entr\u00e9e ou m\u00eame dans une cuisine, <strong>Buddy Hooks<\/strong> est facile \u00e0 int\u00e9grer._x000D_n_x000D_n&nbsp;_x000D_n<\/p>\n<h2>Fixer au mur 3 pat\u00e8res murales Buddy Hooks Umbra<\/h2>\n<p>_x000D_nAussi, chaque pat\u00e8re Buddy Hooks Umbra est en <strong>plastique dur<\/strong>\u00a0et au <strong>toucher doux,\u00a0<\/strong>avec des fixations non visibles.\u00a0Chaque personnage permet de supporter un poids de<strong> 2,3 kg<\/strong>.\u00a0Pour ce faire, un syst\u00e8me d&rsquo;accrochage avec<strong> vis et chevilles est compris<\/strong>. Vous aurez seulement besoin de vous munir d&rsquo;une perceuse._x000D_n_x000D_nEnfin, nous vous sugg\u00e9rons de les disposer comme bon vous semble, <strong>en ligne ou en d\u00e9cal\u00e9 vertical ou horizontal<\/strong>. L&rsquo;un comme l&rsquo;autre sera une mani\u00e8re d&rsquo;optimiser le rangement tout en restant dans une <strong>d\u00e9coration \u00e9l\u00e9gante<\/strong>. \u00a0N&rsquo;h\u00e9sitez d&rsquo;ailleurs pas \u00e0 varier les plaisirs selon vos envies au gr\u00e9 des saisons, en modifiant leur ordre ou leur alignement!_x000D_n_x000D_nChoisissez ces pat\u00e8res originales et de belle qualit\u00e9 pour apporter cette <strong>touche contemporaine<\/strong> \u00e0 votre int\u00e9rieur! Leurs dimensions ne seront pas un probl\u00e8me pour les int\u00e9grer \u00e0 toute espace:_x000D_n<\/p>\n<ul>_x000D_n \t<\/p>\n<li><strong>Dimension de chaque pat\u00e8re: 17 cm X 9 cm<\/strong><\/li>\n<p>_x000D_n \t<\/p>\n<li><strong>Ecartement du mur: 8 cm<\/strong><\/li>\n<p>_x000D_n<\/ul>\n","protected":false},"excerpt":{"rendered":"<p>Ce set de 3 pat\u00e8res mod\u00e8le <strong>BUDDY HOOKS pastel<\/strong>\u00a0de la marque <em><strong>UMBRA<\/strong> <\/em>est \u00e0 poser partout dans la maison pour ne plus voir trainer ses affaires, dans la chambre ou dans l&rsquo;entr\u00e9e.\u00a0Chaque pat\u00e8re personnage blanc, vert ou bleu pastel est en plastique dur au toucher doux avec des fixations non visibles. Chaque personnage permet de supporter un poids de 2,3 kg. Ces\u00a0pat\u00e8res\u00a0sont originales et de belle qualit\u00e9 et peuvent se fixer en ligne ou d\u00e9cal\u00e9es comme l&rsquo;on souhaite pour changer sa d\u00e9coration.\u00a0<span style=\"line-height: 1.5\">Elles permettent une touche de modernit\u00e9 dans votre maison tout en restant tr\u00e8s pratiques pour y accrocher des v\u00eatements ou des serviettes.<\/span><\/p>\n","protected":false},"featured_media":780,"comment_status":"closed","ping_status":"open","template":"","meta":[],"product_cat":[29,16,32,17],"product_tag":[25],"class_list":["post-491","product","type-product","status-publish","has-post-thumbnail","hentry","product_cat-chambre-adulte","product_cat-chambre-enfant","product_cat-entree-sejour","product_cat-salle-de-bain","product_tag-crochet-patere-patere-design-patere-murale-patere-porte-pateres-porte-manteau-porte-serviette-porte-torchon-vestiaire","description-off"],"_links":{"self":[{"href":"https:\/\/roulettes.vaniseo.top\/index.php\/wp-json\/wp\/v2\/product\/491","targetHints":{"allow":["GET"]}}],"collection":[{"href":"https:\/\/roulettes.vaniseo.top\/index.php\/wp-json\/wp\/v2\/product"}],"about":[{"href":"https:\/\/roulettes.vaniseo.top\/index.php\/wp-json\/wp\/v2\/types\/product"}],"replies":[{"embeddable":true,"href":"https:\/\/roulettes.vaniseo.top\/index.php\/wp-json\/wp\/v2\/comments?post=491"}],"version-history":[{"count":0,"href":"https:\/\/roulettes.vaniseo.top\/index.php\/wp-json\/wp\/v2\/product\/491\/revisions"}],"wp:featuredmedia":[{"embeddable":true,"href":"https:\/\/roulettes.vaniseo.top\/index.php\/wp-json\/wp\/v2\/media\/780"}],"wp:attachment":[{"href":"https:\/\/roulettes.vaniseo.top\/index.php\/wp-json\/wp\/v2\/media?parent=491"}],"wp:term":[{"taxonomy":"product_cat","embeddable":true,"href":"https:\/\/roulettes.vaniseo.top\/index.php\/wp-json\/wp\/v2\/product_cat?post=491"},{"taxonomy":"product_tag","embeddable":true,"href":"https:\/\/roulettes.vaniseo.top\/index.php\/wp-json\/wp\/v2\/product_tag?post=491"}],"curies":[{"name":"wp","href":"https:\/\/api.w.org\/{rel}","templated":true}]}}