{"id":492,"date":"2022-04-04T16:21:51","date_gmt":"2022-04-04T14:21:51","guid":{"rendered":"https:\/\/roulettes.vaniseo.top\/index.php\/produit\/patere-umbra-blanc-buddy-hooks\/"},"modified":"2022-04-04T17:21:24","modified_gmt":"2022-04-04T15:21:24","slug":"patere-umbra-blanc-buddy-hooks","status":"publish","type":"product","link":"https:\/\/roulettes.vaniseo.top\/index.php\/produit\/patere-umbra-blanc-buddy-hooks\/","title":{"rendered":"Pat\u00e8re Umbra blanc BUDDY HOOKS"},"content":{"rendered":"<h3>Porte manteau Umbra en lot de trois<\/h3>\n<p>_x000D_nD\u00e9couvrez ci dessous tous les d\u00e9tails de ce porte manteau\u00a0<a href=\"https:\/\/eu.umbra.com\" target=\"_blank\" rel=\"noopener noreferrer\">UMBRA<\/a>\u00a0collection\u00a0<strong>BUDDY HOOKS, ici en blanc\u00a0<\/strong>et en vente chez 1001 Pat\u00e8res.\u00a0A noter par ailleurs que cette <strong>pat\u00e8re <\/strong><a href=\"https:\/\/1001pateres.com\/brand\/umbra\/\"><strong>Umbra<\/strong><\/a>\u00a0en <strong>blanc<\/strong> est \u00e9galement disponible sur notre site en d&rsquo;autres coloris: <a href=\"https:\/\/1001pateres.com\/produit\/set-de-3-pateres-buddy-hooks-pastel-umbra\/\">pastel<\/a>, <a href=\"https:\/\/1001pateres.com\/produit\/set-de-3-pateres-buddy-hooks-color-umbra\/\">color<\/a>, et en <a href=\"https:\/\/1001pateres.com\/produit\/set-de-3-pateres-buddy-hooks-nuances-de-gris-umbra\/\">nuances de gris<\/a>._x000D_n_x000D_nEn revanche avec ce coloris blanc, les<strong> 3 pat\u00e8res BUDDY HOOKS<\/strong> seront vraiment <strong>faciles \u00e0 int\u00e9grer<\/strong> dans toutes les pi\u00e8ces de votre bureau et votre maison. <strong>Discr\u00e8tes<\/strong>, elles <strong>se fondront<\/strong> aux murs blancs, ou viendront apporter du <strong>contraste<\/strong> \u00e0 un mur fonc\u00e9. Ces petits personnages escaladant vos pans de murs offriront sans aucun doute un <strong>brun d&rsquo;originalit\u00e9 et de modernit\u00e9<\/strong> \u00e0 votre espace._x000D_n_x000D_n<strong>Elegant \u00e0 la vue<\/strong>, ils sont aussi tr\u00e8s <strong>doux au toucher<\/strong>. Leurs finitions de <strong>fixations non visibles<\/strong> permettent vraiment d&rsquo;appr\u00e9cier ce type d&rsquo;<strong>objet de qualit\u00e9, en plastique dur.<\/strong>_x000D_n_x000D_nC\u00f4t\u00e9 fixation d&rsquo;ailleurs, 1001 Pat\u00e8res inclut dans votre achat, <strong>cheville et vis n\u00e9cessaires<\/strong> \u00e0 leur accroche. Seule une perceuse sera \u00e9galement n\u00e9cessaire. Ainsi, une fois install\u00e9e, chaque personnage permet de <strong>supporter un poids de 2,3 kg<\/strong>._x000D_n_x000D_n&nbsp;_x000D_n<\/p>\n<h2>Comment disposer une pat\u00e8re Umbra blanc BUDDY HOOKS?<\/h2>\n<p>_x000D_nEnfin, nous vous sugg\u00e9rons de vous <strong>amuser<\/strong> dans leurs <strong>dispositions<\/strong>. En quinconce, en ligne, verticale ou horizontale, installez-les \u00e0 votre gr\u00e9 puis changez selon vos envies! Tout est vraiment possible et ce, dans tous les espaces de votre int\u00e9rieur. De plus, ces pat\u00e8res\u00a0sont <strong>originales<\/strong> et de <strong>belle qualit\u00e9<\/strong>. <span style=\"line-height: 1.5\">Elles permettent une touche de <strong>modernit\u00e9<\/strong> dans votre maison tout en restant tr\u00e8s <strong>pratiques<\/strong> pour y accrocher des v\u00eatements ou des serviettes.<\/span>_x000D_n_x000D_nVoici pour terminer, les <strong>dimensions<\/strong> de chaque personnage:_x000D_n<\/p>\n<ul>_x000D_n \t<\/p>\n<li>17 cm X 9 cm<\/li>\n<p>_x000D_n \t<\/p>\n<li>Ecartement du mur 8 cm<\/li>\n<p>_x000D_n<\/ul>\n<p>_x000D_n&nbsp;_x000D_n_x000D_nPour finir, pensez \u00e0 d\u00e9couvrir \u00e9galement les autres collections <strong>Umbra<\/strong> sur notre site. vous d\u00e9couvrirez notamment la <strong>collection <a href=\"https:\/\/1001pateres.com\/produit\/porte-manteaux-sticks-umbra-noir\/\">Sticks<\/a> en noir ou en blanc,<\/strong> mais aussi les supports <a href=\"https:\/\/1001pateres.com\/produit\/porte-manteaux-8-pateres-metal-umbra-espresso\/\">m\u00e9tal<\/a> disposant comme la collection cit\u00e9e pr\u00e9c\u00e9demment de <strong>pat\u00e8res d\u00e9ployantes<\/strong>.<\/p>\n","protected":false},"excerpt":{"rendered":"<p>Ce set de 3 pat\u00e8res mod\u00e8le <strong>BUDDY HOOKS blanc<\/strong>\u00a0de la marque <em><strong>UMBRA<\/strong> <\/em>est \u00e0 poser partout dans la maison pour ne plus voir trainer ses affaires, dans la chambre ou dans l&rsquo;entr\u00e9e.\u00a0Chaque pat\u00e8re personnage blanc est en plastique dur au toucher doux avec des fixations non visibles. Chaque personnage permet de supporter un poids de 2,3 kg. Ces\u00a0pat\u00e8res\u00a0sont originales et de belle qualit\u00e9 et peuvent se fixer en ligne ou d\u00e9cal\u00e9es comme l&rsquo;on souhaite pour changer sa d\u00e9coration.\u00a0<span style=\"line-height: 1.5\">Elles permettent une touche de modernit\u00e9 dans votre maison tout en restant tr\u00e8s pratiques pour y accrocher des v\u00eatements ou des serviettes.<\/span><\/p>\n","protected":false},"featured_media":1998,"comment_status":"closed","ping_status":"open","template":"","meta":[],"product_cat":[29,16,32,17],"product_tag":[25],"class_list":["post-492","product","type-product","status-publish","has-post-thumbnail","hentry","product_cat-chambre-adulte","product_cat-chambre-enfant","product_cat-entree-sejour","product_cat-salle-de-bain","product_tag-crochet-patere-patere-design-patere-murale-patere-porte-pateres-porte-manteau-porte-serviette-porte-torchon-vestiaire","description-off"],"_links":{"self":[{"href":"https:\/\/roulettes.vaniseo.top\/index.php\/wp-json\/wp\/v2\/product\/492","targetHints":{"allow":["GET"]}}],"collection":[{"href":"https:\/\/roulettes.vaniseo.top\/index.php\/wp-json\/wp\/v2\/product"}],"about":[{"href":"https:\/\/roulettes.vaniseo.top\/index.php\/wp-json\/wp\/v2\/types\/product"}],"replies":[{"embeddable":true,"href":"https:\/\/roulettes.vaniseo.top\/index.php\/wp-json\/wp\/v2\/comments?post=492"}],"version-history":[{"count":0,"href":"https:\/\/roulettes.vaniseo.top\/index.php\/wp-json\/wp\/v2\/product\/492\/revisions"}],"wp:featuredmedia":[{"embeddable":true,"href":"https:\/\/roulettes.vaniseo.top\/index.php\/wp-json\/wp\/v2\/media\/1998"}],"wp:attachment":[{"href":"https:\/\/roulettes.vaniseo.top\/index.php\/wp-json\/wp\/v2\/media?parent=492"}],"wp:term":[{"taxonomy":"product_cat","embeddable":true,"href":"https:\/\/roulettes.vaniseo.top\/index.php\/wp-json\/wp\/v2\/product_cat?post=492"},{"taxonomy":"product_tag","embeddable":true,"href":"https:\/\/roulettes.vaniseo.top\/index.php\/wp-json\/wp\/v2\/product_tag?post=492"}],"curies":[{"name":"wp","href":"https:\/\/api.w.org\/{rel}","templated":true}]}}