{"id":493,"date":"2022-04-04T16:21:51","date_gmt":"2022-04-04T14:21:51","guid":{"rendered":"https:\/\/roulettes.vaniseo.top\/index.php\/produit\/porte-manteau-mural-design-tige-acier-et-boule-bois-pujo-ferm-living\/"},"modified":"2022-04-04T17:21:25","modified_gmt":"2022-04-04T15:21:25","slug":"porte-manteau-mural-design-tige-acier-et-boule-bois-pujo-ferm-living","status":"publish","type":"product","link":"https:\/\/roulettes.vaniseo.top\/index.php\/produit\/porte-manteau-mural-design-tige-acier-et-boule-bois-pujo-ferm-living\/","title":{"rendered":"Porte manteau mural design tige acier et boule bois PUJO FERM LIVING"},"content":{"rendered":"<h3>Pat\u00e8re design tige acier et boule bois FERM LIVING<\/h3>\n<p>_x000D_nAvec notre site 1001 Pat\u00e8res, d\u00e9couvrez tous les d\u00e9tails techniques et nos meilleurs conseils d&rsquo;installation pour ce <strong>porte manteau mural design<\/strong> fait d&rsquo;une <strong>tige acier<\/strong> et d&rsquo;une <strong>boule en bois<\/strong>. Sp\u00e9cifiquement ici, il s&rsquo;agit du mod\u00e8le <strong>PUJO<\/strong> de\u00a0<em><strong>FERM LIVING<\/strong>.\u00a0<\/em>_x000D_n_x000D_nTout d&rsquo;abord donc, rappelons que <a href=\"https:\/\/fermliving.com\" target=\"_blank\" rel=\"noopener\">Ferm Living<\/a> est une <strong>marque danoise<\/strong> offrant un style de <strong>pat\u00e8re r\u00e9solument design et chic<\/strong>. Au superbe <strong>rapport qualit\u00e9 prix<\/strong>, retrouvez chez 1001 Pat\u00e8res une s\u00e9lection de leurs meilleures r\u00e9f\u00e9rences de <strong>pat\u00e8res \u00e0 crochet unique<\/strong>. Cette s\u00e9lection <strong>valorise v\u00e9ritablement la mati\u00e8re brute et noble<\/strong> comme par exemple avec des r\u00e9f\u00e9rences en acier, en verre souffl\u00e9, en marbre, en laiton, et en granit. Certaines utilisent m\u00eame des pierres semi-pr\u00e9cieuses comme le <a href=\"https:\/\/1001pateres.com\/produit\/patere-lapis-lazuli-grand-modele-ferm-living\/\">lapis lazuli<\/a> ou encore l&rsquo;<a href=\"https:\/\/1001pateres.com\/produit\/patere-agate-petit-modele-ferm-living\/\">agate verte<\/a>&#8230;_x000D_n_x000D_nIci, sp\u00e9cifiquement, cette tige acier avec boule en bois, offre un <strong>style vraiment original, \u00e9pur\u00e9, design<\/strong>. Bien s\u00fbr, il s&rsquo;utilise comme <strong>porte manteau mural<\/strong> dans une <a href=\"https:\/\/1001pateres.com\/univers\/salle-de-bain\/\">salle de bain<\/a> contemporaine ou encore comme <strong>pat\u00e8re design<\/strong> dans une <a href=\"https:\/\/1001pateres.com\/univers\/sejours\/\">entr\u00e9e<\/a>. Techniquement la tige acier est faite\u00a0en <strong>m\u00e9tal laqu\u00e9 epoxy noir<\/strong>. La boule, elle, est en <strong>fr\u00eane teint\u00e9 noir<\/strong>. L&rsquo;ensemble est donc d&rsquo;une <strong>tr\u00e8s belle qualit\u00e9<\/strong>._x000D_n_x000D_n&nbsp;_x000D_n<\/p>\n<h2>Porte manteau mural design Pujo Ferm Living: conseils d&rsquo;accrochage<\/h2>\n<p>_x000D_nDe plus, il comporte un syst\u00e8me d&rsquo;accrochage avec <strong>vis et chevilles<\/strong>. Une fois mont\u00e9e, les vis sont invisibles.\u00a0Ce mod\u00e8le est facile \u00e0 poser mais n\u00e9cessite une perceuse pour positionner les chevilles. C\u00f4t\u00e9 <strong>dimensions<\/strong>, les voici ci-apr\u00e8s:_x000D_n<\/p>\n<ul>_x000D_n \t<\/p>\n<li>Hauteur 148,5 cm<\/li>\n<p>_x000D_n \t<\/p>\n<li>Ecartement du mur 20 cm<\/li>\n<p>_x000D_n<\/ul>\n<p>_x000D_nAvec ce porte manteau mural n&rsquo;ayez crainte de ne pas savoir ni o\u00f9 ni comment valoriser son accrochage. En effet, un <strong>objet aussi contemporain et fin \u00e0 la fois<\/strong> saura s&rsquo;int\u00e9grer facilement \u00e0 un <strong>univers design<\/strong>. Il compl\u00e9tera pour sur vos envies de <strong>modernit\u00e9<\/strong> et <strong>minimalisme<\/strong>._x000D_n_x000D_nOptez toutefois, pour une installation sur un <strong>mur plus clair<\/strong> permettant de valoriser son coloris noir profond. \u00a0Sur un <strong>mur \u00e9troit comme large<\/strong>, il sera facile de lui trouver une place. Veillez pour finir, \u00e0 <strong>ne pas alourdir son espace<\/strong> avec d&rsquo;autres \u00e9l\u00e9ments d\u00e9coratifs car c&rsquo;est son minimalisme qui en fait sa beaut\u00e9.<\/p>\n","protected":false},"excerpt":{"rendered":"<p>Porte-manteaux mural design\u00a0mod\u00e8le <strong>PUJO<\/strong> de\u00a0<em><strong>FERM LIVING<\/strong><\/em> pour un usage de porte-manteau et de pat\u00e8re d&rsquo;entr\u00e9e.\u00a0Sa forme est originale\u00a0et \u00e9pur\u00e9e.\u00a0Le porte-manteaux est en m\u00e9tal laqu\u00e9 \u00e9poxy noir avec une boule en fr\u00eane teint\u00e9 noir et est de tr\u00e8s belle qualit\u00e9.\u00a0Une fois pos\u00e9e au mur \u00e0 l&rsquo;aide d&rsquo;une perceuse, il permet de r\u00e9sister \u00e0 un poids de 15 kg environ.<\/p>\n","protected":false},"featured_media":2002,"comment_status":"closed","ping_status":"open","template":"","meta":[],"product_cat":[32,40,17],"product_tag":[31],"class_list":["post-493","product","type-product","status-publish","has-post-thumbnail","hentry","product_cat-entree-sejour","product_cat-porte-manteau-sur-pied","product_cat-salle-de-bain","product_tag-crochet-patere-patere-design-patere-murale-patere-porte-pateres-porte-manteau-porte-serviette-porte-torchon","description-off"],"_links":{"self":[{"href":"https:\/\/roulettes.vaniseo.top\/index.php\/wp-json\/wp\/v2\/product\/493","targetHints":{"allow":["GET"]}}],"collection":[{"href":"https:\/\/roulettes.vaniseo.top\/index.php\/wp-json\/wp\/v2\/product"}],"about":[{"href":"https:\/\/roulettes.vaniseo.top\/index.php\/wp-json\/wp\/v2\/types\/product"}],"replies":[{"embeddable":true,"href":"https:\/\/roulettes.vaniseo.top\/index.php\/wp-json\/wp\/v2\/comments?post=493"}],"version-history":[{"count":0,"href":"https:\/\/roulettes.vaniseo.top\/index.php\/wp-json\/wp\/v2\/product\/493\/revisions"}],"wp:featuredmedia":[{"embeddable":true,"href":"https:\/\/roulettes.vaniseo.top\/index.php\/wp-json\/wp\/v2\/media\/2002"}],"wp:attachment":[{"href":"https:\/\/roulettes.vaniseo.top\/index.php\/wp-json\/wp\/v2\/media?parent=493"}],"wp:term":[{"taxonomy":"product_cat","embeddable":true,"href":"https:\/\/roulettes.vaniseo.top\/index.php\/wp-json\/wp\/v2\/product_cat?post=493"},{"taxonomy":"product_tag","embeddable":true,"href":"https:\/\/roulettes.vaniseo.top\/index.php\/wp-json\/wp\/v2\/product_tag?post=493"}],"curies":[{"name":"wp","href":"https:\/\/api.w.org\/{rel}","templated":true}]}}