{"id":494,"date":"2022-04-04T16:21:51","date_gmt":"2022-04-04T14:21:51","guid":{"rendered":"https:\/\/roulettes.vaniseo.top\/index.php\/produit\/porte-manteau-mural-design-metal-laque-noir-et-embout-bois-naturel\/"},"modified":"2022-04-04T17:21:25","modified_gmt":"2022-04-04T15:21:25","slug":"porte-manteau-mural-design-metal-laque-noir-et-embout-bois-naturel","status":"publish","type":"product","link":"https:\/\/roulettes.vaniseo.top\/index.php\/produit\/porte-manteau-mural-design-metal-laque-noir-et-embout-bois-naturel\/","title":{"rendered":"Porte manteau mural design m\u00e9tal laqu\u00e9 noir et embout bois naturel"},"content":{"rendered":"<h3>Porte manteau m\u00e9tal laqu\u00e9 noir et embout bois naturel<\/h3>\n<p>_x000D_n<strong>1001 Pat\u00e8res<\/strong> vous recommande dans sa propre marque le <strong>porte manteau mural design m\u00e9tal laqu\u00e9 noir et embout bois naturel<\/strong>.\u00a0Cette <strong>pat\u00e8re design m\u00e9tal et bois noir<\/strong> se destine \u00e0\u00a0un usage de porte-manteau, porte-serviette, ou encore porte accessoires. Ainsi, d\u00e9couvrez ci-dessous l&rsquo;ensemble des ses <strong>informations techniques et d\u00e9coratives<\/strong>._x000D_n_x000D_nMais tout d&rsquo;abord, rappelons rapidement que 1001 Pat\u00e8res est le sp\u00e9cialiste de la vente en ligne de pat\u00e8res et porte manteaux: il est aujourd&rsquo;hui le<strong> N\u00b01 en France<\/strong>! Ainsi, trouvez sur ce site un large choix de styles pour am\u00e9liorer le rangement de votre maison\/entreprise et <em>doper<\/em> la d\u00e9coration de votre int\u00e9rieur. Pour ce faire, l&rsquo;\u00e9quipe <strong>1001 Pat\u00e8res<\/strong> s\u00e9lectionne partout dans le monde les marques aux <strong>meilleurs rapports qualit\u00e9 prix<\/strong>, avec un <strong>style<\/strong> bien <strong>sp\u00e9cifique<\/strong>. Ainsi, vous avez le choix de coloris, de formes pour un m\u00eame esprit._x000D_n_x000D_n&nbsp;_x000D_n<\/p>\n<h3>Porte manteau mural design m\u00e9tal laqu\u00e9 noir et embout bois naturel<\/h3>\n<p>_x000D_nC&rsquo;est d&rsquo;ailleurs le cas ici avec ce porte manteau mural design m\u00e9tal. Retrouvez le sur ce site non seulement comme ici en laqu\u00e9 <strong>noir<\/strong> et embout bois naturel, mais aussi en laqu\u00e9 <strong>bleu p\u00e9trole, rose, vert, bleu ciel et <a href=\"https:\/\/1001pateres.com\/produit\/patere-design-metal-et-bois-blanc\/\">blanc<\/a><\/strong>. Vous aurez ainsi la possibilit\u00e9 de <strong>le d\u00e9multiplier<\/strong> sur un m\u00eame pan de mur en plusieurs coloris._x000D_n_x000D_nCe produit est tr\u00e8s pris\u00e9 sur notre site car il allie un style <strong>scandinave moderne et brut<\/strong>. En effet, sa <strong>forme<\/strong> est simple, peu encombrante, <strong>minimaliste<\/strong>. Ses mat\u00e9riaux et ses coloris sont bruts et dans l&rsquo;\u00e8re du temps. Son <strong>bois<\/strong> clair refl\u00e8te bien la <strong>douceur et le c\u00f4t\u00e9 chaleureux<\/strong> de ce style d\u00e9coratif._x000D_n_x000D_nAu del\u00e0 du style, il y a en plus la practicit\u00e9 de son\u00a0<strong>embout cylindrique inclin\u00e9<\/strong> en bois naturel qui <strong>maintient<\/strong> toutes vos affaires sans les abimer._x000D_n_x000D_nEnfin c\u00f4t\u00e9 installation, le porte manteau mural design\u00a0comporte un <strong>bouton en laiton dor\u00e9<\/strong> qui cache un syst\u00e8me d&rsquo;accrochage. Ce dernier est compos\u00e9 d&rsquo;une <strong>vis et sa cheville incluses<\/strong>. La vis reste <strong>non visible<\/strong> une fois mont\u00e9e.\u00a0Bien que ce mod\u00e8le soit facile \u00e0 poser, il n\u00e9cessite une <strong>perceuse<\/strong> pour positionner la cheville. Pensez \u00e0 tenir compte de ses <strong>dimensions<\/strong>:_x000D_n<\/p>\n<ul>_x000D_n \t<\/p>\n<li>La pat\u00e8re en m\u00e9tal: 12,8 cm X 4 cm<\/li>\n<p>_x000D_n \t<\/p>\n<li>Le cylindre en bois naturel: 5 cm X diam 2,8 cm<\/li>\n<p>_x000D_n \t<\/p>\n<li>Ecartement du mur: 7 cm<\/li>\n<p>_x000D_n \t<\/p>\n<li>Vis: 2,5 cm<\/li>\n<p>_x000D_n<\/ul>\n","protected":false},"excerpt":{"rendered":"<p>Porte-manteau design en m\u00e9tal <strong>laqu\u00e9 noir<\/strong>\u00a0et bois naturel<strong>\u00a0<\/strong>de la marque <em><strong>1001pateres<\/strong><\/em>. Jolie\u00a0pat\u00e8re design qui est pour un usage de porte-manteau, porte-serviette, porte-chapeau.\u00a0Elle est originale et \u00e9pur\u00e9e avec une forme douce et pratique. Une fois pos\u00e9e au mur \u00e0 l&rsquo;aide d&rsquo;une perceuse, elle permet de r\u00e9sister \u00e0 un poids de 5 kg environ.<\/p>\n","protected":false},"featured_media":2004,"comment_status":"closed","ping_status":"open","template":"","meta":[],"product_cat":[29,32,17],"product_tag":[26],"class_list":["post-494","product","type-product","status-publish","has-post-thumbnail","hentry","product_cat-chambre-adulte","product_cat-entree-sejour","product_cat-salle-de-bain","product_tag-crochet-patere-patere-design-patere-murale-patere-porte-pateres-porte-serviette-porte-torchon","description-off"],"_links":{"self":[{"href":"https:\/\/roulettes.vaniseo.top\/index.php\/wp-json\/wp\/v2\/product\/494","targetHints":{"allow":["GET"]}}],"collection":[{"href":"https:\/\/roulettes.vaniseo.top\/index.php\/wp-json\/wp\/v2\/product"}],"about":[{"href":"https:\/\/roulettes.vaniseo.top\/index.php\/wp-json\/wp\/v2\/types\/product"}],"replies":[{"embeddable":true,"href":"https:\/\/roulettes.vaniseo.top\/index.php\/wp-json\/wp\/v2\/comments?post=494"}],"version-history":[{"count":0,"href":"https:\/\/roulettes.vaniseo.top\/index.php\/wp-json\/wp\/v2\/product\/494\/revisions"}],"wp:featuredmedia":[{"embeddable":true,"href":"https:\/\/roulettes.vaniseo.top\/index.php\/wp-json\/wp\/v2\/media\/2004"}],"wp:attachment":[{"href":"https:\/\/roulettes.vaniseo.top\/index.php\/wp-json\/wp\/v2\/media?parent=494"}],"wp:term":[{"taxonomy":"product_cat","embeddable":true,"href":"https:\/\/roulettes.vaniseo.top\/index.php\/wp-json\/wp\/v2\/product_cat?post=494"},{"taxonomy":"product_tag","embeddable":true,"href":"https:\/\/roulettes.vaniseo.top\/index.php\/wp-json\/wp\/v2\/product_tag?post=494"}],"curies":[{"name":"wp","href":"https:\/\/api.w.org\/{rel}","templated":true}]}}