{"id":496,"date":"2022-04-04T16:21:55","date_gmt":"2022-04-04T14:21:55","guid":{"rendered":"https:\/\/roulettes.vaniseo.top\/index.php\/produit\/porte-manteau-mural-bois-et-metal-4-crochets-le-jardin\/"},"modified":"2022-04-04T17:21:28","modified_gmt":"2022-04-04T15:21:28","slug":"porte-manteau-mural-bois-et-metal-4-crochets-le-jardin","status":"publish","type":"product","link":"https:\/\/roulettes.vaniseo.top\/index.php\/produit\/porte-manteau-mural-bois-et-metal-4-crochets-le-jardin\/","title":{"rendered":"Porte manteau mural bois et metal 4 crochets Le Jardin"},"content":{"rendered":"<h3>Porte manteaux bois blanc et 4 crochets m\u00e9tal noir<\/h3>\n<p>_x000D_n<strong>1001 Pat\u00e8res<\/strong> vous propose de d\u00e9couvrir des informations inspirantes concernant le <strong>porte manteau mural bois et metal<\/strong> \u00e0 <strong>4 crochets LE JARDIN<\/strong>. En effet, nous vous d\u00e9voilions ci-dessous l&rsquo;ensemble des <strong>donn\u00e9es techniques<\/strong> et des <strong>astuces d\u00e9coratives<\/strong> sp\u00e9cifiques \u00e0 ce produit._x000D_n_x000D_nMais tout d&rsquo;abord, revenons rapidement sur <strong>1001 Pat\u00e8res<\/strong>. Cette boutique en ligne est aujourd&rsquo;hui la <strong>n\u00b01 en France<\/strong> de la vente de pat\u00e8res et porte manteaux. Avec elle, d\u00e9couvrez de nombreuses marques de <strong>designers internationaux<\/strong> proposant des solutions qui <strong>d\u00e9corent et rangent \u00e0 la fois<\/strong>, le tout dans un <strong>rapport qualit\u00e9 prix excellent<\/strong>. C&rsquo;est la promesse 1001 Pat\u00e8res sur chacun de ses produits \u00e0 la vente!_x000D_n_x000D_n&nbsp;_x000D_n<\/p>\n<h3>Porte manteau mural bois et metal 4 crochets Le Jardin<\/h3>\n<p>_x000D_nAinsi, ce porte manteaux est en <strong>bois blanc<\/strong>. Il est entour\u00e9 d&rsquo;une <strong>structure m\u00e9tallique noir<\/strong> qui s&rsquo;\u00e9tend dans sa partie inf\u00e9rieure en <strong>4 crochets simples<\/strong>. De la marque <a href=\"https:\/\/1001pateres.com\/brand\/1001pateres\/\"><strong>1001 Pat\u00e8res<\/strong><\/a>, vous n&rsquo;aurez aucun mal \u00e0 lui trouver une place pour sublimer son <strong>design \u00e0 la fois minimaliste et moderne<\/strong>._x000D_n_x000D_nNos clients aiment essentiellement l&rsquo;utiliser dans leur <strong>cellier<\/strong>, leur <strong>garage<\/strong>, leur <strong>buanderie<\/strong>, et sous leur serre. Il est vrai qu&rsquo;avec l&rsquo;inscription <em>Le Jardin<\/em> sur le bois blanc, il tend \u00e0 \u00eatre utiliser comme v\u00e9ritable <strong>outil de rangement pour le jardin<\/strong>._x000D_n_x000D_n&nbsp;_x000D_n<\/p>\n<h3>Installation d&rsquo;une pat\u00e8re \u00e0 4 crochets bois et m\u00e9tal<\/h3>\n<p>_x000D_nEnfin, pour son <strong>installation<\/strong>: rien de plus simple! Son\u00a0<strong>syst\u00e8me d&rsquo;accrochage<\/strong> est simple avec deux attaches visibles une fois pos\u00e9e sur le mur. <span style=\"line-height: 1.5\">La pat\u00e8re 4 crochets LE JARDIN blanche se fixe donc au mur avec <strong>2 attaches non fournies<\/strong>. Sa pose n\u00e9cessite l&rsquo;usage d&rsquo;une <strong>perceuse<\/strong>. Voici ses <strong>dimensions<\/strong>:<\/span>_x000D_n<\/p>\n<ul>_x000D_n \t<\/p>\n<li>La structure m\u00e9tallique: 29 cm X 3 cm<\/li>\n<p>_x000D_n \t<\/p>\n<li>Hauteur maxi 8,5 cm,<\/li>\n<p>_x000D_n \t<\/p>\n<li>Ecartement du mur: 3,5 cm<\/li>\n<p>_x000D_n<\/ul>\n<p>_x000D_nVous l&rsquo;aurez compris, ce porte manteau est\u00a0<strong>original<\/strong> et <strong>de belle qualit\u00e9<\/strong>. En bois blanc pour le support et en m\u00e9tal noir pour les crochets simples, il deviendra vite un indispensable!<\/p>\n","protected":false},"excerpt":{"rendered":"<p>Ce porte-manteaux <strong>LE JARDIN<\/strong>\u00a0comportant 4 pat\u00e8res de la marque <em><strong>1001pateres<\/strong><\/em> est en bois blanc et m\u00e9tal noir. Il est \u00e0 poser dans l&rsquo;entr\u00e9e pour ne plus voir trainer ses affaires. Son\u00a0syst\u00e8me d&rsquo;accrochage est simple avec deux attaches visible une fois pos\u00e9e sur le mur. Il\u00a0est original et de belle qualit\u00e9 en bois blanc pour le support et en m\u00e9tal noir pour les crochets simple pat\u00e8res qui peuvent servir de vestiaires.<\/p>\n","protected":false},"featured_media":2009,"comment_status":"closed","ping_status":"open","template":"","meta":[],"product_cat":[32,30],"product_tag":[25],"class_list":["post-496","product","type-product","status-publish","has-post-thumbnail","hentry","product_cat-entree-sejour","product_cat-garage-cellier","product_tag-crochet-patere-patere-design-patere-murale-patere-porte-pateres-porte-manteau-porte-serviette-porte-torchon-vestiaire","description-off"],"_links":{"self":[{"href":"https:\/\/roulettes.vaniseo.top\/index.php\/wp-json\/wp\/v2\/product\/496","targetHints":{"allow":["GET"]}}],"collection":[{"href":"https:\/\/roulettes.vaniseo.top\/index.php\/wp-json\/wp\/v2\/product"}],"about":[{"href":"https:\/\/roulettes.vaniseo.top\/index.php\/wp-json\/wp\/v2\/types\/product"}],"replies":[{"embeddable":true,"href":"https:\/\/roulettes.vaniseo.top\/index.php\/wp-json\/wp\/v2\/comments?post=496"}],"version-history":[{"count":0,"href":"https:\/\/roulettes.vaniseo.top\/index.php\/wp-json\/wp\/v2\/product\/496\/revisions"}],"wp:featuredmedia":[{"embeddable":true,"href":"https:\/\/roulettes.vaniseo.top\/index.php\/wp-json\/wp\/v2\/media\/2009"}],"wp:attachment":[{"href":"https:\/\/roulettes.vaniseo.top\/index.php\/wp-json\/wp\/v2\/media?parent=496"}],"wp:term":[{"taxonomy":"product_cat","embeddable":true,"href":"https:\/\/roulettes.vaniseo.top\/index.php\/wp-json\/wp\/v2\/product_cat?post=496"},{"taxonomy":"product_tag","embeddable":true,"href":"https:\/\/roulettes.vaniseo.top\/index.php\/wp-json\/wp\/v2\/product_tag?post=496"}],"curies":[{"name":"wp","href":"https:\/\/api.w.org\/{rel}","templated":true}]}}