{"id":497,"date":"2022-04-04T16:21:55","date_gmt":"2022-04-04T14:21:55","guid":{"rendered":"https:\/\/roulettes.vaniseo.top\/index.php\/produit\/patere-crochet-metal-vieilli\/"},"modified":"2022-04-04T17:21:29","modified_gmt":"2022-04-04T15:21:29","slug":"patere-crochet-metal-vieilli","status":"publish","type":"product","link":"https:\/\/roulettes.vaniseo.top\/index.php\/produit\/patere-crochet-metal-vieilli\/","title":{"rendered":"Patere crochet metal vieilli"},"content":{"rendered":"<h3>Crochet simple aspect vieilli petit mod\u00e8le<\/h3>\n<p>_x000D_n1001 Pat\u00e8res vous propose \u00e0 la vente cette jolie <strong>patere crochet en metal vieilli<\/strong>. D\u00e9couvrez ci dessous l&rsquo;ensemble de ses <strong>informations techniques<\/strong> et nos meilleurs <strong>conseils d&rsquo;installation<\/strong>._x000D_n_x000D_n&nbsp;_x000D_n_x000D_nTout d&rsquo;abord, ce\u00a0<strong>crochet simple<\/strong>\u00a0est en m\u00e9tal <em><strong>vieilli<\/strong><\/em>. 1001 Pat\u00e8res vous conseille de vous en\u00a0servir <strong>comme porte torchon ou porte gant<\/strong>. Il est \u00e9galement possible de <strong>le fixer sur un support en bois<\/strong> pour suspendre ensuite vos <strong>clefs<\/strong> ou vos <strong>bijoux<\/strong> par exemple._x000D_n_x000D_nVous comprendrez donc qu&rsquo;avec ses possibilit\u00e9s, il ne peut pas soutenir d&rsquo;\u00e9l\u00e9ments trop lourds. Consid\u00e9rez sa<strong> r\u00e9sistance \u00e0 un maximum d&rsquo;un\u00a0kilogramme environ<\/strong>._x000D_n_x000D_nCependant valorisez et jouez avec son style <strong>vintage<\/strong> et sa forme <strong>pratique<\/strong> pour <strong>optimiser le rangement<\/strong> de votre maison, de votre <a href=\"https:\/\/1001pateres.com\/univers\/garage\">garage<\/a>, de votre buanderie. Discret, et \u00e0 la forme \u00e9pur\u00e9e, il peut vite devenir un indispensable passe partout, m\u00eame au <a href=\"https:\/\/1001pateres.com\/univers\/entreprise\">bureau<\/a>._x000D_n_x000D_n&nbsp;_x000D_n<\/p>\n<h3>Installation de la patere crochet metal vieilli<\/h3>\n<p>_x000D_nCe petit mod\u00e8le de patere crochet est en <strong>zinc vieilli<\/strong>. Ainsi, pour son installation, 1001 Pat\u00e8res inclut avec cette r\u00e9f\u00e9rence, une vis en m\u00e9tal vieilli. Il vous suffira de vous munir d&rsquo;un tournevis pour l&rsquo;accrocher o\u00f9 bon vous semble._x000D_n_x000D_nBien que ses dimensions ne devraient pas poser de probl\u00e8mes, nous avons pens\u00e9 qu&rsquo;elles pourraient toutefois \u00eatre int\u00e9ressantes. En effet, dans le cas o\u00f9 vous souhaiterez en installer plusieurs sur un support sp\u00e9cifique pour fabriquer vous-m\u00eame votre boite \u00e0 cl\u00e9 par exemple&#8230; Il vous faudra veiller \u00e0 la bonne quantit\u00e9 pour la bonne surface!_x000D_n<\/p>\n<h4>Dimensions patere crochet metal vieilli<\/h4>\n<p>_x000D_n<\/p>\n<ul>_x000D_n \t<\/p>\n<li>La patere \u00e0 crochet simple vintage en zinc: 2 cm X 0,6 cm<\/li>\n<p>_x000D_n \t<\/p>\n<li>Ecartement maxi 2,1 cm<\/li>\n<p>_x000D_n \t<\/p>\n<li>Vis de 1 cm<\/li>\n<p>_x000D_n<\/ul>\n<p>_x000D_nN&rsquo;h\u00e9sitez pas \u00e0 nous contacter via la page Contact pour nous livrer l&rsquo;ensemble de vos questions et besoins. Nous nous ferons un plaisir de vous lire. Nous pourrons m\u00eame vous conseiller professionnellement et gratuitement selon vos recherches sp\u00e9cifiques.<\/p>\n","protected":false},"excerpt":{"rendered":"<p>Jolie pat\u00e8re <strong>crochet simple<\/strong> m\u00e9tal vieilli. Ce crochet petit mod\u00e8le qui peut servir de porte torchon, porte gant et peux se fixer sur un support en bois pour servir de porte clefs ou porte bijoux. Il est design et \u00e9pur\u00e9 avec une forme pratique et permet de poser de petits objets du type de bijoux ou de torchons. Bien fix\u00e9, il permet de supporter un poids d&rsquo;environ 0,5 kg.<\/p>\n","protected":false},"featured_media":2010,"comment_status":"closed","ping_status":"open","template":"","meta":[],"product_cat":[29,20],"product_tag":[26],"class_list":["post-497","product","type-product","status-publish","has-post-thumbnail","hentry","product_cat-chambre-adulte","product_cat-cuisine","product_tag-crochet-patere-patere-design-patere-murale-patere-porte-pateres-porte-serviette-porte-torchon","description-off"],"_links":{"self":[{"href":"https:\/\/roulettes.vaniseo.top\/index.php\/wp-json\/wp\/v2\/product\/497","targetHints":{"allow":["GET"]}}],"collection":[{"href":"https:\/\/roulettes.vaniseo.top\/index.php\/wp-json\/wp\/v2\/product"}],"about":[{"href":"https:\/\/roulettes.vaniseo.top\/index.php\/wp-json\/wp\/v2\/types\/product"}],"replies":[{"embeddable":true,"href":"https:\/\/roulettes.vaniseo.top\/index.php\/wp-json\/wp\/v2\/comments?post=497"}],"version-history":[{"count":0,"href":"https:\/\/roulettes.vaniseo.top\/index.php\/wp-json\/wp\/v2\/product\/497\/revisions"}],"wp:featuredmedia":[{"embeddable":true,"href":"https:\/\/roulettes.vaniseo.top\/index.php\/wp-json\/wp\/v2\/media\/2010"}],"wp:attachment":[{"href":"https:\/\/roulettes.vaniseo.top\/index.php\/wp-json\/wp\/v2\/media?parent=497"}],"wp:term":[{"taxonomy":"product_cat","embeddable":true,"href":"https:\/\/roulettes.vaniseo.top\/index.php\/wp-json\/wp\/v2\/product_cat?post=497"},{"taxonomy":"product_tag","embeddable":true,"href":"https:\/\/roulettes.vaniseo.top\/index.php\/wp-json\/wp\/v2\/product_tag?post=497"}],"curies":[{"name":"wp","href":"https:\/\/api.w.org\/{rel}","templated":true}]}}